{"id":694285,"date":"2024-08-16T23:19:01","date_gmt":"2024-08-16T20:19:01","guid":{"rendered":"https:\/\/nbg.eu\/product\/sear-pin-kmr\/"},"modified":"2026-05-13T15:11:28","modified_gmt":"2026-05-13T12:11:28","slug":"sear-pin-kmr","status":"publish","type":"product","link":"https:\/\/nbg.eu\/ro\/produs\/sear-pin-kmr\/","title":{"rendered":"KMR Pin Clichet"},"content":{"rendered":"<h2>\u0218tift de deconectare pentru pistolele KMR: punct pivot de precizie pentru consisten\u021ba tr\u0103gaciului<\/h2>\n<p>\u0218tiftul de deconectare pentru pistolele KMR este o component\u0103 esen\u021bial\u0103 care asigur\u0103 fiabilitatea \u0219i consisten\u021ba mecanismului tr\u0103gaciului armei de foc. Fabricat din o\u021bel unealt\u0103 \u00eend\u0103rit m\u0103cinat cu precizie, aceast\u0103 pies\u0103 este fabricat\u0103 conform toleran\u021belor stricte ale uzinei KMR, oferind o rezisten\u021b\u0103 excep\u021bional\u0103 la uzur\u0103 \u0219i o performan\u021b\u0103 lin\u0103 \u0219i fiabil\u0103.<\/p>\n<p>\u00cen centrul mecanismului de deconectare, \u0218tiftul de deconectare ac\u021bioneaz\u0103 ca axa pivotant\u0103, permi\u021b\u00e2nd deconectorului s\u0103 se mi\u015fte cu precizie \u0219i \u00een mod consecvent. Suprafa\u021ba ultra-lin\u0103 \u015fi diametrul exact al acestei componente sunt vitale pentru men\u021binerea unei ruperi a tr\u0103gaciului cristaline \u0219i predictibile \u0219i a unei reset\u0103ri fiabile \u00een pistoalele de competi\u021bie KMR.<\/p>\n<p>Prin asigurarea unui punct pivot stabil \u0219i de \u00eenalt\u0103 precizie, \u0218tiftul de deconectare contribuie la eliminarea inconsecven\u021belor tr\u0103gaciului care pot afecta acurate\u021bea \u0219i performan\u021ba. Fie c\u0103 sunte\u021bi angajat \u00een trageri de competi\u021bie sau v\u0103 baza\u021bi pe pistolul KMR pentru ap\u0103rarea personal\u0103, aceast\u0103 pies\u0103 esen\u021bial\u0103 contribuie la asigurarea unei trageri a tr\u0103gaciului consecvente \u0219i fiabile de fiecare dat\u0103.<\/p>\n<p>\u00cembun\u0103t\u0103\u021be\u0219te-\u021bi pistolul KMR cu \u0218tiftul de deconectare \u0219i experimenteaz\u0103 diferen\u021ba pe care o poate face ingineria de precizie. Ridic\u0103-\u021bi nivelul de tragere cu aceast\u0103 component\u0103 esen\u021bial\u0103 conceput\u0103 pentru a oferi performan\u021ba maxim\u0103 a tr\u0103gaciului.<\/p>\n","protected":false},"excerpt":{"rendered":"<p>Punct de pivotare de precizie pentru asigurarea unei trageri constante a m\u00e2nerului KMR.<\/p>\n","protected":false},"featured_media":23810,"template":"","meta":{"_acf_changed":false},"product_brand":[11498],"product_cat":[12745],"product_tag":[],"class_list":{"0":"post-694285","1":"product","2":"type-product","3":"status-publish","4":"has-post-thumbnail","6":"product_brand-kmr-precision","7":"product_cat-piese-kmr","9":"first","10":"instock","11":"taxable","12":"shipping-taxable","13":"product-type-simple"},"acf":[],"_links":{"self":[{"href":"https:\/\/nbg.eu\/ro\/wp-json\/wp\/v2\/product\/694285","targetHints":{"allow":["GET"]}}],"collection":[{"href":"https:\/\/nbg.eu\/ro\/wp-json\/wp\/v2\/product"}],"about":[{"href":"https:\/\/nbg.eu\/ro\/wp-json\/wp\/v2\/types\/product"}],"wp:featuredmedia":[{"embeddable":true,"href":"https:\/\/nbg.eu\/ro\/wp-json\/wp\/v2\/media\/23810"}],"wp:attachment":[{"href":"https:\/\/nbg.eu\/ro\/wp-json\/wp\/v2\/media?parent=694285"}],"wp:term":[{"taxonomy":"product_brand","embeddable":true,"href":"https:\/\/nbg.eu\/ro\/wp-json\/wp\/v2\/product_brand?post=694285"},{"taxonomy":"product_cat","embeddable":true,"href":"https:\/\/nbg.eu\/ro\/wp-json\/wp\/v2\/product_cat?post=694285"},{"taxonomy":"product_tag","embeddable":true,"href":"https:\/\/nbg.eu\/ro\/wp-json\/wp\/v2\/product_tag?post=694285"}],"curies":[{"name":"wp","href":"https:\/\/api.w.org\/{rel}","templated":true}]}}