{"id":694411,"date":"2024-09-16T14:42:04","date_gmt":"2024-09-16T11:42:04","guid":{"rendered":"https:\/\/nbg.eu\/product\/slide-stop-kmr-s\/"},"modified":"2026-05-13T16:02:57","modified_gmt":"2026-05-13T13:02:57","slug":"slide-stop-kmr-s","status":"publish","type":"product","link":"https:\/\/nbg.eu\/ro\/produs\/slide-stop-kmr-s\/","title":{"rendered":"KMR Opritor Culis\u0103 S"},"content":{"rendered":"<h2>SLIDE STOP S &#8211; Caracteristica esen\u021bial\u0103 de siguran\u021b\u0103 pentru arma ta<\/h2>\n<p>SLIDE STOP S este un component crucial pentru arma ta, proiectat pentru a \u00eembun\u0103t\u0103\u021bi siguran\u021ba \u0219i func\u021bionalitatea. Atunci c\u00e2nd \u00eenc\u0103rc\u0103torul este gol, elementul de prindere al gloan\u021belor se blocheaz\u0103 automat \u00een pozi\u021bia din spate, semnal\u00e2nd clar tr\u0103g\u0103torului c\u0103 trebuie \u00eenc\u0103rcat un nou \u00eenc\u0103rc\u0103tor.<\/p>\n<p>Aceast\u0103 caracteristic\u0103 permite o re\u00eenc\u0103rcare facil\u0103, deoarece tr\u0103g\u0103torul poate pur \u0219i simplu ap\u0103sa elementul de prindere a gloan\u021belor pentru a elibera glisorul \u0219i a \u00eenc\u0103rca primul cartu\u0219 \u00een camera de tragere. SLIDE STOP S serve\u0219te drept mecanism de siguran\u021b\u0103, prevenind desc\u0103rcarea accidental\u0103 p\u00e2n\u0103 c\u00e2nd \u00eenc\u0103rc\u0103torul este introdus corect \u0219i arma este preg\u0103tit\u0103 pentru utilizare.<\/p>\n<p>Compatibil cu urm\u0103toarele modele de arme:<\/p>\n<p> KMR S-01 LANCE (OR)<\/p>\n<\/p>\n<p>KMR S-02 75 (OR) SR ADA,<\/p>\n<p> KMR S-02 DE LA 2024,<\/p>\n<p> KMR S-02 SH1 (OR) SR ADA, <\/p>\n<p> KMR S-02 P\u00c2N\u0102 \u00ceN 2023.<\/p>\n<\/p>\n<p> Referin\u021ba produsului: 1110-01503-0400.<\/p>\n","protected":false},"excerpt":{"rendered":"<p>\u00cencuietoarea glisant\u0103 \u00een pozi\u021bia din spate, indic\u00e2nd un \u00eenc\u0103rc\u0103tor gol. Permite \u00eenc\u0103rcarea de muni\u021bie nou\u0103. Caracteristic\u0103 de siguran\u021b\u0103 care \u00eempiedic\u0103 desc\u0103rcarea accidental\u0103.<\/p>\n","protected":false},"featured_media":25899,"template":"","meta":{"_acf_changed":false},"product_brand":[11498],"product_cat":[12745],"product_tag":[],"class_list":{"0":"post-694411","1":"product","2":"type-product","3":"status-publish","4":"has-post-thumbnail","6":"product_brand-kmr-precision","7":"product_cat-piese-kmr","9":"first","10":"instock","11":"taxable","12":"shipping-taxable","13":"product-type-simple"},"acf":[],"_links":{"self":[{"href":"https:\/\/nbg.eu\/ro\/wp-json\/wp\/v2\/product\/694411","targetHints":{"allow":["GET"]}}],"collection":[{"href":"https:\/\/nbg.eu\/ro\/wp-json\/wp\/v2\/product"}],"about":[{"href":"https:\/\/nbg.eu\/ro\/wp-json\/wp\/v2\/types\/product"}],"wp:featuredmedia":[{"embeddable":true,"href":"https:\/\/nbg.eu\/ro\/wp-json\/wp\/v2\/media\/25899"}],"wp:attachment":[{"href":"https:\/\/nbg.eu\/ro\/wp-json\/wp\/v2\/media?parent=694411"}],"wp:term":[{"taxonomy":"product_brand","embeddable":true,"href":"https:\/\/nbg.eu\/ro\/wp-json\/wp\/v2\/product_brand?post=694411"},{"taxonomy":"product_cat","embeddable":true,"href":"https:\/\/nbg.eu\/ro\/wp-json\/wp\/v2\/product_cat?post=694411"},{"taxonomy":"product_tag","embeddable":true,"href":"https:\/\/nbg.eu\/ro\/wp-json\/wp\/v2\/product_tag?post=694411"}],"curies":[{"name":"wp","href":"https:\/\/api.w.org\/{rel}","templated":true}]}}