{"id":694468,"date":"2024-09-16T14:36:57","date_gmt":"2024-09-16T11:36:57","guid":{"rendered":"https:\/\/nbg.eu\/product\/slide-stop-27-kmr\/"},"modified":"2026-02-02T18:40:58","modified_gmt":"2026-02-02T15:40:58","slug":"slide-stop-27-kmr","status":"publish","type":"product","link":"https:\/\/nbg.eu\/ro\/produs\/slide-stop-27-kmr\/","title":{"rendered":"OPRIRE GLISARE 27 KMR"},"content":{"rendered":"<h2>SLIDE STOP 27 KMR &#8211; Indicator de siguran\u021b\u0103 \u0219i re\u00eenc\u0103rcare fiabil pentru arme de foc<\/h2>\n<p>SLIDE STOP 27 KMR este o caracteristic\u0103 esen\u021bial\u0103 care \u00eembun\u0103t\u0103\u021be\u0219te siguran\u021ba \u0219i func\u021bionalitatea armei de foc. C\u00e2nd \u00eenc\u0103rc\u0103torul este gol, dispozitivul de blocare a culisei blocheaz\u0103 automat culisa \u00een pozi\u021bia din spate, oferind o indica\u021bie vizual\u0103 clar\u0103 c\u0103 \u00eenc\u0103rc\u0103torul trebuie \u00eenlocuit.<\/p>\n<p>Aceast\u0103 caracteristic\u0103 permite o re\u00eenc\u0103rcare lin\u0103, deoarece tr\u0103g\u0103torul poate ap\u0103sa pur \u0219i simplu dispozitivul de blocare a culisei pentru a elibera culisa \u0219i a \u00eenc\u0103rca primul cartu\u0219 \u00een camer\u0103 odat\u0103 ce un nou \u00eenc\u0103rc\u0103tor este introdus. SLIDE STOP 27 KMR func\u021bioneaz\u0103 ca un mecanism de siguran\u021b\u0103 fiabil, prevenind desc\u0103rcarea accidental\u0103 p\u00e2n\u0103 c\u00e2nd \u00eenc\u0103rc\u0103torul este bine fixat \u0219i arma este gata de utilizare.<\/p>\n<p>Fabricat cu precizie \u0219i aten\u021bie la detalii, SLIDE STOP 27 KMR este o ad\u0103ugare valoroas\u0103 oric\u0103rei arme de foc, asigur\u00e2nd o experien\u021b\u0103 de tragere mai sigur\u0103 \u0219i mai eficient\u0103. Fie c\u0103 sunte\u021bi un tr\u0103g\u0103tor experimentat sau un \u00eencep\u0103tor, aceast\u0103 caracteristic\u0103 v\u0103 va oferi lini\u0219tea \u0219i \u00eencrederea de care ave\u021bi nevoie la poligon sau \u00een teren.<\/p>\n<p>Pentru arme KMR<br \/>\nKMR L-02 SPECTRA P\u00c2N\u0102 \u00ceN 2023<br \/>\nKMR W-02 CUDA (OR)<br \/>\nKMR W-02 UMBRA<br \/>\nKMR W-02 UMBRA (OR)<\/p>\n","protected":false},"excerpt":{"rendered":"<p>Caracteristica de blocare a glisierului blocheaz\u0103 automat glisiera c\u00e2nd magazinul este gol, permite \u00eenc\u0103rcarea de muni\u021bie nou\u0103 \u0219i previne desc\u0103rcarea accidental\u0103.<\/p>\n","protected":false},"featured_media":25876,"template":"","meta":{"_acf_changed":false},"product_brand":[11498],"product_cat":[12745],"product_tag":[],"class_list":{"0":"post-694468","1":"product","2":"type-product","3":"status-publish","4":"has-post-thumbnail","6":"product_brand-kmr-precision","7":"product_cat-piese-kmr","9":"first","10":"instock","11":"taxable","12":"shipping-taxable","13":"product-type-simple"},"acf":[],"_links":{"self":[{"href":"https:\/\/nbg.eu\/ro\/wp-json\/wp\/v2\/product\/694468","targetHints":{"allow":["GET"]}}],"collection":[{"href":"https:\/\/nbg.eu\/ro\/wp-json\/wp\/v2\/product"}],"about":[{"href":"https:\/\/nbg.eu\/ro\/wp-json\/wp\/v2\/types\/product"}],"wp:featuredmedia":[{"embeddable":true,"href":"https:\/\/nbg.eu\/ro\/wp-json\/wp\/v2\/media\/25876"}],"wp:attachment":[{"href":"https:\/\/nbg.eu\/ro\/wp-json\/wp\/v2\/media?parent=694468"}],"wp:term":[{"taxonomy":"product_brand","embeddable":true,"href":"https:\/\/nbg.eu\/ro\/wp-json\/wp\/v2\/product_brand?post=694468"},{"taxonomy":"product_cat","embeddable":true,"href":"https:\/\/nbg.eu\/ro\/wp-json\/wp\/v2\/product_cat?post=694468"},{"taxonomy":"product_tag","embeddable":true,"href":"https:\/\/nbg.eu\/ro\/wp-json\/wp\/v2\/product_tag?post=694468"}],"curies":[{"name":"wp","href":"https:\/\/api.w.org\/{rel}","templated":true}]}}