{"id":694471,"date":"2024-09-17T22:47:08","date_gmt":"2024-09-17T19:47:08","guid":{"rendered":"https:\/\/nbg.eu\/product\/slide-stop-spring-22-lr-kmr\/"},"modified":"2026-02-13T18:49:51","modified_gmt":"2026-02-13T15:49:51","slug":"slide-stop-spring-22-lr-kmr","status":"publish","type":"product","link":"https:\/\/nbg.eu\/ro\/produs\/slide-stop-spring-22-lr-kmr\/","title":{"rendered":"resortul de oprire a culis\u0103rii 22 LR KMR"},"content":{"rendered":"<h2>SLIDE STOP SPRING 22 LR KMR pentru Arme KMR<\/h2>\n<p>Proiectat pentru utilizare cu seria de arme KMR, SLIDE STOP SPRING 22 LR KMR este un accesoriu durabil \u0219i fiabil care asigur\u0103 o func\u021bionare lin\u0103 \u0219i o func\u021bionalitate \u00eembun\u0103t\u0103\u021bit\u0103.<\/p>\n<p>Realizat cu precizie \u0219i aten\u021bie la detalii, SLIDE STOP SPRING 22 LR KMR asigur\u0103 performan\u021be fiabile \u0219i o durat\u0103 de via\u021b\u0103 extins\u0103, f\u0103c\u00e2ndu-l o component\u0103 esen\u021bial\u0103 pentru pasiona\u021bii \u0219i profesioni\u0219tii armelor KMR. Aceast\u0103 arcad\u0103 este compatibil\u0103 cu toate modelele KMR p\u00e2n\u0103 \u00een 2023, oferind o solu\u021bie durabil\u0103 pentru \u00eentre\u021binerea \u0219i modernizarea armei dvs.<\/p>\n<p>Pentru Arme KMR<\/p>\n<p>KMR S-01 LANCE (OR)<\/p>\n<p>KMR S-02 10 (OR) SR ADA<\/p>\n<p>KMR S-02 75 (OR) SR ADA<\/p>\n<p>KMR S-02 SH1 (OR) SR ADA<\/p>\n<p>KMR S-02 SH2 (OR) SR ADA<\/p>\n<p>KMR S-02 TS (OR) SR ADA<\/p>\n<p>KMR S-02 P\u00c2N\u0102 \u00ceN 2023<\/p>\n","protected":false},"excerpt":{"rendered":"<p>Arc de oprire glisant de \u00eenlocuire pentru armele KMR.<\/p>\n","protected":false},"featured_media":24907,"template":"","meta":{"_acf_changed":false},"product_brand":[11498],"product_cat":[12763,12745],"product_tag":[],"class_list":{"0":"post-694471","1":"product","2":"type-product","3":"status-publish","4":"has-post-thumbnail","6":"product_brand-kmr-precision","7":"product_cat-arcuri","8":"product_cat-piese-kmr","10":"first","11":"instock","12":"taxable","13":"shipping-taxable","14":"product-type-simple"},"acf":[],"_links":{"self":[{"href":"https:\/\/nbg.eu\/ro\/wp-json\/wp\/v2\/product\/694471","targetHints":{"allow":["GET"]}}],"collection":[{"href":"https:\/\/nbg.eu\/ro\/wp-json\/wp\/v2\/product"}],"about":[{"href":"https:\/\/nbg.eu\/ro\/wp-json\/wp\/v2\/types\/product"}],"wp:featuredmedia":[{"embeddable":true,"href":"https:\/\/nbg.eu\/ro\/wp-json\/wp\/v2\/media\/24907"}],"wp:attachment":[{"href":"https:\/\/nbg.eu\/ro\/wp-json\/wp\/v2\/media?parent=694471"}],"wp:term":[{"taxonomy":"product_brand","embeddable":true,"href":"https:\/\/nbg.eu\/ro\/wp-json\/wp\/v2\/product_brand?post=694471"},{"taxonomy":"product_cat","embeddable":true,"href":"https:\/\/nbg.eu\/ro\/wp-json\/wp\/v2\/product_cat?post=694471"},{"taxonomy":"product_tag","embeddable":true,"href":"https:\/\/nbg.eu\/ro\/wp-json\/wp\/v2\/product_tag?post=694471"}],"curies":[{"name":"wp","href":"https:\/\/api.w.org\/{rel}","templated":true}]}}