{"id":694522,"date":"2024-08-18T12:10:35","date_gmt":"2024-08-18T09:10:35","guid":{"rendered":"https:\/\/nbg.eu\/product\/slide-stop-26-recessed-kmr\/"},"modified":"2026-05-13T16:02:08","modified_gmt":"2026-05-13T13:02:08","slug":"slide-stop-26-recessed-kmr","status":"publish","type":"product","link":"https:\/\/nbg.eu\/ro\/produs\/slide-stop-26-recessed-kmr\/","title":{"rendered":"KMR Opritor Culis\u0103 26 \u00cencastrat"},"content":{"rendered":"<h2>SLIDE STOP 26 RECESSED KMR<\/h2>\n<p>Opririle culisantului sunt concepute pentru a fi usor de ajuns si usor de utilizat in timpul tragerii si al schimbarii incarcatorului.<\/p>\n<p>Utilizat pentru a fixa culisantul in pozitia din spate, de obicei dupa ce incarcatorul a fost golit. Aceasta caracteristica este inclusa in majoritatea pistoalelor automate moderne.<\/p>\n<p>Blocarea culisantului in pozitia din spate &#8211; cand incarcatorul este gol, prinderea culisantului blocheaza automat culisantul in pozitia din spate, semnal\u00e2nd tr\u0103g\u0103torului ca incarcatorul trebuie inlocuit.<\/p>\n<p>Permiterea incarcarii de munitie noua &#8211; odata ce un incarcator nou este incarcat, tr\u0103g\u0103torul va ap\u0103sa de obicei prinderea glontelui, permitand glontelui s\u0103 avanseze pentru a \u00eenc\u0103rca primul glont \u00een camera.<\/p>\n<p>Caracteristic\u0103 de siguran\u021b\u0103 &#8211; Oprirea culisantului poate fi, de asemenea, o caracteristic\u0103 de siguran\u021b\u0103 care \u00eempiedic\u0103 desc\u0103rcarea accidental\u0103 p\u00e2n\u0103 c\u00e2nd \u00eenc\u0103rc\u0103torul este introdus corect \u0219i arma este gata de utilizare.<\/p>\n<p>Pentru Arme KMR<br \/>KMR L-02 UMBRA P\u00c2N\u0102 \u00ceN 2023<\/p>\n","protected":false},"excerpt":{"rendered":"<p>SLIDE STOP 26 RECESSED KMR este un dispozitiv de blocare a culis\u0103rii convenabil \u0219i sigur, conceput pentru pistoalele automate moderne, care faciliteaz\u0103 schimbarea \u00eenc\u0103rc\u0103toarelor \u0219i asigur\u0103 o func\u021bionare \u00een siguran\u021b\u0103.<\/p>\n","protected":false},"featured_media":25853,"template":"","meta":{"_acf_changed":false},"product_brand":[11498],"product_cat":[12745],"product_tag":[],"class_list":{"0":"post-694522","1":"product","2":"type-product","3":"status-publish","4":"has-post-thumbnail","6":"product_brand-kmr-precision","7":"product_cat-piese-kmr","9":"first","10":"instock","11":"taxable","12":"shipping-taxable","13":"product-type-simple"},"acf":[],"_links":{"self":[{"href":"https:\/\/nbg.eu\/ro\/wp-json\/wp\/v2\/product\/694522","targetHints":{"allow":["GET"]}}],"collection":[{"href":"https:\/\/nbg.eu\/ro\/wp-json\/wp\/v2\/product"}],"about":[{"href":"https:\/\/nbg.eu\/ro\/wp-json\/wp\/v2\/types\/product"}],"wp:featuredmedia":[{"embeddable":true,"href":"https:\/\/nbg.eu\/ro\/wp-json\/wp\/v2\/media\/25853"}],"wp:attachment":[{"href":"https:\/\/nbg.eu\/ro\/wp-json\/wp\/v2\/media?parent=694522"}],"wp:term":[{"taxonomy":"product_brand","embeddable":true,"href":"https:\/\/nbg.eu\/ro\/wp-json\/wp\/v2\/product_brand?post=694522"},{"taxonomy":"product_cat","embeddable":true,"href":"https:\/\/nbg.eu\/ro\/wp-json\/wp\/v2\/product_cat?post=694522"},{"taxonomy":"product_tag","embeddable":true,"href":"https:\/\/nbg.eu\/ro\/wp-json\/wp\/v2\/product_tag?post=694522"}],"curies":[{"name":"wp","href":"https:\/\/api.w.org\/{rel}","templated":true}]}}