{"id":694584,"date":"2024-08-17T18:04:38","date_gmt":"2024-08-17T15:04:38","guid":{"rendered":"https:\/\/nbg.eu\/product\/slide-stop-spring-kmr\/"},"modified":"2026-05-13T15:09:55","modified_gmt":"2026-05-13T12:09:55","slug":"slide-stop-spring-kmr","status":"publish","type":"product","link":"https:\/\/nbg.eu\/ro\/produs\/slide-stop-spring-kmr\/","title":{"rendered":"KMR Arc Opritor Culis\u0103"},"content":{"rendered":"<h2>Arcul de blocare a glis\u0103rii KMR<\/h2>\n<p>Acest arc este o component\u0103 vital\u0103 pentru o gam\u0103 larg\u0103 de sisteme de arme din gama KMR. Proiectat s\u0103 ofere o performan\u021b\u0103 fiabil\u0103 \u0219i constant\u0103<\/p>\n<p>Realizat cu precizie \u0219i aten\u021bie la detalii, acest arc asigur\u0103 o func\u021bionare lin\u0103 \u0219i fiabil\u0103, contribuind la performan\u021ba \u0219i fiabilitatea general\u0103 a sistemului dvs. de arm\u0103. Construc\u021bia sa durabil\u0103 \u0219i ingineria precis\u0103 \u00eel fac o component\u0103 esen\u021bial\u0103 pentru men\u021binerea integrit\u0103\u021bii \u0219i func\u021bionalit\u0103\u021bii armelor compatibile KMR.<\/p>\n<p>Acest arc este un accesoriu esen\u021bial pentru a v\u0103 men\u021bine arma KMR la cel mai bun nivel de performan\u021b\u0103. Investi\u021bi \u00een aceast\u0103 component\u0103 de \u00eenalt\u0103 calitate pentru a v\u0103 asigura fiabilitatea continu\u0103 \u0219i func\u021bionarea lin\u0103 a armei dvs.<\/p>\n<\/p>\n<p>Pentru arme KMR:<\/p>\n<\/p>\n<p>KMR L-02 EMIQ<\/p>\n<\/p>\n<p>KMR L-02 EMIQ (OR)<\/p>\n<\/p>\n<p>KMR L-02 ORCA P\u00c2N\u0102 \u00ceN 2023<\/p>\n<\/p>\n<p>KMR L-02 SPECTRA DIN 2024<\/p>\n<\/p>\n<p>KMR L-02 SPECTRA P\u00c2N\u0102 \u00ceN 2023<\/p>\n<\/p>\n<p>KMR L-02 UMBRA (OR) SR<\/p>\n<\/p>\n<p>KMR S-01 LANCE (OR)<\/p>\n<\/p>\n<p>KMR S-02 DIN 2024<\/p>\n<\/p>\n<p>KMR S-02 P\u00c2N\u0102 \u00ceN 2023<\/p>\n<\/p>\n<p>KMR W-02 CUDA (OR)<\/p>\n<\/p>\n<p>KMR W-02 UMBRA<\/p>\n<\/p>\n<p>KMR W-02 UMBRA (OR)<\/p>\n","protected":false},"excerpt":{"rendered":"<p>Arcul de oprire glisant KMR &#8211; Compatibil cu diverse arme KMR.<\/p>\n","protected":false},"featured_media":24884,"template":"","meta":{"_acf_changed":false},"product_brand":[11498],"product_cat":[12763,12745],"product_tag":[],"class_list":{"0":"post-694584","1":"product","2":"type-product","3":"status-publish","4":"has-post-thumbnail","6":"product_brand-kmr-precision","7":"product_cat-arcuri","8":"product_cat-piese-kmr","10":"first","11":"instock","12":"taxable","13":"shipping-taxable","14":"product-type-simple"},"acf":[],"_links":{"self":[{"href":"https:\/\/nbg.eu\/ro\/wp-json\/wp\/v2\/product\/694584","targetHints":{"allow":["GET"]}}],"collection":[{"href":"https:\/\/nbg.eu\/ro\/wp-json\/wp\/v2\/product"}],"about":[{"href":"https:\/\/nbg.eu\/ro\/wp-json\/wp\/v2\/types\/product"}],"wp:featuredmedia":[{"embeddable":true,"href":"https:\/\/nbg.eu\/ro\/wp-json\/wp\/v2\/media\/24884"}],"wp:attachment":[{"href":"https:\/\/nbg.eu\/ro\/wp-json\/wp\/v2\/media?parent=694584"}],"wp:term":[{"taxonomy":"product_brand","embeddable":true,"href":"https:\/\/nbg.eu\/ro\/wp-json\/wp\/v2\/product_brand?post=694584"},{"taxonomy":"product_cat","embeddable":true,"href":"https:\/\/nbg.eu\/ro\/wp-json\/wp\/v2\/product_cat?post=694584"},{"taxonomy":"product_tag","embeddable":true,"href":"https:\/\/nbg.eu\/ro\/wp-json\/wp\/v2\/product_tag?post=694584"}],"curies":[{"name":"wp","href":"https:\/\/api.w.org\/{rel}","templated":true}]}}