{"id":694626,"date":"2024-08-18T12:24:10","date_gmt":"2024-08-18T09:24:10","guid":{"rendered":"https:\/\/nbg.eu\/product\/thread-cover-kmr-m13x1l-black\/"},"modified":"2026-05-13T16:02:26","modified_gmt":"2026-05-13T13:02:26","slug":"thread-cover-kmr-m13x1l-black","status":"publish","type":"product","link":"https:\/\/nbg.eu\/ro\/produs\/thread-cover-kmr-m13x1l-black\/","title":{"rendered":"KMR Capac Filet M13x1L Negru"},"content":{"rendered":"<h2>Acoperire filet KMR M13X1L Negru<\/h2>\n<p>Ridica\u021bi performan\u021ba tactic\u0103 a armelor dumneavoastr\u0103 cu ajutorul acestei acoperiri a firului. Proiectat\u0103 pentru o integrare f\u0103r\u0103 probleme cu KMR L-02 UMBRA (OR) SR, aceast\u0103 acoperire a firului ofer\u0103 o solu\u021bie elegant\u0103 \u0219i durabil\u0103 pentru a v\u0103 proteja firele armei atunci c\u00e2nd nu este \u00een uz.<\/p>\n<p>Confec\u021bionat\u0103 din materiale de \u00eenalt\u0103 calitate, acoperirea firului ofer\u0103 o construc\u021bie robust\u0103 care poate rezista la cerin\u021bele mediilor tactice. Finisajul s\u0103u negru se \u00eembin\u0103 perfect cu arma dumneavoastr\u0103, asigur\u00e2nd o aspectul curat \u0219i profesionist.<\/p>\n","protected":false},"excerpt":{"rendered":"<p>Hus\u0103 pentru filet KMR M13X1L Negru pentru KMR L-02 UMBRA (OR) SR.<\/p>\n","protected":false},"featured_media":26014,"template":"","meta":{"_acf_changed":false},"product_brand":[11498],"product_cat":[12745],"product_tag":[],"class_list":{"0":"post-694626","1":"product","2":"type-product","3":"status-publish","4":"has-post-thumbnail","6":"product_brand-kmr-precision","7":"product_cat-piese-kmr","9":"first","10":"instock","11":"taxable","12":"shipping-taxable","13":"product-type-simple"},"acf":[],"_links":{"self":[{"href":"https:\/\/nbg.eu\/ro\/wp-json\/wp\/v2\/product\/694626","targetHints":{"allow":["GET"]}}],"collection":[{"href":"https:\/\/nbg.eu\/ro\/wp-json\/wp\/v2\/product"}],"about":[{"href":"https:\/\/nbg.eu\/ro\/wp-json\/wp\/v2\/types\/product"}],"wp:featuredmedia":[{"embeddable":true,"href":"https:\/\/nbg.eu\/ro\/wp-json\/wp\/v2\/media\/26014"}],"wp:attachment":[{"href":"https:\/\/nbg.eu\/ro\/wp-json\/wp\/v2\/media?parent=694626"}],"wp:term":[{"taxonomy":"product_brand","embeddable":true,"href":"https:\/\/nbg.eu\/ro\/wp-json\/wp\/v2\/product_brand?post=694626"},{"taxonomy":"product_cat","embeddable":true,"href":"https:\/\/nbg.eu\/ro\/wp-json\/wp\/v2\/product_cat?post=694626"},{"taxonomy":"product_tag","embeddable":true,"href":"https:\/\/nbg.eu\/ro\/wp-json\/wp\/v2\/product_tag?post=694626"}],"curies":[{"name":"wp","href":"https:\/\/api.w.org\/{rel}","templated":true}]}}