{"id":694682,"date":"2024-09-18T14:06:30","date_gmt":"2024-09-18T11:06:30","guid":{"rendered":"https:\/\/nbg.eu\/product\/thumbrest-3-20-alu-black-kmr\/"},"modified":"2026-05-13T16:02:08","modified_gmt":"2026-05-13T13:02:08","slug":"thumbrest-3-20-alu-black-kmr","status":"publish","type":"product","link":"https:\/\/nbg.eu\/ro\/produs\/thumbrest-3-20-alu-black-kmr\/","title":{"rendered":"KMR Suport Deget Mare 3-20\u00b0 ALU Negru"},"content":{"rendered":"<h2>THUMBREST 3-20\u00b0 ALU BLACK KMR<\/h2>\n<p>THUMBREST 3-20\u00b0 ALU BLACK KMR este un accesoriu versatil \u0219i ergonomic conceput pentru a \u00eembun\u0103t\u0103\u021bi experien\u021ba de tragere pentru utilizatorii platformei de arm\u0103 KMR. Aceast\u0103 piedic\u0103 pentru deget permite o prindere confortabil\u0103 \u0219i stabil\u0103, ajut\u00e2nd tr\u0103g\u0103torii s\u0103 men\u021bin\u0103 un mai bun control \u0219i acurate\u021be atunci c\u00e2nd trag cu armele de foc.<\/p>\n<p>Compatibil cu modelul KMR L-02 ORCA p\u00e2n\u0103 \u00een 2023, THUMBREST 3-20\u00b0 ALU BLACK KMR este un accesoriu versatil \u0219i fiabil care poate \u00eembun\u0103t\u0103\u021bi func\u021bionalitatea \u0219i ergonomia armei tale. Fie c\u0103 e\u0219ti un tr\u0103g\u0103tor experimentat sau un \u00eencep\u0103tor, aceast\u0103 piedic\u0103 pentru deget te poate ajuta s\u0103 ob\u021bii un control mai bun, stabilitate \u0219i precizie atunci c\u00e2nd te angajezi \u00een \u021binte.<\/p>\n","protected":false},"excerpt":{"rendered":"<p>Prindere confortabil\u0103, stabilizeaz\u0103 arma, control mai bun pentru KMR L-02 ORCA.<\/p>\n","protected":false},"featured_media":24232,"template":"","meta":{"_acf_changed":false},"product_brand":[11498],"product_cat":[12745],"product_tag":[],"class_list":{"0":"post-694682","1":"product","2":"type-product","3":"status-publish","4":"has-post-thumbnail","6":"product_brand-kmr-precision","7":"product_cat-piese-kmr","9":"first","10":"outofstock","11":"taxable","12":"shipping-taxable","13":"product-type-simple"},"acf":[],"_links":{"self":[{"href":"https:\/\/nbg.eu\/ro\/wp-json\/wp\/v2\/product\/694682","targetHints":{"allow":["GET"]}}],"collection":[{"href":"https:\/\/nbg.eu\/ro\/wp-json\/wp\/v2\/product"}],"about":[{"href":"https:\/\/nbg.eu\/ro\/wp-json\/wp\/v2\/types\/product"}],"wp:featuredmedia":[{"embeddable":true,"href":"https:\/\/nbg.eu\/ro\/wp-json\/wp\/v2\/media\/24232"}],"wp:attachment":[{"href":"https:\/\/nbg.eu\/ro\/wp-json\/wp\/v2\/media?parent=694682"}],"wp:term":[{"taxonomy":"product_brand","embeddable":true,"href":"https:\/\/nbg.eu\/ro\/wp-json\/wp\/v2\/product_brand?post=694682"},{"taxonomy":"product_cat","embeddable":true,"href":"https:\/\/nbg.eu\/ro\/wp-json\/wp\/v2\/product_cat?post=694682"},{"taxonomy":"product_tag","embeddable":true,"href":"https:\/\/nbg.eu\/ro\/wp-json\/wp\/v2\/product_tag?post=694682"}],"curies":[{"name":"wp","href":"https:\/\/api.w.org\/{rel}","templated":true}]}}