{"id":694723,"date":"2024-08-17T15:43:53","date_gmt":"2024-08-17T12:43:53","guid":{"rendered":"https:\/\/nbg.eu\/product\/thumbrest-4-48-alu-black-kmr\/"},"modified":"2026-05-13T16:03:17","modified_gmt":"2026-05-13T13:03:17","slug":"thumbrest-4-48-alu-black-kmr","status":"publish","type":"product","link":"https:\/\/nbg.eu\/ro\/produs\/thumbrest-4-48-alu-black-kmr\/","title":{"rendered":"KMR Suport Deget Mare 4-48\u00b0 ALU Negru pentru Orca 2023"},"content":{"rendered":"<h2>THUMBREST 4-48\u00b0 ALU BLACK KMR<\/h2>\n<p>\u00cembun\u0103t\u0103\u021be\u0219te experien\u021ba de tragere cu THUMBREST 4-48\u00b0 ALU BLACK KMR. Acest accesoriu inovator ofer\u0103 o prindere confortabil\u0103 \u0219i stabil\u0103 pe arma ta, permi\u021b\u00e2ndu-\u021bi s\u0103 men\u021bii un control \u0219i o acurate\u021be mai bune \u00een timpul tragerilor.<\/p>\n<p>Conceput pentru a fi utilizat cu Weapons KMR, \u00een special modelul KMR L-02 ORCA p\u00e2n\u0103 \u00een 2023, thumbrest-ul prezint\u0103 un interval de reglare a unghiului de 4-48\u00b0. Aceast\u0103 reglabilitate asigur\u0103 o potrivire personalizat\u0103, care se adapteaz\u0103 stilului \u0219i preferin\u021belor tale de tragere.<\/p>\n<p>\u00cembun\u0103t\u0103\u021be\u0219te-\u021bi performan\u021bele de tragere \u0219i ridic\u0103-\u021bi controlul cu THUMBREST 4-48\u00b0 ALU BLACK KMR. Ridic\u0103-\u021bi experien\u021ba de tragere \u0219i ia-\u021bi abilit\u0103\u021bile la un nivel superior.<\/p>\n","protected":false},"excerpt":{"rendered":"<p>M\u00e2ner confortabil, arm\u0103 stabilizat\u0103, control mai bun pentru KMR L-02 ORCA.<\/p>\n","protected":false},"featured_media":24255,"template":"","meta":{"_acf_changed":false},"product_brand":[11498],"product_cat":[12745],"product_tag":[],"class_list":{"0":"post-694723","1":"product","2":"type-product","3":"status-publish","4":"has-post-thumbnail","6":"product_brand-kmr-precision","7":"product_cat-piese-kmr","9":"first","10":"instock","11":"taxable","12":"shipping-taxable","13":"product-type-simple"},"acf":[],"_links":{"self":[{"href":"https:\/\/nbg.eu\/ro\/wp-json\/wp\/v2\/product\/694723","targetHints":{"allow":["GET"]}}],"collection":[{"href":"https:\/\/nbg.eu\/ro\/wp-json\/wp\/v2\/product"}],"about":[{"href":"https:\/\/nbg.eu\/ro\/wp-json\/wp\/v2\/types\/product"}],"wp:featuredmedia":[{"embeddable":true,"href":"https:\/\/nbg.eu\/ro\/wp-json\/wp\/v2\/media\/24255"}],"wp:attachment":[{"href":"https:\/\/nbg.eu\/ro\/wp-json\/wp\/v2\/media?parent=694723"}],"wp:term":[{"taxonomy":"product_brand","embeddable":true,"href":"https:\/\/nbg.eu\/ro\/wp-json\/wp\/v2\/product_brand?post=694723"},{"taxonomy":"product_cat","embeddable":true,"href":"https:\/\/nbg.eu\/ro\/wp-json\/wp\/v2\/product_cat?post=694723"},{"taxonomy":"product_tag","embeddable":true,"href":"https:\/\/nbg.eu\/ro\/wp-json\/wp\/v2\/product_tag?post=694723"}],"curies":[{"name":"wp","href":"https:\/\/api.w.org\/{rel}","templated":true}]}}