{"id":694826,"date":"2024-09-17T08:32:39","date_gmt":"2024-09-17T05:32:39","guid":{"rendered":"https:\/\/nbg.eu\/product\/trigger-bar-sa-da-kmr-w\/"},"modified":"2026-05-13T16:00:55","modified_gmt":"2026-05-13T13:00:55","slug":"trigger-bar-sa-da-kmr-w","status":"publish","type":"product","link":"https:\/\/nbg.eu\/ro\/produs\/trigger-bar-sa-da-kmr-w\/","title":{"rendered":"KMR Bara Tr\u0103gaciului SA\/DA W"},"content":{"rendered":"<h2>Bar\u0103 de declan\u0219are SA\/DA KMR W<\/h2>\n<p>Un component intern al pistolului care transfer\u0103 mi\u0219carea tr\u0103gaciului la mecanismul de tragere pe modelul KMR W \u00een func\u021bionare at\u00e2t \u00een modul de ac\u021biune simpl\u0103, c\u00e2t \u0219i \u00een modul de ac\u021biune dubl\u0103 (SA\/DA). Aceast\u0103 bar\u0103 de declan\u0219are versatil\u0103 este conceput\u0103 s\u0103 se integreze perfect cu urm\u0103toarele modele de arme KMR:<\/p>\n<ul>\n<p>KMR S-01 LANCE (OR)<\/p>\n<p>KMR S-02 \u00ceNCEP\u00c2ND CU 2024<\/p>\n<p>KMR S-02 P\u00c2N\u0102 \u00ceN 2023<\/p>\n<p>KMR W-02 CUDA P\u00c2N\u0102 \u00ceN 2023<\/p>\n<p>KMR W-02 UMBRA<\/p>\n<p>KMR W-02 UMBRA (OR)<\/p>\n<\/ul>\n<p>Num\u0103r de referin\u021b\u0103: 0900-00401-0900.<\/p>\n","protected":false},"excerpt":{"rendered":"<p>Transferurile declan\u0219eaz\u0103 mi\u0219carea mecanismului de tragere la modele KMR W, SA\/DA.<\/p>\n","protected":false},"featured_media":25530,"template":"","meta":{"_acf_changed":false},"product_brand":[11498],"product_cat":[12745],"product_tag":[],"class_list":{"0":"post-694826","1":"product","2":"type-product","3":"status-publish","4":"has-post-thumbnail","6":"product_brand-kmr-precision","7":"product_cat-piese-kmr","9":"first","10":"instock","11":"taxable","12":"shipping-taxable","13":"product-type-simple"},"acf":[],"_links":{"self":[{"href":"https:\/\/nbg.eu\/ro\/wp-json\/wp\/v2\/product\/694826","targetHints":{"allow":["GET"]}}],"collection":[{"href":"https:\/\/nbg.eu\/ro\/wp-json\/wp\/v2\/product"}],"about":[{"href":"https:\/\/nbg.eu\/ro\/wp-json\/wp\/v2\/types\/product"}],"wp:featuredmedia":[{"embeddable":true,"href":"https:\/\/nbg.eu\/ro\/wp-json\/wp\/v2\/media\/25530"}],"wp:attachment":[{"href":"https:\/\/nbg.eu\/ro\/wp-json\/wp\/v2\/media?parent=694826"}],"wp:term":[{"taxonomy":"product_brand","embeddable":true,"href":"https:\/\/nbg.eu\/ro\/wp-json\/wp\/v2\/product_brand?post=694826"},{"taxonomy":"product_cat","embeddable":true,"href":"https:\/\/nbg.eu\/ro\/wp-json\/wp\/v2\/product_cat?post=694826"},{"taxonomy":"product_tag","embeddable":true,"href":"https:\/\/nbg.eu\/ro\/wp-json\/wp\/v2\/product_tag?post=694826"}],"curies":[{"name":"wp","href":"https:\/\/api.w.org\/{rel}","templated":true}]}}