{"id":694851,"date":"2024-08-17T17:23:25","date_gmt":"2024-08-17T14:23:25","guid":{"rendered":"https:\/\/nbg.eu\/product\/trigger-bar-spring-kmr\/"},"modified":"2026-02-26T12:13:56","modified_gmt":"2026-02-26T09:13:56","slug":"trigger-bar-spring-kmr","status":"publish","type":"product","link":"https:\/\/nbg.eu\/ro\/produs\/trigger-bar-spring-kmr\/","title":{"rendered":"Arcul resorului tr\u0103gaciului KMR"},"content":{"rendered":"<h2>Arcada de declan\u0219are a arcului KMR pentru arme KMR<\/h2>\n<p>Proiectat cu precizie \u0219i durabilitate, acest arc asigur\u0103 o func\u021bionare lin\u0103 \u0219i fiabil\u0103 a tr\u0103gaciului pentru aceste sisteme de arme avansate. Construc\u021bia sa robust\u0103 \u0219i designul meticulos ofer\u0103 performan\u021be constante, chiar \u0219i \u00een cele mai solicitante medii.<\/p>\n<p>Fie c\u0103 sunte\u021bi un tr\u0103g\u0103tor profesionist sau un entuziast pasionat, aceast\u0103 pies\u0103 este o pies\u0103 de schimb esen\u021bial\u0103 pentru a men\u021bine func\u021bionalitatea optim\u0103 a armelor dvs. KMR. Investi\u021bi \u00een aceast\u0103 component\u0103 de \u00eenalt\u0103 calitate pentru a v\u0103 men\u021bine armele func\u021bion\u00e2nd la nivelul maxim de performan\u021b\u0103.<\/p>\n<p>Pentru arme KMR:<\/p>\n<p>KMR L-02 SPECTRA DIN 2024<\/p>\n<p>KMR L-02 SPECTRA P\u00c2N\u0102 \u00ceN 2023<\/p>\n<p>KMR L-02 UMBRA (OR) SR<\/p>\n<p>KMR S-01 LANCE (OR)<\/p>\n<p>KMR S-02 DIN 2024<\/p>\n<p>KMR S-02 P\u00c2N\u0102 \u00ceN 2023<\/p>\n<p>KMR W-02 CUDA (OR)<\/p>\n<p>KMR W-02 UMBRA<\/p>\n<p>KMR W-02 UMBRA (OR)<\/p>\n","protected":false},"excerpt":{"rendered":"<p>Resortul barei de declan\u0219are pentru modele KMR.<\/p>\n","protected":false},"featured_media":24648,"template":"","meta":{"_acf_changed":false},"product_brand":[11498],"product_cat":[12763,12745],"product_tag":[],"class_list":{"0":"post-694851","1":"product","2":"type-product","3":"status-publish","4":"has-post-thumbnail","6":"product_brand-kmr-precision","7":"product_cat-arcuri","8":"product_cat-piese-kmr","10":"first","11":"instock","12":"taxable","13":"shipping-taxable","14":"product-type-simple"},"acf":[],"_links":{"self":[{"href":"https:\/\/nbg.eu\/ro\/wp-json\/wp\/v2\/product\/694851","targetHints":{"allow":["GET"]}}],"collection":[{"href":"https:\/\/nbg.eu\/ro\/wp-json\/wp\/v2\/product"}],"about":[{"href":"https:\/\/nbg.eu\/ro\/wp-json\/wp\/v2\/types\/product"}],"wp:featuredmedia":[{"embeddable":true,"href":"https:\/\/nbg.eu\/ro\/wp-json\/wp\/v2\/media\/24648"}],"wp:attachment":[{"href":"https:\/\/nbg.eu\/ro\/wp-json\/wp\/v2\/media?parent=694851"}],"wp:term":[{"taxonomy":"product_brand","embeddable":true,"href":"https:\/\/nbg.eu\/ro\/wp-json\/wp\/v2\/product_brand?post=694851"},{"taxonomy":"product_cat","embeddable":true,"href":"https:\/\/nbg.eu\/ro\/wp-json\/wp\/v2\/product_cat?post=694851"},{"taxonomy":"product_tag","embeddable":true,"href":"https:\/\/nbg.eu\/ro\/wp-json\/wp\/v2\/product_tag?post=694851"}],"curies":[{"name":"wp","href":"https:\/\/api.w.org\/{rel}","templated":true}]}}