{"id":694879,"date":"2025-03-09T15:43:31","date_gmt":"2025-03-09T12:43:31","guid":{"rendered":"https:\/\/nbg.eu\/product\/blue-force-gear-trauma-kit-now-medium-medical-supplies\/"},"modified":"2026-05-13T16:43:14","modified_gmt":"2026-05-13T13:43:14","slug":"blue-force-gear-trauma-kit-now-medium-medical-supplies","status":"publish","type":"product","link":"https:\/\/nbg.eu\/ro\/produs\/blue-force-gear-trauma-kit-now-medium-medical-supplies\/","title":{"rendered":"Blue Force Gear Trauma Kit NOW! Medium Medical Supplies"},"content":{"rendered":"<h2>Trusa de prim-ajutor Blue Force Gear (medie)<\/h2>\n<p>Accesa\u021bi rapid echipamentul medical esen\u021bial pentru salvarea de vie\u021bi cu trusa de prim-ajutor Blue Force Gear (medie). Proiectat pentru a fi accesat rapid cu o singur\u0103 m\u00e2n\u0103, acest kit este conceput pentru situa\u021bii medicale de &#8222;ac\u021biune imediat\u0103&#8221;. Designul cu m\u00e2ner de tragere permite ca \u00eentreaga insert medical\u0103 s\u0103 fie desf\u0103\u0219urat\u0103 printr-o singur\u0103 mi\u0219care cu oricare dintre m\u00e2ini, asigur\u00e2nd accesul rapid la articole critice precum turnichete, plastroane pentru piept \u0219i agen\u021bi hemostatici atunci c\u00e2nd fiecare secund\u0103 conteaz\u0103.<\/p>\n<p>Construit cu tehnologia BLIP (Ballistic Line Integrated Pull), sistemul de ata\u0219are Helium Whisper \u0219i construc\u021bia din Cordura 500D militar, trusa de prim-ajutor NOW! (medie) este o solu\u021bie durabil\u0103 \u0219i fiabil\u0103 pentru nevoile dvs. de preg\u0103tire medical\u0103. Designul s\u0103u \u00een dou\u0103 piese, cu o hus\u0103 exterioar\u0103 \u0219i un suport interior deta\u0219abil, ofer\u0103 versatilitate \u0219i organizare, ajut\u00e2ndu-v\u0103 s\u0103 fi\u021bi preg\u0103tit pentru orice urgen\u021b\u0103.<\/p>\n","protected":false},"excerpt":{"rendered":"<p>Trusa de urgen\u021b\u0103 rapid\u0103 cu echipament esen\u021bial pentru salvarea vie\u021bii.<\/p>\n","protected":false},"featured_media":251691,"template":"","meta":{"_acf_changed":false},"product_brand":[11140],"product_cat":[12752],"product_tag":[],"class_list":{"0":"post-694879","1":"product","2":"type-product","3":"status-publish","4":"has-post-thumbnail","6":"product_brand-blue-force-gear","7":"product_cat-medical","9":"first","10":"instock","11":"taxable","12":"shipping-taxable","13":"purchasable","14":"product-type-variable","15":"wvs-archive-product-wrapper"},"acf":[],"_links":{"self":[{"href":"https:\/\/nbg.eu\/ro\/wp-json\/wp\/v2\/product\/694879","targetHints":{"allow":["GET"]}}],"collection":[{"href":"https:\/\/nbg.eu\/ro\/wp-json\/wp\/v2\/product"}],"about":[{"href":"https:\/\/nbg.eu\/ro\/wp-json\/wp\/v2\/types\/product"}],"wp:featuredmedia":[{"embeddable":true,"href":"https:\/\/nbg.eu\/ro\/wp-json\/wp\/v2\/media\/251691"}],"wp:attachment":[{"href":"https:\/\/nbg.eu\/ro\/wp-json\/wp\/v2\/media?parent=694879"}],"wp:term":[{"taxonomy":"product_brand","embeddable":true,"href":"https:\/\/nbg.eu\/ro\/wp-json\/wp\/v2\/product_brand?post=694879"},{"taxonomy":"product_cat","embeddable":true,"href":"https:\/\/nbg.eu\/ro\/wp-json\/wp\/v2\/product_cat?post=694879"},{"taxonomy":"product_tag","embeddable":true,"href":"https:\/\/nbg.eu\/ro\/wp-json\/wp\/v2\/product_tag?post=694879"}],"curies":[{"name":"wp","href":"https:\/\/api.w.org\/{rel}","templated":true}]}}