{"id":694949,"date":"2024-08-18T11:20:42","date_gmt":"2024-08-18T08:20:42","guid":{"rendered":"https:\/\/nbg.eu\/product\/trigger-bar-sa-da-kmr-l\/"},"modified":"2026-05-13T16:02:51","modified_gmt":"2026-05-13T13:02:51","slug":"trigger-bar-sa-da-kmr-l","status":"publish","type":"product","link":"https:\/\/nbg.eu\/ro\/produs\/trigger-bar-sa-da-kmr-l\/","title":{"rendered":"KMR Bara Tr\u0103gaciului SA\/DA L"},"content":{"rendered":"<h2>Bar\u0103 de declan\u0219are SA\/DA KMR L<\/h2>\n<p>Bara de declan\u0219are SA\/DA KMR L este un component intern esen\u021bial pentru modelul KMR L, permi\u021b\u00e2nd at\u00e2t func\u021bionarea \u00een modul ac\u021biune simpl\u0103 (SA), c\u00e2t \u0219i \u00een modul ac\u021biune dubl\u0103 (DA). Acest component transfer\u0103 mi\u0219carea tr\u0103gaciului c\u0103tre mecanismul de tragere, asigur\u00e2nd o func\u021bionare fiabil\u0103 \u0219i precis\u0103 \u00een ambele moduri.<\/p>\n<p>Pentru armele KMR:<\/p>\n<p>KMR L-02 SPECTRA DE LA 2024<\/p>\n<p>KMR L-02 SPECTRA P\u00c2N\u0102 \u00ceN 2023<\/p>\n<p>KMR L-02 UMBRA DE LA 2024<\/p>\n<p>KMR L-02 UMBRA P\u00c2N\u0102 \u00ceN 2023<\/p>\n","protected":false},"excerpt":{"rendered":"<p>Transferurile declan\u0219eaz\u0103 mi\u0219carea \u00een SA\/DA pentru modelele KMR L<\/p>\n","protected":false},"featured_media":25553,"template":"","meta":{"_acf_changed":false},"product_brand":[11498],"product_cat":[12745],"product_tag":[],"class_list":{"0":"post-694949","1":"product","2":"type-product","3":"status-publish","4":"has-post-thumbnail","6":"product_brand-kmr-precision","7":"product_cat-piese-kmr","9":"first","10":"instock","11":"taxable","12":"shipping-taxable","13":"product-type-simple"},"acf":[],"_links":{"self":[{"href":"https:\/\/nbg.eu\/ro\/wp-json\/wp\/v2\/product\/694949","targetHints":{"allow":["GET"]}}],"collection":[{"href":"https:\/\/nbg.eu\/ro\/wp-json\/wp\/v2\/product"}],"about":[{"href":"https:\/\/nbg.eu\/ro\/wp-json\/wp\/v2\/types\/product"}],"wp:featuredmedia":[{"embeddable":true,"href":"https:\/\/nbg.eu\/ro\/wp-json\/wp\/v2\/media\/25553"}],"wp:attachment":[{"href":"https:\/\/nbg.eu\/ro\/wp-json\/wp\/v2\/media?parent=694949"}],"wp:term":[{"taxonomy":"product_brand","embeddable":true,"href":"https:\/\/nbg.eu\/ro\/wp-json\/wp\/v2\/product_brand?post=694949"},{"taxonomy":"product_cat","embeddable":true,"href":"https:\/\/nbg.eu\/ro\/wp-json\/wp\/v2\/product_cat?post=694949"},{"taxonomy":"product_tag","embeddable":true,"href":"https:\/\/nbg.eu\/ro\/wp-json\/wp\/v2\/product_tag?post=694949"}],"curies":[{"name":"wp","href":"https:\/\/api.w.org\/{rel}","templated":true}]}}