{"id":695141,"date":"2024-08-16T23:17:10","date_gmt":"2024-08-16T20:17:10","guid":{"rendered":"https:\/\/nbg.eu\/product\/trigger-hammer-pin-kmr\/"},"modified":"2026-05-13T16:02:03","modified_gmt":"2026-05-13T13:02:03","slug":"trigger-hammer-pin-kmr","status":"publish","type":"product","link":"https:\/\/nbg.eu\/ro\/produs\/trigger-hammer-pin-kmr\/","title":{"rendered":"KMR Tr\u0103gaci &amp; Hammer Pin"},"content":{"rendered":"<h2>DECLAN\u0218ATOR \u0218I PIN\u0102 DE CIOCAN<\/h2>\n<p>\u00cembun\u0103t\u0103\u021bi\u021bi performan\u021ba armei de foc cu DECLAN\u0218ATORUL \u0218I PINA DE CIOCAN, un component de schimb premium proiectat pentru a \u00eembun\u0103t\u0103\u021bi tragerea declan\u0219atorului \u0219i experien\u021ba general\u0103 de tragere. Fabricat din materiale de \u00eenalt\u0103 calitate, acest set de pini este proiectat s\u0103 ofere o ac\u021biune lin\u0103 \u0219i constant\u0103 a declan\u0219atorului, oferind o acurate\u021be \u0219i control \u00eembun\u0103t\u0103\u021bite.<\/p>\n<p>Cu un design masinat cu precizie, DECLAN\u0218ATORUL \u0218I PINA DE CIOCAN asigur\u0103 o potrivire perfect\u0103 \u00een arma de foc, reduc\u00e2nd la minimum jocul \u0219i \u00eembun\u0103t\u0103\u021bind r\u0103spunsul declan\u0219atorului. Construc\u021bia sa durabil\u0103 este conceput\u0103 pentru a rezista la rigoarea utiliz\u0103rii frecvente, asigur\u00e2nd fiabilitate \u0219i performan\u021b\u0103 pe termen lung.<\/p>\n<p>Proiectat ca \u00eenlocuitor direct, DECLAN\u0218ATORUL \u0218I PINA DE CIOCAN este u\u0219or de instalat, permi\u021b\u00e2ndu-v\u0103 s\u0103 upgradea\u021bi rapid \u0219i u\u0219or arma de foc f\u0103r\u0103 a necesita unelte specializate sau modific\u0103ri extinse. Fie c\u0103 sunte\u021bi un tr\u0103g\u0103tor competitiv, un operator tactic sau un pasionat, acest set de pini v\u0103 va ridica abilit\u0103\u021bile de tragere \u0219i v\u0103 va duce performan\u021ba armei de foc la un alt nivel.<\/p>\n<p>Pentru arme KMR, cum ar fi:<br \/>\nKMR L-02 EMIQ<br \/>\nKMR L-02 EMIQ (OR)<br \/>\nKMR L-02 ORCA DE LA 2024<br \/>\nKMR L-02 ORCA P\u00c2N\u0102 \u00ceN 2023<br \/>\nKMR L-02 SPECTRA DE LA 2024<br \/>\nKMR L-02 SPECTRA P\u00c2N\u0102 \u00ceN 2023<br \/>\nKMR L-02 UMBRA DE LA 2024<br \/>\nKMR L-02 UMBRA P\u00c2N\u0102 \u00ceN 2023<br \/>\nKMR S-01 LANCE (OR)<br \/>\nKMR S-02 DE LA 2024<br \/>\nKMR S-02 P\u00c2N\u0102 \u00ceN 2023<br \/>\nKMR W-02 CUDA DE LA 2024<br \/>\nKMR W-02 CUDA P\u00c2N\u0102 \u00ceN 2023<br \/>\nKMR W-02 UMBRA<br \/>\nKMR W-02 UMBRA (OR)<\/p>\n","protected":false},"excerpt":{"rendered":"<p>Pini de declan\u0219ator \u0219i ciocan de \u00eenalt\u0103 calitate pentru pistolele KMR, proiectate cu precizie.<\/p>\n","protected":false},"featured_media":720202,"template":"","meta":{"_acf_changed":false},"product_brand":[11498],"product_cat":[12745],"product_tag":[],"class_list":{"0":"post-695141","1":"product","2":"type-product","3":"status-publish","4":"has-post-thumbnail","6":"product_brand-kmr-precision","7":"product_cat-piese-kmr","9":"first","10":"instock","11":"taxable","12":"shipping-taxable","13":"product-type-simple"},"acf":[],"_links":{"self":[{"href":"https:\/\/nbg.eu\/ro\/wp-json\/wp\/v2\/product\/695141","targetHints":{"allow":["GET"]}}],"collection":[{"href":"https:\/\/nbg.eu\/ro\/wp-json\/wp\/v2\/product"}],"about":[{"href":"https:\/\/nbg.eu\/ro\/wp-json\/wp\/v2\/types\/product"}],"wp:featuredmedia":[{"embeddable":true,"href":"https:\/\/nbg.eu\/ro\/wp-json\/wp\/v2\/media\/720202"}],"wp:attachment":[{"href":"https:\/\/nbg.eu\/ro\/wp-json\/wp\/v2\/media?parent=695141"}],"wp:term":[{"taxonomy":"product_brand","embeddable":true,"href":"https:\/\/nbg.eu\/ro\/wp-json\/wp\/v2\/product_brand?post=695141"},{"taxonomy":"product_cat","embeddable":true,"href":"https:\/\/nbg.eu\/ro\/wp-json\/wp\/v2\/product_cat?post=695141"},{"taxonomy":"product_tag","embeddable":true,"href":"https:\/\/nbg.eu\/ro\/wp-json\/wp\/v2\/product_tag?post=695141"}],"curies":[{"name":"wp","href":"https:\/\/api.w.org\/{rel}","templated":true}]}}