{"id":695202,"date":"2024-08-16T23:16:32","date_gmt":"2024-08-16T20:16:32","guid":{"rendered":"https:\/\/nbg.eu\/product\/trigger-pin-kmr\/"},"modified":"2026-05-13T16:03:22","modified_gmt":"2026-05-13T13:03:22","slug":"trigger-pin-kmr","status":"publish","type":"product","link":"https:\/\/nbg.eu\/ro\/produs\/trigger-pin-kmr\/","title":{"rendered":"KMR Pin Tr\u0103gaci"},"content":{"rendered":"<h2>Pivot de declan\u0219are de precizie pentru pistoale KMR<\/h2>\n<p>Debloca\u021bi \u00eentregul poten\u021bial al pistolului dvs. KMR cu Pinul nostru premium de declan\u0219are. Fabricat din o\u021bel de scule \u00eent\u0103rit \u0219i prezent\u00e2nd o finisare suprafe\u021bei extrem de neted\u0103, aceast\u0103 component\u0103 asigur\u0103 axa pivot stabil\u0103 \u0219i cu frecare redus\u0103 necesar\u0103 pentru ca declan\u0219atorul dvs. s\u0103 se roteasc\u0103 f\u0103r\u0103 probleme. Spre deosebire de piesele din fabric\u0103, Pinul nostru de declan\u0219are elimin\u0103 &#8222;balansul&#8221; lateral, asigur\u00e2nd o tragere a declan\u0219atorului consecvent\u0103 \u0219i repetabil\u0103 \u0219i prevenind uzura cadrului pe parcursul a mii de cicluri.<\/p>\n<p>Proiectat pentru a se potrivi perfect toleran\u021belor KMR, Pinul nostru de declan\u0219are se integreaz\u0103 f\u0103r\u0103 probleme \u00een ansamblul declan\u0219atorului din fabric\u0103 al pistolului dvs. Aceast\u0103 construc\u021bie rezistent\u0103 \u0219i durabil\u0103 optimizeaz\u0103 interfa\u021ba critic\u0103 dintre degetul dvs. \u0219i mecanismul de tragere, conduc\u00e2nd la o acurate\u021be, precizie \u0219i control sporite \u00een fiecare tragere.<\/p>\n<p>Fie c\u0103 sunte\u021bi un tr\u0103g\u0103tor competitiv care caut\u0103 s\u0103 v\u0103 ajusteze configura\u021bia sau un utilizator recrea\u021bional care dore\u0219te s\u0103-\u0219i \u00eembun\u0103t\u0103\u021beasc\u0103 KMR-ul, Pinul nostru de declan\u0219are este elementul lips\u0103 pentru a v\u0103 debloca \u00eentregul poten\u021bial al armei de foc. Experimenta\u021bi diferen\u021ba pe care o poate face un pivot al declan\u0219atorului cu adev\u0103rat precis \u0219i f\u0103r\u0103 frecare \u00een ceea ce prive\u0219te performan\u021ba \u0219i fiabilitatea.<\/p>\n","protected":false},"excerpt":{"rendered":"<p>Ax de pivotare de precizie pentru ansamblul mecanismului de tragere. O\u021bel de scule \u00eembun\u0103t\u0103\u021bit cu precizie, finisaj de suprafa\u021b\u0103 ultra-clean \u0219i diametru perfect ajustat pentru toleran\u021bele uzinei KMR. Asigur\u0103 axa cu frecare redus\u0103 \u0219i stabil\u0103 necesar\u0103 pentru rotirea uniform\u0103 a mecanismului de tragere; construc\u021bia robust\u0103 elimin\u0103 &#8220;balansarea&#8221; lateral\u0103, asigur\u00e2nd o tragere de culoare constant\u0103 \u0219i repetabil\u0103 \u0219i prevenind uzura cadrului dup\u0103 mii de cicluri.<\/p>\n","protected":false},"featured_media":23741,"template":"","meta":{"_acf_changed":false},"product_brand":[11498],"product_cat":[12745],"product_tag":[],"class_list":{"0":"post-695202","1":"product","2":"type-product","3":"status-publish","4":"has-post-thumbnail","6":"product_brand-kmr-precision","7":"product_cat-piese-kmr","9":"first","10":"instock","11":"taxable","12":"shipping-taxable","13":"product-type-simple"},"acf":[],"_links":{"self":[{"href":"https:\/\/nbg.eu\/ro\/wp-json\/wp\/v2\/product\/695202","targetHints":{"allow":["GET"]}}],"collection":[{"href":"https:\/\/nbg.eu\/ro\/wp-json\/wp\/v2\/product"}],"about":[{"href":"https:\/\/nbg.eu\/ro\/wp-json\/wp\/v2\/types\/product"}],"wp:featuredmedia":[{"embeddable":true,"href":"https:\/\/nbg.eu\/ro\/wp-json\/wp\/v2\/media\/23741"}],"wp:attachment":[{"href":"https:\/\/nbg.eu\/ro\/wp-json\/wp\/v2\/media?parent=695202"}],"wp:term":[{"taxonomy":"product_brand","embeddable":true,"href":"https:\/\/nbg.eu\/ro\/wp-json\/wp\/v2\/product_brand?post=695202"},{"taxonomy":"product_cat","embeddable":true,"href":"https:\/\/nbg.eu\/ro\/wp-json\/wp\/v2\/product_cat?post=695202"},{"taxonomy":"product_tag","embeddable":true,"href":"https:\/\/nbg.eu\/ro\/wp-json\/wp\/v2\/product_tag?post=695202"}],"curies":[{"name":"wp","href":"https:\/\/api.w.org\/{rel}","templated":true}]}}