{"id":695215,"date":"2024-08-17T17:20:46","date_gmt":"2024-08-17T14:20:46","guid":{"rendered":"https:\/\/nbg.eu\/product\/trigger-spring-sa-da-kmr\/"},"modified":"2026-05-13T16:03:42","modified_gmt":"2026-05-13T13:03:42","slug":"trigger-spring-sa-da-kmr","status":"publish","type":"product","link":"https:\/\/nbg.eu\/ro\/produs\/trigger-spring-sa-da-kmr\/","title":{"rendered":"KMR Arc Tr\u0103gaci SA\/DA"},"content":{"rendered":"<h2>Declan\u0219atorul SA\/DA KMR: \u00cembun\u0103t\u0103\u021birea performan\u021bei armei pe mai multe platforme<\/h2>\n<p>Declan\u0219atorul SA\/DA KMR este un accesoriu versatil \u0219i fiabil, conceput pentru a \u00eembun\u0103t\u0103\u021bi func\u021bionalitatea a diverse arme din seria KMR. Compatibil cu o gam\u0103 larg\u0103 de modele, aceast\u0103 ansamblu al arcului declan\u0219ator asigur\u0103 o integrare armonioas\u0103 \u0219i o performan\u021b\u0103 \u00eembun\u0103t\u0103\u021bit\u0103 pentru arma de foc.<\/p>\n<p>Fie c\u0103 e\u0219ti un tr\u0103g\u0103tor de performan\u021b\u0103, un entuziast tactic sau un proprietar responsabil de arme de foc, Declan\u0219atorul SA\/DA KMR este un accesoriu esen\u021bial pentru a optimiza performan\u021ba armei tale. Ridic\u0103-\u021bi experien\u021ba de tragere cu aceast\u0103 component\u0103 fiabil\u0103 \u0219i versatil\u0103.<\/p>\n<p>Pentru arme KMR:<\/p>\n<p>KMR L-02 SPECTRA DIN 2024<\/p>\n<p>KMR L-02 SPECTRA P\u00c2N\u0102 \u00ceN 2023<\/p>\n<p>KMR L-02 UMBRA (SAU) SR<\/p>\n<p>KMR S-01 LANCE (SAU)<\/p>\n<p>KMR S-02 DIN 2024<\/p>\n<p>KMR S-02 P\u00c2N\u0102 \u00ceN 2023<\/p>\n<p>KMR W-02 CUDA (SAU)<\/p>\n<p>KMR W-02 UMBRA<\/p>\n<p>KMR W-02 UMBRA (SAU)<\/p>\n","protected":false},"excerpt":{"rendered":"<p>Arcul recul KMR pentru KMR L-02 SPECTRA, S-01 LANCE, S-02, W-02 CUDA\/UMBRA.<\/p>\n","protected":false},"featured_media":24601,"template":"","meta":{"_acf_changed":false},"product_brand":[11498],"product_cat":[12763,12745,15022],"product_tag":[],"class_list":{"0":"post-695215","1":"product","2":"type-product","3":"status-publish","4":"has-post-thumbnail","6":"product_brand-kmr-precision","7":"product_cat-arcuri","8":"product_cat-piese-kmr","9":"product_cat-trigger-springs-ro","11":"first","12":"instock","13":"taxable","14":"shipping-taxable","15":"product-type-simple"},"acf":[],"_links":{"self":[{"href":"https:\/\/nbg.eu\/ro\/wp-json\/wp\/v2\/product\/695215","targetHints":{"allow":["GET"]}}],"collection":[{"href":"https:\/\/nbg.eu\/ro\/wp-json\/wp\/v2\/product"}],"about":[{"href":"https:\/\/nbg.eu\/ro\/wp-json\/wp\/v2\/types\/product"}],"wp:featuredmedia":[{"embeddable":true,"href":"https:\/\/nbg.eu\/ro\/wp-json\/wp\/v2\/media\/24601"}],"wp:attachment":[{"href":"https:\/\/nbg.eu\/ro\/wp-json\/wp\/v2\/media?parent=695215"}],"wp:term":[{"taxonomy":"product_brand","embeddable":true,"href":"https:\/\/nbg.eu\/ro\/wp-json\/wp\/v2\/product_brand?post=695215"},{"taxonomy":"product_cat","embeddable":true,"href":"https:\/\/nbg.eu\/ro\/wp-json\/wp\/v2\/product_cat?post=695215"},{"taxonomy":"product_tag","embeddable":true,"href":"https:\/\/nbg.eu\/ro\/wp-json\/wp\/v2\/product_tag?post=695215"}],"curies":[{"name":"wp","href":"https:\/\/api.w.org\/{rel}","templated":true}]}}