{"id":696297,"date":"2025-12-22T17:18:06","date_gmt":"2025-12-22T14:18:06","guid":{"rendered":"https:\/\/nbg.eu\/product\/geanta-de-voiaj-atlas\/"},"modified":"2026-04-15T14:39:10","modified_gmt":"2026-04-15T11:39:10","slug":"geanta-de-voiaj-atlas","status":"publish","type":"product","link":"https:\/\/nbg.eu\/ro\/produs\/geanta-de-voiaj-atlas\/","title":{"rendered":"Eberlestock Geant\u0103 de Voiaj Atlas"},"content":{"rendered":"<h2>Duffelul Atlas: Purt\u00e2ndu-\u021bi echipamentul cu stil \u0219i u\u0219urin\u021b\u0103<\/h2>\n<p>Duffelul Atlas este fratele mai mic al popularului Duffel Hercules, oferind toate acelea\u0219i caracteristici pe care oamenii le iubesc. Cu un compartiment principal mare, separatoare c\u0103ptu\u0219ite, \u0219ase buzunare exterioare cu fermoar \u0219i un compartiment de baz\u0103 cu pere\u021bi rigizi dedesubt, acest rucsac robust este conceput pentru a v\u0103 \u021bine echipamentul organizat \u0219i protejat.<\/p>\n<p>Securizat cu fermoare de securitate YKK care se pot \u00eencuia, Duffelul Atlas v\u0103 asigur\u0103 c\u0103 lucrurile dvs. sunt \u00een siguran\u021b\u0103, chiar \u0219i \u00een cele mai dure condi\u021bii. Husa de ploaie inclus\u0103 ofer\u0103 o protec\u021bie suplimentar\u0103, protej\u00e2nd echipamentul dvs. de umiditate \u0219i praf.<\/p>\n<p>L\u0103ud\u00e2ndu-se cu dimensiuni impresionante de 29,5 \u00een\u0103l\u021bime x 16 l\u0103\u021bime x 16 ad\u00e2ncime, cu un volum de 5.844 c.i. \/ 95,77L \u0219i o greutate de 12 lb 12 oz, Duffelul Atlas ofer\u0103 spa\u021biu suficient pentru a \u00eenc\u0103pea toate lucrurile esen\u021biale. Compartimentul inferior de 4 inch ad\u00e2ncime ofer\u0103 un loc convenabil pentru a stoca articole pe care trebuie s\u0103 le accesa\u021bi rapid.<\/p>\n<p>Fabricat cu o baz\u0103 rigid\u0103 \u0219i ro\u021bi rezistente, Duffelul Atlas este construit pentru a rezista la rigoarea c\u0103l\u0103toriilor. Buzunarele sale interne \u0219i separatoarele Velcro personalizabile v\u0103 permit s\u0103 adapta\u021bi organizarea la nevoile dvs. specifice, transform\u00e2ndu-l \u00een partenerul ideal pentru aventurile dvs.<\/p>\n","protected":false},"excerpt":{"rendered":"<p>Sacul Atlas este un sac spa\u021bios \u0219i versatil cu baz\u0103 rigid\u0103, compartimente capitonate \u0219i o hus\u0103 de ploaie pentru protec\u021bie \u00een orice condi\u021bii meteorologice.<\/p>\n","protected":false},"featured_media":696372,"template":"","meta":{"_acf_changed":false},"product_brand":[15156],"product_cat":[12735],"product_tag":[],"class_list":{"0":"post-696297","1":"product","2":"type-product","3":"status-publish","4":"has-post-thumbnail","6":"product_brand-eberlestock","7":"product_cat-genti-de-tragere","9":"first","10":"instock","11":"taxable","12":"shipping-taxable","13":"purchasable","14":"product-type-variable","15":"wvs-archive-product-wrapper"},"acf":[],"_links":{"self":[{"href":"https:\/\/nbg.eu\/ro\/wp-json\/wp\/v2\/product\/696297","targetHints":{"allow":["GET"]}}],"collection":[{"href":"https:\/\/nbg.eu\/ro\/wp-json\/wp\/v2\/product"}],"about":[{"href":"https:\/\/nbg.eu\/ro\/wp-json\/wp\/v2\/types\/product"}],"wp:featuredmedia":[{"embeddable":true,"href":"https:\/\/nbg.eu\/ro\/wp-json\/wp\/v2\/media\/696372"}],"wp:attachment":[{"href":"https:\/\/nbg.eu\/ro\/wp-json\/wp\/v2\/media?parent=696297"}],"wp:term":[{"taxonomy":"product_brand","embeddable":true,"href":"https:\/\/nbg.eu\/ro\/wp-json\/wp\/v2\/product_brand?post=696297"},{"taxonomy":"product_cat","embeddable":true,"href":"https:\/\/nbg.eu\/ro\/wp-json\/wp\/v2\/product_cat?post=696297"},{"taxonomy":"product_tag","embeddable":true,"href":"https:\/\/nbg.eu\/ro\/wp-json\/wp\/v2\/product_tag?post=696297"}],"curies":[{"name":"wp","href":"https:\/\/api.w.org\/{rel}","templated":true}]}}