{"id":696672,"date":"2025-12-22T15:43:37","date_gmt":"2025-12-22T12:43:37","guid":{"rendered":"https:\/\/nbg.eu\/product\/rucsac-pentru-asalt-in-misiuni-multicam\/"},"modified":"2026-04-15T14:39:25","modified_gmt":"2026-04-15T11:39:25","slug":"rucsac-pentru-asalt-in-misiuni-multicam","status":"publish","type":"product","link":"https:\/\/nbg.eu\/ro\/produs\/rucsac-pentru-asalt-in-misiuni-multicam\/","title":{"rendered":"Eberlestock Rucsac de Asalt Mission &#8211; Multicam"},"content":{"rendered":"<h2>Geant\u0103 de asalt Mission &#8211; Multicam<\/h2>\n<p>Construit\u0103 de la zero pentru a se sim\u021bi ca acas\u0103 \u00een stiv\u0103, Geanta de Asalt se potrive\u0219te cu Cadrul de Misiune pentru un sistem portant \u00eenc\u0103rcat \u0219i compact. Cu o serie de caracteristici organiza\u021bionale, o potrivire sigur\u0103 \u0219i reglabil\u0103 \u0219i acces expeditiv la interior, Geanta de Asalt te \u021bine \u00een vizor. Capacitatea de a ad\u0103uga \u00een continuare accesorii \u0219i func\u021bii prin sistemul EMOD Mission nu face dec\u00e2t s\u0103 sporeasc\u0103 mai departe capacitatea acestei gen\u021bi.<\/p>\n<p>C\u00e2nt\u0103rind 1 lb 12 oz, Geanta de Asalt este construit\u0103 din materiale durabile de 500D Ripstop \u0219i ofer\u0103 o capacitate generoas\u0103 de 2.000 de inch cubi pentru a \u00eenc\u0103pea echipamentul esen\u021bial.<\/p>\n","protected":false},"excerpt":{"rendered":"<p>Rucsac de asalt modular \u0219i versatil cu caracteristici organiza\u021bionale \u0219i compatibilitate EMOD.<\/p>\n","protected":false},"featured_media":696705,"template":"","meta":{"_acf_changed":false},"product_brand":[15156],"product_cat":[12739],"product_tag":[],"class_list":{"0":"post-696672","1":"product","2":"type-product","3":"status-publish","4":"has-post-thumbnail","6":"product_brand-eberlestock","7":"product_cat-rucsacuri","9":"first","10":"outofstock","11":"taxable","12":"shipping-taxable","13":"purchasable","14":"product-type-variable","15":"wvs-archive-product-wrapper"},"acf":[],"_links":{"self":[{"href":"https:\/\/nbg.eu\/ro\/wp-json\/wp\/v2\/product\/696672","targetHints":{"allow":["GET"]}}],"collection":[{"href":"https:\/\/nbg.eu\/ro\/wp-json\/wp\/v2\/product"}],"about":[{"href":"https:\/\/nbg.eu\/ro\/wp-json\/wp\/v2\/types\/product"}],"wp:featuredmedia":[{"embeddable":true,"href":"https:\/\/nbg.eu\/ro\/wp-json\/wp\/v2\/media\/696705"}],"wp:attachment":[{"href":"https:\/\/nbg.eu\/ro\/wp-json\/wp\/v2\/media?parent=696672"}],"wp:term":[{"taxonomy":"product_brand","embeddable":true,"href":"https:\/\/nbg.eu\/ro\/wp-json\/wp\/v2\/product_brand?post=696672"},{"taxonomy":"product_cat","embeddable":true,"href":"https:\/\/nbg.eu\/ro\/wp-json\/wp\/v2\/product_cat?post=696672"},{"taxonomy":"product_tag","embeddable":true,"href":"https:\/\/nbg.eu\/ro\/wp-json\/wp\/v2\/product_tag?post=696672"}],"curies":[{"name":"wp","href":"https:\/\/api.w.org\/{rel}","templated":true}]}}