{"id":696848,"date":"2025-12-22T15:47:55","date_gmt":"2025-12-22T12:47:55","guid":{"rendered":"https:\/\/nbg.eu\/product\/misiunea-arc-multicam\/"},"modified":"2026-04-15T14:39:21","modified_gmt":"2026-04-15T11:39:21","slug":"misiunea-arc-multicam","status":"publish","type":"product","link":"https:\/\/nbg.eu\/ro\/produs\/misiunea-arc-multicam\/","title":{"rendered":"Eberlestock Mission ARC &#8211; Multicam"},"content":{"rendered":"<h2>Mission ARC-Multicam: Optimizat pentru eficien\u021b\u0103 opera\u021bional\u0103<\/h2>\n<p>Portc\u0103rbunele Adaptabil de Arm\u0103 (ARC) Mission este o resurs\u0103 func\u021bional\u0103 pentru profesioni\u0219ti care trebuie s\u0103 transporte active suplimentare pe teren. ARC cre\u0219te capacitatea opera\u021bional\u0103 \u0219i este proiectat s\u0103 se pereche cu Cadrul EMOD Mission \u0219i Extensia Fermoar Mission. Prin prinderea de partea din spate a Cadrului Mission prin banda MOLLE, ARC func\u021bioneaz\u0103 ca un portc\u0103rbuner pentru armele de precizie, platformele de stil AR \u0219i poate transporta alte echipamente esen\u021biale pentru misiune.<\/p>\n<p>Succesul unei misiuni depinde de sincronizare precis\u0103, acurate\u021be \u0219i desf\u0103\u0219urarea eficient\u0103 a resurselor disponibile. ARC a fost construit pentru a sprijini cerin\u021bele de echipament \u00een orice mediu. Caracterizat de \u021bes\u0103tura 500D, o baz\u0103 ajustabil\u0103, benzi MOLLE, curele de fixare \u0219i o baz\u0103 din Hypalon \u00eent\u0103rit\u0103, Mission ARC-Multicam este conceput pentru a optimiza organizarea \u0219i accesibilitatea echipamentelor pe teren.<\/p>\n<p>Dimensiuni: 15&#8243;\u00ce x 3&#8243;L<\/p>\n","protected":false},"excerpt":{"rendered":"<p>Transportorul de arm\u0103 Mission ARC-Multicam este un c\u0103rucior func\u021bional \u0219i reglabil care se fixeaz\u0103 pe cadrul Mission EMOD, permi\u021b\u00e2nd transportul de pu\u0219ti de precizie, platforme de tip AR \u0219i echipamente esen\u021biale pentru misiune.<\/p>\n","protected":false},"featured_media":696889,"template":"","meta":{"_acf_changed":false},"product_brand":[15156],"product_cat":[12739],"product_tag":[],"class_list":{"0":"post-696848","1":"product","2":"type-product","3":"status-publish","4":"has-post-thumbnail","6":"product_brand-eberlestock","7":"product_cat-rucsacuri","9":"first","10":"instock","11":"taxable","12":"shipping-taxable","13":"purchasable","14":"product-type-variable","15":"wvs-archive-product-wrapper"},"acf":[],"_links":{"self":[{"href":"https:\/\/nbg.eu\/ro\/wp-json\/wp\/v2\/product\/696848","targetHints":{"allow":["GET"]}}],"collection":[{"href":"https:\/\/nbg.eu\/ro\/wp-json\/wp\/v2\/product"}],"about":[{"href":"https:\/\/nbg.eu\/ro\/wp-json\/wp\/v2\/types\/product"}],"wp:featuredmedia":[{"embeddable":true,"href":"https:\/\/nbg.eu\/ro\/wp-json\/wp\/v2\/media\/696889"}],"wp:attachment":[{"href":"https:\/\/nbg.eu\/ro\/wp-json\/wp\/v2\/media?parent=696848"}],"wp:term":[{"taxonomy":"product_brand","embeddable":true,"href":"https:\/\/nbg.eu\/ro\/wp-json\/wp\/v2\/product_brand?post=696848"},{"taxonomy":"product_cat","embeddable":true,"href":"https:\/\/nbg.eu\/ro\/wp-json\/wp\/v2\/product_cat?post=696848"},{"taxonomy":"product_tag","embeddable":true,"href":"https:\/\/nbg.eu\/ro\/wp-json\/wp\/v2\/product_tag?post=696848"}],"curies":[{"name":"wp","href":"https:\/\/api.w.org\/{rel}","templated":true}]}}