{"id":697068,"date":"2025-12-22T16:18:10","date_gmt":"2025-12-22T13:18:10","guid":{"rendered":"https:\/\/nbg.eu\/product\/misiunea-fermoar-extensie-multicam\/"},"modified":"2026-04-15T14:39:18","modified_gmt":"2026-04-15T11:39:18","slug":"misiunea-fermoar-extensie-multicam","status":"publish","type":"product","link":"https:\/\/nbg.eu\/ro\/produs\/misiunea-fermoar-extensie-multicam\/","title":{"rendered":"Eberlestock Extensie Fermoar Mission EMOD &#8211; Multicam"},"content":{"rendered":"<h2>Extensia Fermoarului Mission-Multicam<\/h2>\n<p>Extensia Fermoarului Mission combin\u0103 scopul \u0219i utilitatea pentru operator. Extensia Fermoarului se ata\u0219eaz\u0103 la fa\u021ba Cadrului EMOD Mission \u0219i este proiectat\u0103 pentru a fi utilizat\u0103 \u00eempreun\u0103 cu ARC-ul Mission \u0219i un Pachet Mission pentru a v\u0103 cre\u0219te capacitatea \u0219i versatilitatea echipamentelor. \u021aes\u0103tura MOLLE \u0219i construc\u021bia laminat\u0103 din dublu strat de 500D v\u0103 ofer\u0103 caracteristicile necesare pentru gestionarea eficient\u0103 a cablurilor, rutarea antenelor \u0219i ata\u0219area toarnaurilor. Extensia Fermoarului Mission serve\u0219te drept un ata\u0219ament vital pentru a v\u0103 \u00eent\u0103ri performan\u021ba pe teren.<\/p>\n<h2>Dimensiuni<\/h2>\n<p>Dimensiuni: 15&#8243; x 3&#8243;<\/p>\n<h2>Caracteristici<\/h2>\n<ul>\n<li>\u021aes\u0103tur\u0103 de 500D<\/li>\n<li>Fermoare YKK<\/li>\n<li>Laminat \u00een strat dublu<\/li>\n<\/ul>\n","protected":false},"excerpt":{"rendered":"<p>Extensia cu fermoar Mission Multicam cre\u0219te capacitatea echipamentului cu sistemul MOLLE \u0219i construc\u021bia laminat\u0103 din 500D pentru gestionarea cablurilor \u0219i rutarea antenei.<\/p>\n","protected":false},"featured_media":697105,"template":"","meta":{"_acf_changed":false},"product_brand":[15156],"product_cat":[12739],"product_tag":[],"class_list":{"0":"post-697068","1":"product","2":"type-product","3":"status-publish","4":"has-post-thumbnail","6":"product_brand-eberlestock","7":"product_cat-rucsacuri","9":"first","10":"instock","11":"taxable","12":"shipping-taxable","13":"purchasable","14":"product-type-variable","15":"wvs-archive-product-wrapper"},"acf":[],"_links":{"self":[{"href":"https:\/\/nbg.eu\/ro\/wp-json\/wp\/v2\/product\/697068","targetHints":{"allow":["GET"]}}],"collection":[{"href":"https:\/\/nbg.eu\/ro\/wp-json\/wp\/v2\/product"}],"about":[{"href":"https:\/\/nbg.eu\/ro\/wp-json\/wp\/v2\/types\/product"}],"wp:featuredmedia":[{"embeddable":true,"href":"https:\/\/nbg.eu\/ro\/wp-json\/wp\/v2\/media\/697105"}],"wp:attachment":[{"href":"https:\/\/nbg.eu\/ro\/wp-json\/wp\/v2\/media?parent=697068"}],"wp:term":[{"taxonomy":"product_brand","embeddable":true,"href":"https:\/\/nbg.eu\/ro\/wp-json\/wp\/v2\/product_brand?post=697068"},{"taxonomy":"product_cat","embeddable":true,"href":"https:\/\/nbg.eu\/ro\/wp-json\/wp\/v2\/product_cat?post=697068"},{"taxonomy":"product_tag","embeddable":true,"href":"https:\/\/nbg.eu\/ro\/wp-json\/wp\/v2\/product_tag?post=697068"}],"curies":[{"name":"wp","href":"https:\/\/api.w.org\/{rel}","templated":true}]}}