{"id":697202,"date":"2025-12-22T16:34:07","date_gmt":"2025-12-22T13:34:07","guid":{"rendered":"https:\/\/nbg.eu\/product\/cadru-misiune-emod-multicam\/"},"modified":"2026-04-15T14:39:14","modified_gmt":"2026-04-15T11:39:14","slug":"cadru-misiune-emod-multicam","status":"publish","type":"product","link":"https:\/\/nbg.eu\/ro\/produs\/cadru-misiune-emod-multicam\/","title":{"rendered":"Eberlestock Cadru Mission EMOD &#8211; Multicam"},"content":{"rendered":"<h2>Cadru de Misiune &#8211; EMOD &#8211; Multicam<\/h2>\n<p>Fundamentul Misiunii EMOD, Cadrul de Misiune, ofer\u0103 un punct de plecare robust, modular \u0219i compact pentru noul t\u0103u echipament. Dup\u0103 ore f\u0103r\u0103 num\u0103r petrecute pe testare \u0219i dezvoltare al\u0103turi de operatori SOF din toate ramurile, acest cadru a fost proiectat pentru a se potrivi \u0219i func\u021biona f\u0103r\u0103 probleme \u00eempreun\u0103 cu echipamentul t\u0103u, at\u00e2t pe tine, c\u00e2t \u0219i \u00een afara ta.<\/p>\n<p>Dimensiuni: 2 LB 15 OZ<\/p>\n","protected":false},"excerpt":{"rendered":"<p>Cadrul Misiunii- EMOD -Multicam: un punct de plecare robust, modular \u0219i compact pentru \u00eenc\u0103rc\u0103tura dvs., proiectat pentru operatorii SOF.<\/p>\n","protected":false},"featured_media":697329,"template":"","meta":{"_acf_changed":false},"product_brand":[15156],"product_cat":[12739],"product_tag":[],"class_list":{"0":"post-697202","1":"product","2":"type-product","3":"status-publish","4":"has-post-thumbnail","6":"product_brand-eberlestock","7":"product_cat-rucsacuri","9":"first","10":"instock","11":"taxable","12":"shipping-taxable","13":"purchasable","14":"product-type-variable","15":"wvs-archive-product-wrapper"},"acf":[],"_links":{"self":[{"href":"https:\/\/nbg.eu\/ro\/wp-json\/wp\/v2\/product\/697202","targetHints":{"allow":["GET"]}}],"collection":[{"href":"https:\/\/nbg.eu\/ro\/wp-json\/wp\/v2\/product"}],"about":[{"href":"https:\/\/nbg.eu\/ro\/wp-json\/wp\/v2\/types\/product"}],"wp:featuredmedia":[{"embeddable":true,"href":"https:\/\/nbg.eu\/ro\/wp-json\/wp\/v2\/media\/697329"}],"wp:attachment":[{"href":"https:\/\/nbg.eu\/ro\/wp-json\/wp\/v2\/media?parent=697202"}],"wp:term":[{"taxonomy":"product_brand","embeddable":true,"href":"https:\/\/nbg.eu\/ro\/wp-json\/wp\/v2\/product_brand?post=697202"},{"taxonomy":"product_cat","embeddable":true,"href":"https:\/\/nbg.eu\/ro\/wp-json\/wp\/v2\/product_cat?post=697202"},{"taxonomy":"product_tag","embeddable":true,"href":"https:\/\/nbg.eu\/ro\/wp-json\/wp\/v2\/product_tag?post=697202"}],"curies":[{"name":"wp","href":"https:\/\/api.w.org\/{rel}","templated":true}]}}