{"id":697531,"date":"2025-12-22T17:34:47","date_gmt":"2025-12-22T14:34:47","guid":{"rendered":"https:\/\/nbg.eu\/product\/geanta-de-tip-bang-bang-range\/"},"modified":"2026-04-15T14:39:06","modified_gmt":"2026-04-15T11:39:06","slug":"geanta-de-tip-bang-bang-range","status":"publish","type":"product","link":"https:\/\/nbg.eu\/ro\/produs\/geanta-de-tip-bang-bang-range\/","title":{"rendered":"Eberlestock Geant\u0103 de Poligon Bang-Bang"},"content":{"rendered":"<h2>Geanta de poligon Bang-Bang<\/h2>\n<p>Bang Bang\u2122 a fost dezvoltat\u0103 ca o geant\u0103 de poligon compact\u0103 pentru a p\u0103stra toate echipamentele esentiale \u0219i a le proteja de intemperii. Baza din policarbonat face geanta impermeabil\u0103 la solul umed, pietre, resturi \u0219i praful de poligon.<\/p>\n<p>Compartimentul principal are separatoare c\u0103ptu\u0219ite configurabile pentru a p\u0103stra \u00een siguran\u021b\u0103 \u0219i organizat articole medicale, unelte, echipamente foto \u0219i de poligon. Compartimentul din baz\u0103 este perfect pentru arme de foc, unelte sau chiar o carabin\u0103 compact\u0103.<\/p>\n<h2>Dimensiuni<\/h2>\n<p>Volum: 2062.5 c.i. \/ 33.80L<br \/>\nGreutate: 4 lbs<br \/>\nDimensiuni: 10.25H x 21L x 10A<br \/>\nSpecifica\u021bii compartiment de baz\u0103 21.5&#8243; L x 9.5&#8243; L x 2&#8243; A<\/p>\n<h2>Caracteristici<\/h2>\n<ul>\n<li>Baz\u0103 din policarbonat<\/li>\n<li>Compartiment principal c\u0103ptu\u0219it \u0219i configurabil<\/li>\n<li>Hamul de um\u0103r reglabil<\/li>\n<li>Separatoare personalizabile pentru organizare<\/li>\n<li>Compartiment de baz\u0103 pentru depozitare securizat\u0103<\/li>\n<\/ul>\n","protected":false},"excerpt":{"rendered":"<p>Geanta de tir Bang-Bang este o geant\u0103 compact\u0103 \u0219i durabil\u0103 cu o baz\u0103 din policarbonat \u0219i un interior configurabil pentru a-\u021bi proteja echipamentul esen\u021bial.<\/p>\n","protected":false},"featured_media":697583,"template":"","meta":{"_acf_changed":false},"product_brand":[15156],"product_cat":[12735],"product_tag":[],"class_list":{"0":"post-697531","1":"product","2":"type-product","3":"status-publish","4":"has-post-thumbnail","6":"product_brand-eberlestock","7":"product_cat-genti-de-tragere","9":"first","10":"instock","11":"taxable","12":"shipping-taxable","13":"purchasable","14":"product-type-variable","15":"wvs-archive-product-wrapper"},"acf":[],"_links":{"self":[{"href":"https:\/\/nbg.eu\/ro\/wp-json\/wp\/v2\/product\/697531","targetHints":{"allow":["GET"]}}],"collection":[{"href":"https:\/\/nbg.eu\/ro\/wp-json\/wp\/v2\/product"}],"about":[{"href":"https:\/\/nbg.eu\/ro\/wp-json\/wp\/v2\/types\/product"}],"wp:featuredmedia":[{"embeddable":true,"href":"https:\/\/nbg.eu\/ro\/wp-json\/wp\/v2\/media\/697583"}],"wp:attachment":[{"href":"https:\/\/nbg.eu\/ro\/wp-json\/wp\/v2\/media?parent=697531"}],"wp:term":[{"taxonomy":"product_brand","embeddable":true,"href":"https:\/\/nbg.eu\/ro\/wp-json\/wp\/v2\/product_brand?post=697531"},{"taxonomy":"product_cat","embeddable":true,"href":"https:\/\/nbg.eu\/ro\/wp-json\/wp\/v2\/product_cat?post=697531"},{"taxonomy":"product_tag","embeddable":true,"href":"https:\/\/nbg.eu\/ro\/wp-json\/wp\/v2\/product_tag?post=697531"}],"curies":[{"name":"wp","href":"https:\/\/api.w.org\/{rel}","templated":true}]}}