{"id":697995,"date":"2025-12-22T17:41:31","date_gmt":"2025-12-22T14:41:31","guid":{"rendered":"https:\/\/nbg.eu\/product\/pachet-upranger\/"},"modified":"2026-01-07T13:14:45","modified_gmt":"2026-01-07T10:14:45","slug":"pachet-upranger","status":"publish","type":"product","link":"https:\/\/nbg.eu\/ro\/produs\/pachet-upranger\/","title":{"rendered":"Pachet UpRanger"},"content":{"rendered":"<h2>Rucsacul UpRanger: Revolutioneaz\u0103 transportul echipamentului t\u0103u 3-Gun \u0219i de agrement<\/h2>\n<p>Inspirat de nevoile unui campion 3-Gunner, rucsacul UpRanger\u2122 schimb\u0103 jocul. Conceput pentru a fi l\u0103sat pe fa\u021ba sa exterioar\u0103 durabil\u0103 din policarbonat, rucsacul poate fi desf\u0103cut din partea hamului pentru un acces rapid la echipamentul t\u0103u f\u0103r\u0103 uzur\u0103 sau murd\u0103rie inutil\u0103. Fie c\u0103 \u00eel folose\u0219ti la poligon, ca o geant\u0103 de camer\u0103 rezistent\u0103 sau pentru orice alt\u0103 aventur\u0103 \u00een aer liber, UpRanger are capacitatea \u0219i caracteristicile necesare pentru a le gestiona pe toate.<\/p>\n<p>Cu un volum spa\u021bios de 3260 de inch cubi (53,4 L) \u0219i c\u00e2nt\u0103rind doar 6,45 lbs, UpRanger este un rucsac foarte capabil, dar u\u0219or. Hamul s\u0103u de um\u0103r c\u0103ptu\u0219it \u0219i reglabil asigur\u0103 un transport confortabil, \u00een timp ce compartimentele configurabile v\u0103 permit s\u0103 personaliza\u021bi dispunerea interioar\u0103 \u00een func\u021bie de nevoile dvs. specifice. Pentru o protec\u021bie suplimentar\u0103, rucsacul este compatibil cu capacul nostru mare de ploaie reversibil pentru a v\u0103 \u021bine echipamentul uscat \u00een condi\u021bii meteorologice nefavorabile.<\/p>\n<p>Pentru cea mai bun\u0103 configura\u021bie 3-Gun, asociaz\u0103 UpRanger cu gen\u021bi noastre Sidewinder pentru o solu\u021bie all-in-one care v\u0103 \u021bine armele de foc \u00een siguran\u021b\u0103 \u0219i u\u0219or accesibile. Panourile laterale deta\u0219abile ofer\u0103 o flexibilitate suplimentar\u0103, permi\u021bindu-v\u0103 s\u0103 configura\u021bi rucsacul \u00een func\u021bie de cerin\u021bele dvs. unice.<\/p>\n<p>\u00cembun\u0103t\u0103\u021be\u0219te-\u021bi gestionarea echipamentelor de agrement cu inova\u021bionalul rucsac UpRanger, conceput pentru a-\u021bi simplifica activit\u0103\u021bile \u0219i a-\u021bi p\u0103stra echipamentul esen\u021bial organizat \u0219i protejat.<\/p>\n","protected":false},"excerpt":{"rendered":"<p>Rucsac versatil de 3 arme cu baz\u0103 din policarbonat pentru acces rapid \u0219i f\u0103r\u0103 murd\u0103rie.<\/p>\n","protected":false},"featured_media":696444,"template":"","meta":{"_acf_changed":false},"product_brand":[15156],"product_cat":[12739],"product_tag":[],"class_list":{"0":"post-697995","1":"product","2":"type-product","3":"status-publish","4":"has-post-thumbnail","6":"product_brand-eberlestock","7":"product_cat-rucsacuri","9":"first","10":"instock","11":"taxable","12":"shipping-taxable","13":"purchasable","14":"product-type-variable","15":"wvs-archive-product-wrapper"},"acf":[],"_links":{"self":[{"href":"https:\/\/nbg.eu\/ro\/wp-json\/wp\/v2\/product\/697995","targetHints":{"allow":["GET"]}}],"collection":[{"href":"https:\/\/nbg.eu\/ro\/wp-json\/wp\/v2\/product"}],"about":[{"href":"https:\/\/nbg.eu\/ro\/wp-json\/wp\/v2\/types\/product"}],"wp:featuredmedia":[{"embeddable":true,"href":"https:\/\/nbg.eu\/ro\/wp-json\/wp\/v2\/media\/696444"}],"wp:attachment":[{"href":"https:\/\/nbg.eu\/ro\/wp-json\/wp\/v2\/media?parent=697995"}],"wp:term":[{"taxonomy":"product_brand","embeddable":true,"href":"https:\/\/nbg.eu\/ro\/wp-json\/wp\/v2\/product_brand?post=697995"},{"taxonomy":"product_cat","embeddable":true,"href":"https:\/\/nbg.eu\/ro\/wp-json\/wp\/v2\/product_cat?post=697995"},{"taxonomy":"product_tag","embeddable":true,"href":"https:\/\/nbg.eu\/ro\/wp-json\/wp\/v2\/product_tag?post=697995"}],"curies":[{"name":"wp","href":"https:\/\/api.w.org\/{rel}","templated":true}]}}