{"id":698313,"date":"2025-12-22T17:45:44","date_gmt":"2025-12-22T14:45:44","guid":{"rendered":"https:\/\/nbg.eu\/product\/pat-de-tragere\/"},"modified":"2026-04-15T14:39:03","modified_gmt":"2026-04-15T11:39:03","slug":"pat-de-tragere","status":"publish","type":"product","link":"https:\/\/nbg.eu\/ro\/produs\/pat-de-tragere\/","title":{"rendered":"Eberlestock Cov\u0103ra\u0219 de Tir Dirt Nap"},"content":{"rendered":"<h2>Covorul de tragere Dirt Nap: Optimizat pentru confortul \u0219i comoditatea pozi\u021biei culcate la tragere<\/h2>\n<p>Covorul de tragere Dirt Nap este conceput \u00een mod expert \u0219i prioritizat pentru pozi\u021bia de tragere culcat\u0103. \u00cembun\u0103t\u0103\u021be\u0219te ie\u0219irile tale cu un confort \u0219i o utilitate superioare, f\u0103c\u00e2ndu-l o ad\u0103ugire esen\u021bial\u0103 la trusa ta de zi de la poligon.<\/p>\n<p>Dirt Nap are celule capitonate individual, care creeaz\u0103 cute naturale, permi\u021b\u00e2nd plierea u\u0219oar\u0103 \u0219i depozitarea compact\u0103. Cu c\u0103ptu\u0219eal\u0103 complet\u0103 \u00een jum\u0103tatea superioar\u0103 \u0219i extins\u0103 pe centrul jum\u0103t\u0103\u021bii inferioare, ofer\u0103 confort maxim exact acolo unde ai nevoie cel mai mult.<\/p>\n<p>M\u0103sur\u00e2nd 94&#8243;lungime x 34&#8243;l\u0103\u021bime \u0219i pli\u00e2ndu-se p\u00e2n\u0103 la o dimensiune compact\u0103 de 12&#8243; x 17&#8243;, Covorul de tragere Dirt Nap c\u00e2nt\u0103re\u0219te doar 4lbs. 13oz. Construc\u021bia sa durabil\u0103 din nailon de 600D acoperit cu PVC, partea inferioar\u0103 acoperit\u0103 cu PVC \u0219i m\u00e2nerul de transport practic \u00eel fac o alegere robust\u0103 \u0219i practic\u0103 pentru orice tr\u0103g\u0103tor.<\/p>\n<p>Clapa de depozitare cu curele de 20mm \u0219i catarame asigur\u0103 fixarea \u00een siguran\u021b\u0103 a Dirt Nap, \u00een timp ce caracteristicile de design atente \u00eel fac o pies\u0103 esen\u021bial\u0103 de echipament pentru urm\u0103toarea ta zi la poligon.<\/p>\n","protected":false},"excerpt":{"rendered":"<p>Covorul de tragere Dirt Nap &#8211; proiectat \u00een mod expert pentru tragerea \u00een pozi\u021bia culcat, oferind confort \u0219i pricticitate superioare.<\/p>\n","protected":false},"featured_media":698522,"template":"","meta":{"_acf_changed":false},"product_brand":[15156],"product_cat":[12803],"product_tag":[],"class_list":{"0":"post-698313","1":"product","2":"type-product","3":"status-publish","4":"has-post-thumbnail","6":"product_brand-eberlestock","7":"product_cat-echipament","9":"first","10":"instock","11":"taxable","12":"shipping-taxable","13":"purchasable","14":"product-type-variable","15":"wvs-archive-product-wrapper"},"acf":[],"_links":{"self":[{"href":"https:\/\/nbg.eu\/ro\/wp-json\/wp\/v2\/product\/698313","targetHints":{"allow":["GET"]}}],"collection":[{"href":"https:\/\/nbg.eu\/ro\/wp-json\/wp\/v2\/product"}],"about":[{"href":"https:\/\/nbg.eu\/ro\/wp-json\/wp\/v2\/types\/product"}],"wp:featuredmedia":[{"embeddable":true,"href":"https:\/\/nbg.eu\/ro\/wp-json\/wp\/v2\/media\/698522"}],"wp:attachment":[{"href":"https:\/\/nbg.eu\/ro\/wp-json\/wp\/v2\/media?parent=698313"}],"wp:term":[{"taxonomy":"product_brand","embeddable":true,"href":"https:\/\/nbg.eu\/ro\/wp-json\/wp\/v2\/product_brand?post=698313"},{"taxonomy":"product_cat","embeddable":true,"href":"https:\/\/nbg.eu\/ro\/wp-json\/wp\/v2\/product_cat?post=698313"},{"taxonomy":"product_tag","embeddable":true,"href":"https:\/\/nbg.eu\/ro\/wp-json\/wp\/v2\/product_tag?post=698313"}],"curies":[{"name":"wp","href":"https:\/\/api.w.org\/{rel}","templated":true}]}}