{"id":698720,"date":"2025-12-22T17:51:28","date_gmt":"2025-12-22T14:51:28","guid":{"rendered":"https:\/\/nbg.eu\/product\/pachetul-lodrag-ii\/"},"modified":"2026-04-15T14:38:59","modified_gmt":"2026-04-15T11:38:59","slug":"pachetul-lodrag-ii","status":"publish","type":"product","link":"https:\/\/nbg.eu\/ro\/produs\/pachetul-lodrag-ii\/","title":{"rendered":"Eberlestock Rucsac LoDrag II"},"content":{"rendered":"<h2>X31 LoDrag II\u2122 Geant\u0103 Tactic\u0103<\/h2>\n<p>Proiectat\u0103 pentru a fi o geant\u0103 tactic\u0103 foarte func\u021bional\u0103 \u0219i u\u0219oar\u0103, precum \u0219i pentru a \u00eencorpora un suport pentru arme tactice, X31 LoDrag II\u2122 a devenit o prezen\u021b\u0103 obi\u0219nuit\u0103 \u00een lumea armelor de precizie. \u00cen interiorul compartimentului principal, LoDrag II are un raft pliabil pentru a separa spa\u021biul de \u00eenc\u0103rcare superior \u0219i inferior \u0219i o m\u00e2nec\u0103 pentru hidratare pentru sistemele noastre de hidratare de 2L \u0219i 3L. Curelele de compresie laterale au catarame HD de 25 mm pentru eliberarea rapid\u0103 a articolelor, cum ar fi trepiedele, comprimate pe latura rucsacului.<\/p>\n<h2>Dimensiuni<\/h2>\n<p>Volum: 2290 c.i. \/ 37,5 L<br \/>\nGreutate: 6,85 lbs<br \/>\nDimensiuni: 22,5H x 11L x 11,75A<br \/>\nDimensiuni suport arme: 34&#8243; H x 10&#8243; L x 3A<\/p>\n<h2>Caracteristici<\/h2>\n<ul>\n<li>Suport pentru arme tactice<\/li>\n<li>Raft pliabil pentru a separa spa\u021biul de \u00eenc\u0103rcare superior \u0219i inferior<\/li>\n<li>Hus\u0103 de ploaie inclus\u0103<\/li>\n<li>M\u00e2nec\u0103 pentru hidratare<\/li>\n<\/ul>\n","protected":false},"excerpt":{"rendered":"<p>Rucsac tactic u\u0219or, cu o teac\u0103 dimensionat\u0103 pentru arm\u0103, raft pliabil \u0219i m\u00e2nec\u0103 pentru hidratare.<\/p>\n","protected":false},"featured_media":698768,"template":"","meta":{"_acf_changed":false},"product_brand":[15156],"product_cat":[12739],"product_tag":[],"class_list":{"0":"post-698720","1":"product","2":"type-product","3":"status-publish","4":"has-post-thumbnail","6":"product_brand-eberlestock","7":"product_cat-rucsacuri","9":"first","10":"instock","11":"taxable","12":"shipping-taxable","13":"purchasable","14":"product-type-variable","15":"wvs-archive-product-wrapper"},"acf":[],"_links":{"self":[{"href":"https:\/\/nbg.eu\/ro\/wp-json\/wp\/v2\/product\/698720","targetHints":{"allow":["GET"]}}],"collection":[{"href":"https:\/\/nbg.eu\/ro\/wp-json\/wp\/v2\/product"}],"about":[{"href":"https:\/\/nbg.eu\/ro\/wp-json\/wp\/v2\/types\/product"}],"wp:featuredmedia":[{"embeddable":true,"href":"https:\/\/nbg.eu\/ro\/wp-json\/wp\/v2\/media\/698768"}],"wp:attachment":[{"href":"https:\/\/nbg.eu\/ro\/wp-json\/wp\/v2\/media?parent=698720"}],"wp:term":[{"taxonomy":"product_brand","embeddable":true,"href":"https:\/\/nbg.eu\/ro\/wp-json\/wp\/v2\/product_brand?post=698720"},{"taxonomy":"product_cat","embeddable":true,"href":"https:\/\/nbg.eu\/ro\/wp-json\/wp\/v2\/product_cat?post=698720"},{"taxonomy":"product_tag","embeddable":true,"href":"https:\/\/nbg.eu\/ro\/wp-json\/wp\/v2\/product_tag?post=698720"}],"curies":[{"name":"wp","href":"https:\/\/api.w.org\/{rel}","templated":true}]}}