{"id":699108,"date":"2025-12-22T17:57:48","date_gmt":"2025-12-22T14:57:48","guid":{"rendered":"https:\/\/nbg.eu\/product\/pachetul-glontul-rapid-ii\/"},"modified":"2026-04-15T14:38:55","modified_gmt":"2026-04-15T11:38:55","slug":"pachetul-glontul-rapid-ii","status":"publish","type":"product","link":"https:\/\/nbg.eu\/ro\/produs\/pachetul-glontul-rapid-ii\/","title":{"rendered":"Eberlestock Rucsac G2 Gunslinger II"},"content":{"rendered":"<h2>Gunslinger II\u2122 Pachet Tactic<\/h2>\n<p>Gunslinger II\u2122 este un rucsac tactic de dimensiuni medii cu un compartiment de l\u0103\u021bi pe toat\u0103 l\u0103\u021bimea pentru a putea \u00eenc\u0103pea mai bine armele cu sec\u021biuni mai mari sau cu optici voluminoase. Compartimentul larg poate fi folosit \u0219i pentru a depozita un laptop sau un radio militar. Chiar \u0219i c\u00e2nd compartimentul este pliat, va \u00eenc\u0103pea perfect \u00een el cea mai mare parte a armelor cu \u021beav\u0103 scurt\u0103. Gunslinger II are o capacitate de 2100 de inchi cubi \u0219i vine standard cu cadrul nostru tubular Intex-II\u2122 f\u0103r\u0103 raft, ham de um\u0103r complet reglabil \u0219i curea de \u0219old capitonat\u0103.<\/p>\n<h2>Dimensiuni<\/h2>\n<p>Volum rucsac: 2.100 c.i. \/ 34,41L<br \/>\nVolum compartiment: 600 c.i.<br \/>\n-Volum total: 44 litri \/ 2.700 c.i.<br \/>\n-Greutate: 6 lbs \u0219i 8 oz.<br \/>\n-Dimensiuni sac principal: 22&#8243;h x 10&#8243;w x 8&#8243;d<br \/>\n-Dimensiuni compartiment: 34&#8243;L x 10&#8243;W x 3&#8243;D, cu o deschidere de 26&#8243; \u00een circumferin\u021b\u0103. Capacul GSTC permite transportul armelor de p\u00e2n\u0103 la 60&#8243; \u00een\u0103untru.<br \/>\n-Greutate real\u0103: 6,5 lbs (cu GSTC).<\/p>\n<h2>Caracteristici<\/h2>\n<p>Buzunar \u00een capac<br \/>\n-Panou de \u00eenc\u0103rcare<br \/>\n-Buzunare pentru sticle de ap\u0103<br \/>\n-Compartiment integrat pentru arm\u0103<br \/>\n-Curele de compresie Grapple<br \/>\n-Deschidere \u00een fa\u021b\u0103 cu fermoar \u0219i cu cordon \u00een partea de sus<br \/>\n-Cadru tubular Intex II<\/p>\n","protected":false},"excerpt":{"rendered":"<p>Gunslinger II\u2122 este un rucsac tactic de dimensiuni medii cu o teac\u0103 pe toat\u0103 l\u0103\u021bimea pentru a putea adapta mai bine armele cu sec\u021biuni transversale mai mari sau optici volumino\u0219i.<\/p>\n","protected":false},"featured_media":699184,"template":"","meta":{"_acf_changed":false},"product_brand":[15156],"product_cat":[12739],"product_tag":[],"class_list":{"0":"post-699108","1":"product","2":"type-product","3":"status-publish","4":"has-post-thumbnail","6":"product_brand-eberlestock","7":"product_cat-rucsacuri","9":"first","10":"instock","11":"taxable","12":"shipping-taxable","13":"purchasable","14":"product-type-variable","15":"wvs-archive-product-wrapper"},"acf":[],"_links":{"self":[{"href":"https:\/\/nbg.eu\/ro\/wp-json\/wp\/v2\/product\/699108","targetHints":{"allow":["GET"]}}],"collection":[{"href":"https:\/\/nbg.eu\/ro\/wp-json\/wp\/v2\/product"}],"about":[{"href":"https:\/\/nbg.eu\/ro\/wp-json\/wp\/v2\/types\/product"}],"wp:featuredmedia":[{"embeddable":true,"href":"https:\/\/nbg.eu\/ro\/wp-json\/wp\/v2\/media\/699184"}],"wp:attachment":[{"href":"https:\/\/nbg.eu\/ro\/wp-json\/wp\/v2\/media?parent=699108"}],"wp:term":[{"taxonomy":"product_brand","embeddable":true,"href":"https:\/\/nbg.eu\/ro\/wp-json\/wp\/v2\/product_brand?post=699108"},{"taxonomy":"product_cat","embeddable":true,"href":"https:\/\/nbg.eu\/ro\/wp-json\/wp\/v2\/product_cat?post=699108"},{"taxonomy":"product_tag","embeddable":true,"href":"https:\/\/nbg.eu\/ro\/wp-json\/wp\/v2\/product_tag?post=699108"}],"curies":[{"name":"wp","href":"https:\/\/api.w.org\/{rel}","templated":true}]}}