{"id":699655,"date":"2025-12-22T18:02:07","date_gmt":"2025-12-22T15:02:07","guid":{"rendered":"https:\/\/nbg.eu\/product\/foaie-ploaie-bino\/"},"modified":"2026-04-15T14:38:52","modified_gmt":"2026-04-15T11:38:52","slug":"foaie-ploaie-bino","status":"publish","type":"product","link":"https:\/\/nbg.eu\/ro\/produs\/foaie-ploaie-bino\/","title":{"rendered":"Eberlestock Hus\u0103 de Ploaie Binoclu Recon"},"content":{"rendered":"<h2>Bino Rain Fly: Protec\u021bie compact\u0103 \u0219i u\u0219oar\u0103 pentru opticele tale<\/h2>\n<p>Bino Rain Fly este o solu\u021bie versatil\u0103 \u0219i compact\u0103 pentru a \u021bine binoclu-urile tale uscate \u0219i protejate de elemente. Conceput pentru a se integra perfect cu Recon Bino Harness, acest scut de ploaie ofer\u0103 acoperire \u0219i comoditate fiabile.<\/p>\n<p>Realizat din materiale rezistente \u0219i u\u0219oare, Bino Rain Fly se str\u00e2nge \u00eentr-o teac\u0103 inclus\u0103, f\u0103c\u00e2ndu-l u\u0219or de transportat \u0219i accesat c\u00e2nd este necesar. Cureaua de 10mm Hangar v\u0103 permite s\u0103 ata\u0219a\u021bi \u00een siguran\u021b\u0103 scu-tul de ploaie la echipamentul dvs., asigur\u00e2nd c\u0103 binoclu-rile dvs. r\u0103m\u00e2n protejate de ploaie, z\u0103pad\u0103 \u0219i alte condi\u021bii meteorologice.<\/p>\n<p>Prin designul s\u0103u cu acoperire complet\u0103, Bino Rain Fly \u00eenvele\u0219te complet Recon Bino Harness, oferind o protec\u021bie cuprinz\u0103toare pentru opticele dvs. R\u0103m\u00e2ne\u021bi concentrat pe aventurile dvs. \u00een aer liber f\u0103r\u0103 a v\u0103 face griji c\u0103 elementele v\u0103 vor compromite experien\u021ba vizual\u0103.<\/p>\n<p>Fie c\u0103 observa\u021bi p\u0103s\u0103ri, v\u00e2na\u021bi sau explora\u021bi \u00een natur\u0103, Bino Rain Fly este un accesoriu esen\u021bial pentru a v\u0103 men\u021bine binoclu-rile uscate \u0219i \u00een stare optim\u0103. Compact, u\u0219or \u0219i u\u0219or de utilizat, este partenerul perfect pentru orice pasionat de activit\u0103\u021bi \u00een aer liber.<\/p>\n","protected":false},"excerpt":{"rendered":"<p>Ploaie compact\u0103 \u0219i u\u0219oar\u0103 care v\u0103 protejeaz\u0103 Recon Bino Harness.<\/p>\n","protected":false},"featured_media":700104,"template":"","meta":{"_acf_changed":false},"product_brand":[15156],"product_cat":[15213],"product_tag":[],"class_list":{"0":"post-699655","1":"product","2":"type-product","3":"status-publish","4":"has-post-thumbnail","6":"product_brand-eberlestock","7":"product_cat-binocular-harnesses-ro","9":"first","10":"instock","11":"taxable","12":"shipping-taxable","13":"purchasable","14":"product-type-variable","15":"wvs-archive-product-wrapper"},"acf":[],"_links":{"self":[{"href":"https:\/\/nbg.eu\/ro\/wp-json\/wp\/v2\/product\/699655","targetHints":{"allow":["GET"]}}],"collection":[{"href":"https:\/\/nbg.eu\/ro\/wp-json\/wp\/v2\/product"}],"about":[{"href":"https:\/\/nbg.eu\/ro\/wp-json\/wp\/v2\/types\/product"}],"wp:featuredmedia":[{"embeddable":true,"href":"https:\/\/nbg.eu\/ro\/wp-json\/wp\/v2\/media\/700104"}],"wp:attachment":[{"href":"https:\/\/nbg.eu\/ro\/wp-json\/wp\/v2\/media?parent=699655"}],"wp:term":[{"taxonomy":"product_brand","embeddable":true,"href":"https:\/\/nbg.eu\/ro\/wp-json\/wp\/v2\/product_brand?post=699655"},{"taxonomy":"product_cat","embeddable":true,"href":"https:\/\/nbg.eu\/ro\/wp-json\/wp\/v2\/product_cat?post=699655"},{"taxonomy":"product_tag","embeddable":true,"href":"https:\/\/nbg.eu\/ro\/wp-json\/wp\/v2\/product_tag?post=699655"}],"curies":[{"name":"wp","href":"https:\/\/api.w.org\/{rel}","templated":true}]}}