{"id":700399,"date":"2025-12-22T18:10:47","date_gmt":"2025-12-22T15:10:47","guid":{"rendered":"https:\/\/nbg.eu\/product\/panou-molle\/"},"modified":"2026-04-15T14:38:49","modified_gmt":"2026-04-15T11:38:49","slug":"panou-molle","status":"publish","type":"product","link":"https:\/\/nbg.eu\/ro\/produs\/panou-molle\/","title":{"rendered":"Eberlestock Panou MOLLE Recon"},"content":{"rendered":"<h2>Panoul MOLLE Recon &#8211; Accesoriu versatil pentru hamul vostru de binoclu<\/h2>\n<p>Panoul MOLLE Recon este o ad\u0103ugare simpl\u0103, dar versatil\u0103 la setul vostru de ham de binoclu. Acesta ofer\u0103 o modalitate convenabil\u0103 de a ata\u0219a diverse buzunare, cum ar fi Buzunarul Recon Bearspray sau Buzunarul Recon Rangefinder, orizontal sub buzunarul vostru de binoclu. Acest panou serve\u0219te, de asemenea, ca platform\u0103 sigur\u0103 pentru hol\u0219tere compatibile MOLLE, permi\u021b\u00e2ndu-v\u0103 s\u0103 transporta\u021bi \u00een siguran\u021b\u0103 \u0219i confortabil o arm\u0103 de m\u00e2n\u0103 pe hamul vostru de binoclu.<\/p>\n<p>M\u0103sur\u00e2nd 6&#8243; l\u0103\u021bime \u0219i 3,25&#8243; \u00een\u0103l\u021bime, Panoul MOLLE Recon ofer\u0103 un design compact \u0219i elegant, care nu va ad\u0103uga volum inutil echipamentului vostru. Construc\u021bia sa compatibil\u0103 MOLLE asigur\u0103 compatibilitatea cu o gam\u0103 larg\u0103 de accesorii, oferindu-v\u0103 flexibilitatea de a v\u0103 personaliza setul \u00een func\u021bie de nevoile specifice.<\/p>\n","protected":false},"excerpt":{"rendered":"<p>Panou MOLLE versatil pentru ata\u0219area pungilor \u0219i pentru transportarea armei de m\u00e2n\u0103 pe hamul binoclu.<\/p>\n","protected":false},"featured_media":700479,"template":"","meta":{"_acf_changed":false},"product_brand":[15156],"product_cat":[12793],"product_tag":[],"class_list":{"0":"post-700399","1":"product","2":"type-product","3":"status-publish","4":"has-post-thumbnail","6":"product_brand-eberlestock","7":"product_cat-genti-tactice","9":"first","10":"instock","11":"taxable","12":"shipping-taxable","13":"purchasable","14":"product-type-variable","15":"wvs-archive-product-wrapper"},"acf":[],"_links":{"self":[{"href":"https:\/\/nbg.eu\/ro\/wp-json\/wp\/v2\/product\/700399","targetHints":{"allow":["GET"]}}],"collection":[{"href":"https:\/\/nbg.eu\/ro\/wp-json\/wp\/v2\/product"}],"about":[{"href":"https:\/\/nbg.eu\/ro\/wp-json\/wp\/v2\/types\/product"}],"wp:featuredmedia":[{"embeddable":true,"href":"https:\/\/nbg.eu\/ro\/wp-json\/wp\/v2\/media\/700479"}],"wp:attachment":[{"href":"https:\/\/nbg.eu\/ro\/wp-json\/wp\/v2\/media?parent=700399"}],"wp:term":[{"taxonomy":"product_brand","embeddable":true,"href":"https:\/\/nbg.eu\/ro\/wp-json\/wp\/v2\/product_brand?post=700399"},{"taxonomy":"product_cat","embeddable":true,"href":"https:\/\/nbg.eu\/ro\/wp-json\/wp\/v2\/product_cat?post=700399"},{"taxonomy":"product_tag","embeddable":true,"href":"https:\/\/nbg.eu\/ro\/wp-json\/wp\/v2\/product_tag?post=700399"}],"curies":[{"name":"wp","href":"https:\/\/api.w.org\/{rel}","templated":true}]}}