{"id":700814,"date":"2025-12-22T18:16:35","date_gmt":"2025-12-22T15:16:35","guid":{"rendered":"https:\/\/nbg.eu\/product\/punga-pentru-telemetre\/"},"modified":"2026-04-15T14:38:45","modified_gmt":"2026-04-15T11:38:45","slug":"punga-pentru-telemetre","status":"publish","type":"product","link":"https:\/\/nbg.eu\/ro\/produs\/punga-pentru-telemetre\/","title":{"rendered":"Eberlestock Hus\u0103 Telemetru Recon"},"content":{"rendered":"<h2>Husa pentru telemetru Recon: Protejeaz\u0103-\u021bi echipamentul, \u00eembun\u0103t\u0103\u021be\u0219te-\u021bi precizia<\/h2>\n<p>Ridic\u0103-\u021bi aventurile \u00een aer liber cu Husa pentru telemetru Recon, conceput\u0103 pentru a proteja echipamentul dvs. esen\u021bial de telemetrie. Realizat\u0103 cu o aten\u021bie deosebit\u0103 la detalii, aceast\u0103 hus\u0103 ofer\u0103 o protec\u021bie \u0219i o comoditate f\u0103r\u0103 egal, asigur\u00e2nd c\u0103 echipamentul dvs. r\u0103m\u00e2ne \u00een siguran\u021b\u0103 \u0219i u\u0219or de accesat.<\/p>\n<p>Caracterizat\u0103 de un capac frontal cu deschidere magnetic\u0103, Husa pentru telemetru Recon men\u021bine praful \u0219i murd\u0103ria la distan\u021b\u0103, p\u0103str\u00e2nd \u00een condi\u021bii optime sticla telemetrului. Un element de fixare din fr\u00e2nghie elastic\u0103 v\u0103 permite s\u0103 l\u0103sa\u021bi u\u0219or dispozitivul f\u0103r\u0103 teama de a se sparge sau de a se pierde, \u021bin\u00e2ndu-v\u0103 m\u00e2inile libere pentru sarcini mai urgente.<\/p>\n<p>Cu dimensiunile sale compacte de 1,75&#8243; A x 3,25&#8243; L x 5&#8243; \u00ce, Husa pentru telemetru Recon se integreaz\u0103 f\u0103r\u0103 efort cu echipamentul dvs. pentru activit\u0103\u021bi \u00een aer liber, oferind o solu\u021bie de depozitare discret\u0103 \u0219i eficient\u0103. Fie c\u0103 sunte\u021bi un v\u00e2n\u0103tor pasionat, un hiker dedicat sau un tr\u0103g\u0103tor entuziast, aceast\u0103 hus\u0103 versatil\u0103 este partenerul perfect pentru a v\u0103 proteja echipamentul valoros de telemetrie.<\/p>\n<p>Ridica\u021bi-v\u0103 experien\u021ba \u00een aer liber cu Husa pentru telemetru Recon, accesoriul ideal pentru aventurierul exigent care cere ce este mai bun \u00een materie de protec\u021bie \u0219i comoditate a echipamentului.<\/p>\n","protected":false},"excerpt":{"rendered":"<p>Buzunarul pentru telemetru Recon protejeaz\u0103 dispozitivul dvs. cu un capac magnetic \u0219i un \u0219treang cu elastic pentru o purtare sigur\u0103 \u0219i convenient\u0103.<\/p>\n","protected":false},"featured_media":700876,"template":"","meta":{"_acf_changed":false},"product_brand":[15156],"product_cat":[12793],"product_tag":[],"class_list":{"0":"post-700814","1":"product","2":"type-product","3":"status-publish","4":"has-post-thumbnail","6":"product_brand-eberlestock","7":"product_cat-genti-tactice","9":"first","10":"instock","11":"taxable","12":"shipping-taxable","13":"purchasable","14":"product-type-variable","15":"wvs-archive-product-wrapper"},"acf":[],"_links":{"self":[{"href":"https:\/\/nbg.eu\/ro\/wp-json\/wp\/v2\/product\/700814","targetHints":{"allow":["GET"]}}],"collection":[{"href":"https:\/\/nbg.eu\/ro\/wp-json\/wp\/v2\/product"}],"about":[{"href":"https:\/\/nbg.eu\/ro\/wp-json\/wp\/v2\/types\/product"}],"wp:featuredmedia":[{"embeddable":true,"href":"https:\/\/nbg.eu\/ro\/wp-json\/wp\/v2\/media\/700876"}],"wp:attachment":[{"href":"https:\/\/nbg.eu\/ro\/wp-json\/wp\/v2\/media?parent=700814"}],"wp:term":[{"taxonomy":"product_brand","embeddable":true,"href":"https:\/\/nbg.eu\/ro\/wp-json\/wp\/v2\/product_brand?post=700814"},{"taxonomy":"product_cat","embeddable":true,"href":"https:\/\/nbg.eu\/ro\/wp-json\/wp\/v2\/product_cat?post=700814"},{"taxonomy":"product_tag","embeddable":true,"href":"https:\/\/nbg.eu\/ro\/wp-json\/wp\/v2\/product_tag?post=700814"}],"curies":[{"name":"wp","href":"https:\/\/api.w.org\/{rel}","templated":true}]}}