{"id":701117,"date":"2025-12-22T18:40:25","date_gmt":"2025-12-22T15:40:25","guid":{"rendered":"https:\/\/nbg.eu\/product\/caz-rapid\/"},"modified":"2026-04-15T14:38:42","modified_gmt":"2026-04-15T11:38:42","slug":"caz-rapid","status":"publish","type":"product","link":"https:\/\/nbg.eu\/ro\/produs\/caz-rapid\/","title":{"rendered":"Eberlestock Hus\u0103 Recon Quickcase"},"content":{"rendered":"<h2>Quickcase: Compania ta de supravie\u021buire compact\u0103<\/h2>\n<p>Quickcase este o pung\u0103 cu fermoar versatil\u0103, proiectat\u0103 s\u0103 se prind\u0103 perfect de hamul pentru binocluri Recon Modular. Acest accesoriu compact ofer\u0103 solu\u021bia perfect\u0103 pentru depozitarea \u0219i asigurarea echipamentului de supravie\u021buire esen\u021bial, asigur\u00e2nd c\u0103 e\u0219ti \u00eentotdeauna preg\u0103tit pentru neprev\u0103zut.<\/p>\n<p>M\u0103sur\u00e2nd exact dimensiunea potrivit\u0103, Quickcase ofer\u0103 un spa\u021biu generos pentru un kit de supravie\u021buire mic, f\u0103c\u00e2ndu-l un \u00eenso\u021bitor indispensabil \u00een cazul \u00een care e\u0219ti vreodat\u0103 separat de rucsacul principal. Construc\u021bia sa rezistent\u0103 \u0219i \u00eenchiderea fermoarului sigur \u021bin articolele tale critice \u00een siguran\u021b\u0103 \u0219i la \u00eendem\u00e2n\u0103 atunci c\u00e2nd ai nevoie de ele.<\/p>\n<p>Dar utilitatea Quickcase se extinde dincolo de doar preg\u0103tirea pentru supravie\u021buire. Folose\u0219te-l ca pung\u0103 de depozitare convenabil\u0103 pentru obiecte mici, p\u0103str\u00e2ndu-le organizate \u0219i la \u00eendem\u00e2n\u0103 \u00een timp ce e\u0219ti \u00een mi\u0219care. Fie c\u0103 mergi la munte, faci camping sau te angajezi \u00een orice alt\u0103 activitate \u00een aer liber, acest accesoriu versatil va deveni o parte valoroas\u0103 a echipamentului t\u0103u.<\/p>\n<p>Proiectat s\u0103 se integreze perfect cu hamul pentru binocluri Recon Modular, Quickcase se fixeaz\u0103 \u00een siguran\u021b\u0103 pe dispozitivul cu arici de pe partea din spate a hamului. Aceast\u0103 integrare \u00ee\u021bi permite s\u0103 \u00ee\u021bi \u021bii articolele esen\u021biale la \u00eendem\u00e2n\u0103, eliber\u00e2nd spa\u021biu \u00een rucsacul principal \u0219i asigur\u00e2ndu-te c\u0103 ai tot ce ai nevoie la \u00eendem\u00e2n\u0103.<\/p>\n","protected":false},"excerpt":{"rendered":"<p>Un mic buzunar cu fermoar care se prinde de hamul modular pentru binocluri Recon pentru kit de supravie\u021buire sau depozitarea unor obiecte mici.<\/p>\n","protected":false},"featured_media":701139,"template":"","meta":{"_acf_changed":false},"product_brand":[15156],"product_cat":[12793],"product_tag":[],"class_list":{"0":"post-701117","1":"product","2":"type-product","3":"status-publish","4":"has-post-thumbnail","6":"product_brand-eberlestock","7":"product_cat-genti-tactice","9":"first","10":"instock","11":"taxable","12":"shipping-taxable","13":"purchasable","14":"product-type-variable","15":"wvs-archive-product-wrapper"},"acf":[],"_links":{"self":[{"href":"https:\/\/nbg.eu\/ro\/wp-json\/wp\/v2\/product\/701117","targetHints":{"allow":["GET"]}}],"collection":[{"href":"https:\/\/nbg.eu\/ro\/wp-json\/wp\/v2\/product"}],"about":[{"href":"https:\/\/nbg.eu\/ro\/wp-json\/wp\/v2\/types\/product"}],"wp:featuredmedia":[{"embeddable":true,"href":"https:\/\/nbg.eu\/ro\/wp-json\/wp\/v2\/media\/701139"}],"wp:attachment":[{"href":"https:\/\/nbg.eu\/ro\/wp-json\/wp\/v2\/media?parent=701117"}],"wp:term":[{"taxonomy":"product_brand","embeddable":true,"href":"https:\/\/nbg.eu\/ro\/wp-json\/wp\/v2\/product_brand?post=701117"},{"taxonomy":"product_cat","embeddable":true,"href":"https:\/\/nbg.eu\/ro\/wp-json\/wp\/v2\/product_cat?post=701117"},{"taxonomy":"product_tag","embeddable":true,"href":"https:\/\/nbg.eu\/ro\/wp-json\/wp\/v2\/product_tag?post=701117"}],"curies":[{"name":"wp","href":"https:\/\/api.w.org\/{rel}","templated":true}]}}