{"id":702142,"date":"2025-12-23T11:44:19","date_gmt":"2025-12-23T08:44:19","guid":{"rendered":"https:\/\/nbg.eu\/product\/bravo-modular-bino-pack-large\/"},"modified":"2026-04-15T14:38:35","modified_gmt":"2026-04-15T11:38:35","slug":"bravo-modular-bino-pack-large","status":"publish","type":"product","link":"https:\/\/nbg.eu\/ro\/produs\/bravo-modular-bino-pack-large\/","title":{"rendered":"Eberlestock Rucsac pentru Binoclu Bravo Modular, Large"},"content":{"rendered":"<h2>Bravo Modular Bino Pack-Large: Adaptabila Purtare a Opticii pentru Aventurile Tale \u00een Aer Liber<\/h2>\n<p>Conceput cu modularitatea \u00een frunte, BRAVO MODULAR BINO PACK este construit pe o platform\u0103 de ham de piept care se adapteaz\u0103 la nevoile tale cu o suit\u0103 de accesorii ad\u0103ugate. Prezint\u0103 acces magnetic f\u0103r\u0103 tragere \u00eenainte la compartimentul pentru binoclul, o buzunar frontal spa\u021bios \u0219i buzunare laterale elastice. Hamurile interne ale binocularelor v\u0103 p\u0103streaz\u0103 accesoriile \u00een siguran\u021b\u0103, \u00een timp ce aripile \u0219i panoul din spate compatibile MOLLE cu profil sc\u0103zut v\u0103 permit s\u0103 ata\u0219a\u021bi cu u\u0219urin\u021b\u0103 buzunare \u0219i accesorii.<\/p>\n<p>Realizat din Nylon Ripstop 500D \u0219i materiale N140D, Bravo Modular Bino Pack-Large ofer\u0103 o performan\u021b\u0103 fiabil\u0103 \u00een aer liber. C\u00e2nt\u0103rind doar 14 uncii, acest rucsac versatil ofer\u0103 o solu\u021bie de transport confortabil\u0103 \u0219i personalizabil\u0103 pentru opticile \u0219i echipamentele tale esen\u021biale.<\/p>\n<p>Cu dimensiunile interne de 9&#8243;\u00ce x 5,5&#8243;L x 2,5&#8243;A \u0219i dimensiunile externe de 9,5&#8243;\u00ce x 6,25&#8243;L x 3,5&#8243;A, Bravo Modular Bino Pack-Large ofer\u0103 un spa\u021biu amplu pentru a \u00eenc\u0103pea binocularele \u0219i alte articole esen\u021biale. Hamurile reglabile de um\u0103r cu tragere \u00eenainte \u0219i aripile compatibile MOLLE cu profil sc\u0103zut asigur\u0103 o potrivire sigur\u0103 \u0219i personalizat\u0103, permi\u021bindu-v\u0103 s\u0103 adapta\u021bi rucsacul la nevoile dumneavoastr\u0103.<\/p>\n<p>Ridica\u021bi-v\u0103 experien\u021ba \u00een aer liber cu Bravo Modular Bino Pack-Large, o solu\u021bie versatil\u0103 \u0219i adaptabil\u0103 pentru a v\u0103 purta binocularele \u0219i echipamentul esen\u021bial. Explora\u021bi accesoriile disponibile pentru a personaliza rucsacul \u0219i a-i maximiza func\u021bionalitatea, f\u0103c\u00e2ndu-l partenerul perfect pentru urm\u0103toarea dumneavoastr\u0103 aventur\u0103.<\/p>\n","protected":false},"excerpt":{"rendered":"<p>Geant\u0103 modular de piept cu compartiment binos f\u0103r\u0103 \u00eenc\u0103rc\u0103toare, buzunar frontal, p\u0103r\u021bi laterale elastice.<\/p>\n","protected":false},"featured_media":702250,"template":"","meta":{"_acf_changed":false},"product_brand":[15156],"product_cat":[15213],"product_tag":[],"class_list":{"0":"post-702142","1":"product","2":"type-product","3":"status-publish","4":"has-post-thumbnail","6":"product_brand-eberlestock","7":"product_cat-binocular-harnesses-ro","9":"first","10":"instock","11":"taxable","12":"shipping-taxable","13":"purchasable","14":"product-type-variable","15":"wvs-archive-product-wrapper"},"acf":[],"_links":{"self":[{"href":"https:\/\/nbg.eu\/ro\/wp-json\/wp\/v2\/product\/702142","targetHints":{"allow":["GET"]}}],"collection":[{"href":"https:\/\/nbg.eu\/ro\/wp-json\/wp\/v2\/product"}],"about":[{"href":"https:\/\/nbg.eu\/ro\/wp-json\/wp\/v2\/types\/product"}],"wp:featuredmedia":[{"embeddable":true,"href":"https:\/\/nbg.eu\/ro\/wp-json\/wp\/v2\/media\/702250"}],"wp:attachment":[{"href":"https:\/\/nbg.eu\/ro\/wp-json\/wp\/v2\/media?parent=702142"}],"wp:term":[{"taxonomy":"product_brand","embeddable":true,"href":"https:\/\/nbg.eu\/ro\/wp-json\/wp\/v2\/product_brand?post=702142"},{"taxonomy":"product_cat","embeddable":true,"href":"https:\/\/nbg.eu\/ro\/wp-json\/wp\/v2\/product_cat?post=702142"},{"taxonomy":"product_tag","embeddable":true,"href":"https:\/\/nbg.eu\/ro\/wp-json\/wp\/v2\/product_tag?post=702142"}],"curies":[{"name":"wp","href":"https:\/\/api.w.org\/{rel}","templated":true}]}}