{"id":702947,"date":"2025-12-23T11:50:14","date_gmt":"2025-12-23T08:50:14","guid":{"rendered":"https:\/\/nbg.eu\/product\/pachet-modular-bravo-bino-mic\/"},"modified":"2026-04-15T14:38:31","modified_gmt":"2026-04-15T11:38:31","slug":"pachet-modular-bravo-bino-mic","status":"publish","type":"product","link":"https:\/\/nbg.eu\/ro\/produs\/pachet-modular-bravo-bino-mic\/","title":{"rendered":"Eberlestock Rucsac pentru Binoclu Bravo Modular, Small"},"content":{"rendered":"<h2>Bravo Modular Bino Pack-Small: Depozitare vers\u0103til\u0103 \u0219i sigur\u0103 a binocularelor<\/h2>\n<p>Conceput cu modularitatea \u00een prim-plan, BRAVO MODULAR BINO PACK este construit pe o platform\u0103 de ham de piept care se adapteaz\u0103 la nevoile dvs. cu o serie de accesorii suplimentare. Acesta prezint\u0103 acces magnetic f\u0103r\u0103 obstruc\u021bii la buzunarul pentru bincoulare, un buzunar frontal spa\u021bios cu fermoar \u0219i buzunare elastice laterale. Le\u0219ele interne ale binocularelor v\u0103 \u021bin \u00een siguran\u021b\u0103 accesoriile, \u00een timp ce aripile cu profil sc\u0103zut compatibile cu MOLLE \u0219i panoul din spate v\u0103 permit s\u0103 ata\u0219a\u021bi f\u0103r\u0103 probleme buzunare \u0219i accesorii.<\/p>\n<p>Realizat din Nylon 500D Ripstop \u0219i \u021bes\u0103turi N140D durabile, Bravo Modular Bino Pack-Small ofer\u0103 o solu\u021bie u\u0219oar\u0103 \u0219i rezistent\u0103 pentru pasiona\u021bii de outdoor, v\u00e2n\u0103tori \u0219i operatori tactici.<\/p>\n<p>Printre caracteristicile cheie se num\u0103r\u0103 \u00eenchiderea f\u0103r\u0103 magne\u021bi pentru acces rapid, compatibilitate cu opt accesorii disponibile, un buzunar frontal mare cu fermoar, dou\u0103 buzunare elastice laterale, un ham de um\u0103r reglabil cu tragere \u00een fa\u021b\u0103 \u0219i aripi cu profil sc\u0103zut compatibile cu MOLLE pentru a v\u0103 personaliza setul de echipamente. Fie c\u0103 sunte\u021bi pasionat de observarea p\u0103s\u0103rilor, merge\u021bi \u00een drume\u021bii sau v\u0103 angaja\u021bi \u00een opera\u021biuni tactice, Bravo Modular Bino Pack-Small v\u0103 ofer\u0103 o solu\u021bie versatil\u0103 \u0219i sigur\u0103 pentru depozitarea binocularelor.<\/p>\n","protected":false},"excerpt":{"rendered":"<p>Pachet modular binocular cu \u00eenchidere f\u0103r\u0103 magnet, aripi compatibile MOLLE \u0219i ham reglabil.<\/p>\n","protected":false},"featured_media":702967,"template":"","meta":{"_acf_changed":false},"product_brand":[15156],"product_cat":[15213],"product_tag":[],"class_list":{"0":"post-702947","1":"product","2":"type-product","3":"status-publish","4":"has-post-thumbnail","6":"product_brand-eberlestock","7":"product_cat-binocular-harnesses-ro","9":"first","10":"instock","11":"taxable","12":"shipping-taxable","13":"purchasable","14":"product-type-variable","15":"wvs-archive-product-wrapper"},"acf":[],"_links":{"self":[{"href":"https:\/\/nbg.eu\/ro\/wp-json\/wp\/v2\/product\/702947","targetHints":{"allow":["GET"]}}],"collection":[{"href":"https:\/\/nbg.eu\/ro\/wp-json\/wp\/v2\/product"}],"about":[{"href":"https:\/\/nbg.eu\/ro\/wp-json\/wp\/v2\/types\/product"}],"wp:featuredmedia":[{"embeddable":true,"href":"https:\/\/nbg.eu\/ro\/wp-json\/wp\/v2\/media\/702967"}],"wp:attachment":[{"href":"https:\/\/nbg.eu\/ro\/wp-json\/wp\/v2\/media?parent=702947"}],"wp:term":[{"taxonomy":"product_brand","embeddable":true,"href":"https:\/\/nbg.eu\/ro\/wp-json\/wp\/v2\/product_brand?post=702947"},{"taxonomy":"product_cat","embeddable":true,"href":"https:\/\/nbg.eu\/ro\/wp-json\/wp\/v2\/product_cat?post=702947"},{"taxonomy":"product_tag","embeddable":true,"href":"https:\/\/nbg.eu\/ro\/wp-json\/wp\/v2\/product_tag?post=702947"}],"curies":[{"name":"wp","href":"https:\/\/api.w.org\/{rel}","templated":true}]}}