{"id":703284,"date":"2025-12-23T12:02:01","date_gmt":"2025-12-23T09:02:01","guid":{"rendered":"https:\/\/nbg.eu\/product\/geanta-bando-xl\/"},"modified":"2026-04-15T14:38:27","modified_gmt":"2026-04-15T11:38:27","slug":"geanta-bando-xl","status":"publish","type":"product","link":"https:\/\/nbg.eu\/ro\/produs\/geanta-bando-xl\/","title":{"rendered":"Eberlestock Geant\u0103 Bando XL"},"content":{"rendered":"<h2>Bando Bag-XL: Transport versatil \u0219i practic pentru articolele de uz curent<\/h2>\n<p>Bando Bag-XL este o modalitate u\u0219oar\u0103 \u0219i convenient\u0103 de a transporta articolele de uz curent (EDC). Buzunarul din spate cu fermoar complet m\u0103soar\u0103 6&#8243;h x 11&#8243;l x 3&#8243;a, suficient de mare pentru a asigura cele mai multe arme de m\u00e2n\u0103 cu cadru complet \u0219i arme de foc mai mici. Compartimentul principal are o buzunar interior cu fermoare din plas\u0103 \u0219i dou\u0103 buzunare tip glis\u0103 pentru organizare suplimentar\u0103, \u00een timp ce un mic buzunar frontal cu fermoar este perfect pentru chei, cabluri sau alte articole mici.<\/p>\n<p>Cureaua de talie reglabil\u0103 de pe Bando Bag-XL permite o potrivire personalizat\u0103, cu o lungime cuprins\u0103 \u00eentre 31,5&#8243; \u0219i 44&#8243;. Bando Bag-XL va include \u0219i o man\u0219et\u0103 integrat\u0103 pentru a transporta convenabil un garou sub clapa superioar\u0103 a compartimentului principal, asigur\u00e2nd un acces facil la acest echipament de urgen\u021b\u0103 esen\u021bial.<\/p>\n<h2>Caracteristici cheie:<\/h2>\n<ul>\n<li>-Buzunar din spate cu fermoar complet (6&#8243;h x 11&#8243;l x 3&#8243;a) pentru depozitarea armelor de m\u00e2n\u0103<\/li>\n<li>-Buzunar interior cu fermoar din plas\u0103 \u0219i dou\u0103 buzunare tip glis\u0103 pentru organizare<\/li>\n<li>-Mic buzunar frontal cu fermoar pentru chei, cabluri \u0219i alte articole mici<\/li>\n<li>-Curea de talie reglabil\u0103 (31,5&#8243;-44&#8243;)<\/li>\n<li>-M\u00e2nec\u0103 integrat\u0103 pentru transportarea unui garou<\/li>\n<\/ul>\n","protected":false},"excerpt":{"rendered":"<p>Geant\u0103 EDC u\u0219oar\u0103, cu fermoar complet, cu buzunar de 6&#8243;h x 11&#8243;w x 3&#8243;d pentru arme de m\u00e2n\u0103 de dimensiuni complete.<\/p>\n","protected":false},"featured_media":703349,"template":"","meta":{"_acf_changed":false},"product_brand":[15156],"product_cat":[12735],"product_tag":[],"class_list":{"0":"post-703284","1":"product","2":"type-product","3":"status-publish","4":"has-post-thumbnail","6":"product_brand-eberlestock","7":"product_cat-genti-de-tragere","9":"first","10":"instock","11":"taxable","12":"shipping-taxable","13":"purchasable","14":"product-type-variable","15":"wvs-archive-product-wrapper"},"acf":[],"_links":{"self":[{"href":"https:\/\/nbg.eu\/ro\/wp-json\/wp\/v2\/product\/703284","targetHints":{"allow":["GET"]}}],"collection":[{"href":"https:\/\/nbg.eu\/ro\/wp-json\/wp\/v2\/product"}],"about":[{"href":"https:\/\/nbg.eu\/ro\/wp-json\/wp\/v2\/types\/product"}],"wp:featuredmedia":[{"embeddable":true,"href":"https:\/\/nbg.eu\/ro\/wp-json\/wp\/v2\/media\/703349"}],"wp:attachment":[{"href":"https:\/\/nbg.eu\/ro\/wp-json\/wp\/v2\/media?parent=703284"}],"wp:term":[{"taxonomy":"product_brand","embeddable":true,"href":"https:\/\/nbg.eu\/ro\/wp-json\/wp\/v2\/product_brand?post=703284"},{"taxonomy":"product_cat","embeddable":true,"href":"https:\/\/nbg.eu\/ro\/wp-json\/wp\/v2\/product_cat?post=703284"},{"taxonomy":"product_tag","embeddable":true,"href":"https:\/\/nbg.eu\/ro\/wp-json\/wp\/v2\/product_tag?post=703284"}],"curies":[{"name":"wp","href":"https:\/\/api.w.org\/{rel}","templated":true}]}}