{"id":704234,"date":"2025-12-23T12:08:03","date_gmt":"2025-12-23T09:08:03","guid":{"rendered":"https:\/\/nbg.eu\/product\/banda-de-talhari\/"},"modified":"2026-04-24T15:10:32","modified_gmt":"2026-04-24T12:10:32","slug":"banda-de-talhari","status":"publish","type":"product","link":"https:\/\/nbg.eu\/ro\/produs\/banda-de-talhari\/","title":{"rendered":"Eberlestock Bandit Rucsac"},"content":{"rendered":"<h2>Ghiozdan Bandit &#8211; \u00censo\u021bitorul versatil pentru aventurile de zi cu zi<\/h2>\n<p>Cel mai versatil ghiozdan din colec\u021bia noastr\u0103 pentru uz cotidian, Bandit\u2122 este construit cu scopul de a fi utilizat \u00een timpul v\u00e2n\u0103torilor \u0219i drume\u0163iilor de-a lungul zilei. Panoul utilitar exterior are \u00eempletitur\u0103 MOLLE t\u0103iat\u0103 cu laser, pentru a permite ata\u0219area accesoriilor \u0219i a pungilor compatibile, precum \u0219i pentru a transporta o jachet\u0103 sau echipament pentru acces rapid. Buzunarele elastice laterale pot \u021bine sticle de ap\u0103 \u0219i obiecte mai lungi, precum un trepied, un telescop sau bete de drume\u021bie.<\/p>\n<p>Curelele panoului utilitar vor fixa str\u00e2ns echipamentul pe lateral sau vor ajuta la comprimarea unui rucsac par\u021bial umplut. \u00cen interiorul capacului superior ve\u021bi g\u0103si organizatoare pentru articole mici, cum ar fi o buzunar cu fermoar din plas\u0103 \u0219i o hus\u0103 pentru revist\u0103.<\/p>\n<p>Compatibil cu centura noastr\u0103 standard, pentru a ajuta la distribuirea greut\u0103\u021bii la \u00eenc\u0103rc\u0103turi mai grele.<\/p>\n<h2>Dimensiuni<\/h2>\n<p>Volum: 835 c.i. \/ 13,68L<br \/>\nGreutate: 2,50 lbs<br \/>\nDimensiuni: 18,25H x 7L x 6,5A<\/p>\n<h2>Caracteristici<\/h2>\n<p>Panou MOLLE t\u0103iat cu laser pe partea din fa\u021b\u0103 pentru a ata\u0219a echipamentul exterior<br \/>\nCapac organizator superior cu buzunar de plas\u0103 pentru accesorii<br \/>\nHam ajustabil pentru um\u0103r<br \/>\nSlot pentru o centur\u0103 reglabil\u0103 pentru \u0219olduri pentru a transporta greut\u0103\u021bi suplimentare<br \/>\nCompartimentul principal se deschide de sus \u00een jos pentru a permite acces complet<br \/>\nClem\u0103 interioar\u0103 pentru fixarea rezervoarelor de hidratare Source\u00ae de 2L sau 3L<\/p>\n","protected":false},"excerpt":{"rendered":"<p>Cel mai versatil pachet din gama noastr\u0103 de transport zilnic, Bandit\u2122 este construit \u00een scopul v\u00e2n\u0103torilor \u0219i drume\u0163iilor de o zi \u00eentreag\u0103. Panoul de utilitate exterior prezint\u0103 o re\u021bea MOLLE decupat\u0103 cu laser pentru a permite ata\u0219area accesoriilor \u0219i a pungilor compatibile \u0219i pentru a transporta o jachet\u0103 sau echipamente pentru acces rapid. Buzunarele laterale din material extensibil pot con\u0163ine sticle de ap\u0103 \u0219i articole mai lungi, cum ar fi un trepied, un telescop de observare sau bastoane de trekking.<\/p>\n","protected":false},"featured_media":704278,"template":"","meta":{"_acf_changed":false},"product_brand":[15156],"product_cat":[12739],"product_tag":[],"class_list":{"0":"post-704234","1":"product","2":"type-product","3":"status-publish","4":"has-post-thumbnail","6":"product_brand-eberlestock","7":"product_cat-rucsacuri","9":"first","10":"instock","11":"taxable","12":"shipping-taxable","13":"purchasable","14":"product-type-variable","15":"wvs-archive-product-wrapper"},"acf":[],"_links":{"self":[{"href":"https:\/\/nbg.eu\/ro\/wp-json\/wp\/v2\/product\/704234","targetHints":{"allow":["GET"]}}],"collection":[{"href":"https:\/\/nbg.eu\/ro\/wp-json\/wp\/v2\/product"}],"about":[{"href":"https:\/\/nbg.eu\/ro\/wp-json\/wp\/v2\/types\/product"}],"wp:featuredmedia":[{"embeddable":true,"href":"https:\/\/nbg.eu\/ro\/wp-json\/wp\/v2\/media\/704278"}],"wp:attachment":[{"href":"https:\/\/nbg.eu\/ro\/wp-json\/wp\/v2\/media?parent=704234"}],"wp:term":[{"taxonomy":"product_brand","embeddable":true,"href":"https:\/\/nbg.eu\/ro\/wp-json\/wp\/v2\/product_brand?post=704234"},{"taxonomy":"product_cat","embeddable":true,"href":"https:\/\/nbg.eu\/ro\/wp-json\/wp\/v2\/product_cat?post=704234"},{"taxonomy":"product_tag","embeddable":true,"href":"https:\/\/nbg.eu\/ro\/wp-json\/wp\/v2\/product_tag?post=704234"}],"curies":[{"name":"wp","href":"https:\/\/api.w.org\/{rel}","templated":true}]}}