{"id":704602,"date":"2025-12-23T12:15:29","date_gmt":"2025-12-23T09:15:29","guid":{"rendered":"https:\/\/nbg.eu\/product\/cutie-ascutit\/"},"modified":"2026-04-15T14:38:20","modified_gmt":"2026-04-15T11:38:20","slug":"cutie-ascutit","status":"publish","type":"product","link":"https:\/\/nbg.eu\/ro\/produs\/cutie-ascutit\/","title":{"rendered":"Eberlestock Rucsac Switchblade"},"content":{"rendered":"<h2>Rucsacul Switchblade: Spa\u021biu Maxim \u0219i Transport Discret<\/h2>\n<p>Rucsacul Switchblade\u2122 este conceput s\u0103 aib\u0103 un profil sc\u0103zut, oferind \u00een acela\u0219i timp spa\u021biu \u0219i organizare maxime. Deschide\u021bi buzunarul superior pentru a accesa dou\u0103 buzunare pentru \u00eenc\u0103rc\u0103toare \u0219i alte mici caracteristici de organizare. \u00cen interior, ve\u021bi g\u0103si un separator de documente perfect pentru un iPad, laptop sau chiar un pistol cu \u021beav\u0103 scurt\u0103.<\/p>\n<p>Partea din fa\u021b\u0103 a rucsacului are un buzunar extralarge pentru acces rapid la articolele importante. Pe fiecare parte exist\u0103 o pereche de buzunare cu cordon de str\u00e2ngere pentru pahare, precum \u0219i un buzunar lateral cu fermoar plat. Rucsacul se laud\u0103 \u0219i cu un buzunar CCW ascuns, cu deschidere magnetic\u0103 rapid\u0103, pentru un transport discret \u0219i ascuns.<\/p>\n<p>Cu un volum total de 1.785 de inch cubi (29,3 L) \u0219i c\u00e2nt\u0103rind doar 3,60 lbs, Switchblade\u2122 ofer\u0103 spa\u021biu amplu \u0219i portabilitate. Dimensiunile principale ale sacului sunt de 20,5H x 12L x 8A inch, f\u0103c\u00e2ndu-l o alegere versatil\u0103 pentru uz zilnic sau opera\u021biuni tactice.<\/p>\n<p>Printre caracteristicile cheie se num\u0103r\u0103 deschideri magnetice de p\u0103m\u00e2nt rar pentru acces rapid la buzunarele pentru arm\u0103 de foc ascuns\u0103, PALS velcro pentru ata\u0219area accesoriilor MOLLE sau velcro, precum \u0219i buzunare interioare pentru hidratare, \u00eenc\u0103rc\u0103toare \u0219i organizatoare pentru obiecte mici. Compatibilitatea deta\u0219abil\u0103 a hamului \u0219i a centurii adaug\u0103 o personalizare suplimentar\u0103 a rucsacului.<\/p>\n<p>Switchblade\u2122 se laud\u0103 \u0219i cu noul MOLLE-10, care ofer\u0103 o reducere a greut\u0103\u021bii cu 60% fa\u021b\u0103 de MOLLE standard de 25 mm, precum \u0219i un toc ambidextru pentru arm\u0103 ascuns\u0103, potrivit pentru cele mai multe pistoale, inclusiv automate cu cadru complet. Pentru protec\u021bie \u00eempotriva vremii, folosi\u021bi Capacul Impermeabil Reversibil Mic.<\/p>\n","protected":false},"excerpt":{"rendered":"<p>Switchblade\u2122 p\u0103streaz\u0103 un profil sc\u0103zut, cu spa\u021biu \u0219i organizare maxim\u0103. Deschide\u021bi buzunarul superior al capacului \u0219i ve\u021bi g\u0103si dou\u0103 compartimente pentru reviste \u0219i alte caracteristici mici de organizare. \u00cen interior ve\u021bi g\u0103si un separator de documente pentru un iPad, laptop sau chiar un pistol cu \u021beav\u0103 scurt\u0103. Partea din fa\u021b\u0103 a rucsacului are un buzunar supradimensionat pentru acces rapid la obiectele importante. De fiecare parte sunt dou\u0103 buzunare cu \u0219nur pentru pahare, precum \u0219i un buzunar lateral plat cu fermoar. De asemenea, are un buzunar ascuns, cu acces rapid, cu deschidere magnetic\u0103 pentru CCW.<\/p>\n","protected":false},"featured_media":704710,"template":"","meta":{"_acf_changed":false},"product_brand":[15156],"product_cat":[12739],"product_tag":[],"class_list":{"0":"post-704602","1":"product","2":"type-product","3":"status-publish","4":"has-post-thumbnail","6":"product_brand-eberlestock","7":"product_cat-rucsacuri","9":"first","10":"instock","11":"taxable","12":"shipping-taxable","13":"purchasable","14":"product-type-variable","15":"wvs-archive-product-wrapper"},"acf":[],"_links":{"self":[{"href":"https:\/\/nbg.eu\/ro\/wp-json\/wp\/v2\/product\/704602","targetHints":{"allow":["GET"]}}],"collection":[{"href":"https:\/\/nbg.eu\/ro\/wp-json\/wp\/v2\/product"}],"about":[{"href":"https:\/\/nbg.eu\/ro\/wp-json\/wp\/v2\/types\/product"}],"wp:featuredmedia":[{"embeddable":true,"href":"https:\/\/nbg.eu\/ro\/wp-json\/wp\/v2\/media\/704710"}],"wp:attachment":[{"href":"https:\/\/nbg.eu\/ro\/wp-json\/wp\/v2\/media?parent=704602"}],"wp:term":[{"taxonomy":"product_brand","embeddable":true,"href":"https:\/\/nbg.eu\/ro\/wp-json\/wp\/v2\/product_brand?post=704602"},{"taxonomy":"product_cat","embeddable":true,"href":"https:\/\/nbg.eu\/ro\/wp-json\/wp\/v2\/product_cat?post=704602"},{"taxonomy":"product_tag","embeddable":true,"href":"https:\/\/nbg.eu\/ro\/wp-json\/wp\/v2\/product_tag?post=704602"}],"curies":[{"name":"wp","href":"https:\/\/api.w.org\/{rel}","templated":true}]}}