{"id":719761,"date":"2026-01-26T13:11:03","date_gmt":"2026-01-26T10:11:03","guid":{"rendered":"https:\/\/nbg.eu\/product\/manlyu-peak-orange-14c28n\/"},"modified":"2026-05-13T16:03:01","modified_gmt":"2026-05-13T13:03:01","slug":"manlyu-peak-orange-14c28n","status":"publish","type":"product","link":"https:\/\/nbg.eu\/ro\/produs\/manlyu-peak-orange-14c28n\/","title":{"rendered":"Manlyu PEAK ORANGE 14C28N"},"content":{"rendered":"<h2>Cu\u021bitul pliabil PEAK ORANGE 14C28N Manly<\/h2>\n<p>Cu\u021bitul pliabil PEAK ORANGE 14C28N de la Manly are un clip reversibil, fiind accesibil at\u00e2t pentru utilizatorii cu m\u00e2na dreapt\u0103, c\u00e2t \u0219i pentru cei cu m\u00e2na st\u00e2ng\u0103. Cu mecanismul s\u0103u de blocare Backlock, acest cu\u021bit ofer\u0103 o performan\u021b\u0103 sigur\u0103 \u0219i fiabil\u0103.<\/p>\n<p>Realizat cu precizie, PEAK ORANGE 14C28N se m\u00e2ndre\u0219te cu o lam\u0103 din o\u021bel 14C28N de 9,4 cm \u0219i un m\u00e2ner durabil din G10, asigur\u00e2nd o prindere confortabil\u0103 \u0219i fiabil\u0103. Lungimea total\u0103 de 22 cm \u00eel face o alegere versatil\u0103 pentru o varietate de sarcini. C\u00e2nt\u0103rind 115 g, acest cu\u021bit este bine echilibrat \u0219i u\u0219or de manevrat.<\/p>\n<p>Mecanismul de deschidere Nail Nick permite o operare u\u0219oar\u0103 cu o singur\u0103 m\u00e2n\u0103, \u00een timp ce sistemul de blocare Backlock men\u021bine lama \u00een siguran\u021b\u0103 \u00een timpul utiliz\u0103rii. Cu culoarea sa elegant\u0103 portocalie, PEAK ORANGE 14C28N adaug\u0103 un strop de stil la purtarea de zi cu zi.<\/p>\n","protected":false},"excerpt":{"rendered":"<p>Clema reversibil\u0103, ambidextr\u0103. \u00cenchidere cu blocare posterioar\u0103. PEAK ORANGE 14C28N.<\/p>\n","protected":false},"featured_media":719829,"template":"","meta":{"_acf_changed":false},"product_brand":[15084],"product_cat":[15374,15353],"product_tag":[],"class_list":{"0":"post-719761","1":"product","2":"type-product","3":"status-publish","4":"has-post-thumbnail","6":"product_brand-manly-knives","7":"product_cat-folding-knives-ro","8":"product_cat-knives-sl","10":"first","11":"outofstock","12":"taxable","13":"shipping-taxable","14":"purchasable","15":"product-type-simple"},"acf":[],"_links":{"self":[{"href":"https:\/\/nbg.eu\/ro\/wp-json\/wp\/v2\/product\/719761","targetHints":{"allow":["GET"]}}],"collection":[{"href":"https:\/\/nbg.eu\/ro\/wp-json\/wp\/v2\/product"}],"about":[{"href":"https:\/\/nbg.eu\/ro\/wp-json\/wp\/v2\/types\/product"}],"wp:featuredmedia":[{"embeddable":true,"href":"https:\/\/nbg.eu\/ro\/wp-json\/wp\/v2\/media\/719829"}],"wp:attachment":[{"href":"https:\/\/nbg.eu\/ro\/wp-json\/wp\/v2\/media?parent=719761"}],"wp:term":[{"taxonomy":"product_brand","embeddable":true,"href":"https:\/\/nbg.eu\/ro\/wp-json\/wp\/v2\/product_brand?post=719761"},{"taxonomy":"product_cat","embeddable":true,"href":"https:\/\/nbg.eu\/ro\/wp-json\/wp\/v2\/product_cat?post=719761"},{"taxonomy":"product_tag","embeddable":true,"href":"https:\/\/nbg.eu\/ro\/wp-json\/wp\/v2\/product_tag?post=719761"}],"curies":[{"name":"wp","href":"https:\/\/api.w.org\/{rel}","templated":true}]}}