{"id":720211,"date":"2025-05-21T16:04:06","date_gmt":"2025-05-21T13:04:06","guid":{"rendered":"https:\/\/nbg.eu\/product\/incarcator-magazine-kmr-l-02-orca-cal-40-sw-18-cartuse\/"},"modified":"2026-04-16T18:39:43","modified_gmt":"2026-04-16T15:39:43","slug":"incarcator-magazine-kmr-l-02-orca-cal-40-sw-18-cartuse","status":"publish","type":"product","link":"https:\/\/nbg.eu\/ro\/produs\/incarcator-magazine-kmr-l-02-orca-cal-40-sw-18-cartuse\/","title":{"rendered":"KMR \u00cenc\u0103rc\u0103tor L-02 ORCA .40 S&amp;W 18 Cart."},"content":{"rendered":"<h2>MAGAZINE KMR L-02 ORCA &#8211; \u00cembun\u0103t\u0103\u021be\u0219te-\u021bi puterea de foc<\/h2>\n<p>V\u0103 prezent\u0103m MAGAZINE KMR L-02 ORCA, un \u00eenc\u0103rc\u0103tor de capacitate mare, conceput pentru a v\u0103 \u00eembun\u0103t\u0103\u021bi experien\u021ba de tragere. Camerat\u0103 pentru puternica cartu\u015f\u0103 .40 S&amp;W, acest \u00eenc\u0103rc\u0103tor se laud\u0103 cu o capacitate remarcabil\u0103 de 18 cartu\u0219e, oferindu-v\u0103 o putere de foc sporit\u0103 \u015fi intervale mai scurte de re\u00eenc\u0103rcare.<\/p>\n<p>Realizat cu precizie \u015fi aten\u021bie la detalii, \u00eenc\u0103rc\u0103torul este un accesoriu esen\u0163ial pentru tr\u0103g\u0103tori care cer doar ce este mai bun. Construc\u021bia sa robust\u0103 asigur\u0103 o performan\u021b\u0103 fiabil\u0103, chiar \u015fi \u00een cele mai solicitante condi\u0163ii.<\/p>\n<p>Cu un design ergonomic \u015fi elegant, MAGAZINE KMR L-02 ORCA se integreaz\u0103 perfect cu arma dvs., oferind o prindere confortabil\u0103 \u015fi sigur\u0103. Capacitatea sa sporit\u0103 v\u0103 permite s\u0103 r\u0103m\u00e2ne\u021bi \u00een ac\u021biune mai mult timp, reduc\u00e2nd necesitatea schimb\u0103rii frecvente a \u00eenc\u0103rc\u0103toarelor \u015fi maximiz\u00e2nd avantajul tactic.<\/p>\n<p>Experimenta\u021bi puterea \u015fi versatilitatea MAGAZINE KMR L-02 ORCA, \u00eenc\u0103rc\u0103torul de capacitate mare definitiv pentru arma dvs. de foc .40 S&amp;W.<\/p>\n<p>Ref: 1152-02403-0001.<\/p>\n","protected":false},"excerpt":{"rendered":"<p>MAGAZIN KMR L-02 ORCA, cal. 40 S&amp;W, 18 cartu\u0219e, magazie de capacitate mare pentru o putere de foc \u00eembun\u0103t\u0103\u021bit\u0103.<\/p>\n","protected":false},"featured_media":365278,"template":"","meta":{"_acf_changed":false},"product_brand":[11498],"product_cat":[12745,12741],"product_tag":[],"class_list":{"0":"post-720211","1":"product","2":"type-product","3":"status-publish","4":"has-post-thumbnail","6":"product_brand-kmr-precision","7":"product_cat-piese-kmr","8":"product_cat-piese-pistol","10":"first","11":"instock","12":"taxable","13":"shipping-taxable","14":"product-type-simple"},"acf":[],"_links":{"self":[{"href":"https:\/\/nbg.eu\/ro\/wp-json\/wp\/v2\/product\/720211","targetHints":{"allow":["GET"]}}],"collection":[{"href":"https:\/\/nbg.eu\/ro\/wp-json\/wp\/v2\/product"}],"about":[{"href":"https:\/\/nbg.eu\/ro\/wp-json\/wp\/v2\/types\/product"}],"wp:featuredmedia":[{"embeddable":true,"href":"https:\/\/nbg.eu\/ro\/wp-json\/wp\/v2\/media\/365278"}],"wp:attachment":[{"href":"https:\/\/nbg.eu\/ro\/wp-json\/wp\/v2\/media?parent=720211"}],"wp:term":[{"taxonomy":"product_brand","embeddable":true,"href":"https:\/\/nbg.eu\/ro\/wp-json\/wp\/v2\/product_brand?post=720211"},{"taxonomy":"product_cat","embeddable":true,"href":"https:\/\/nbg.eu\/ro\/wp-json\/wp\/v2\/product_cat?post=720211"},{"taxonomy":"product_tag","embeddable":true,"href":"https:\/\/nbg.eu\/ro\/wp-json\/wp\/v2\/product_tag?post=720211"}],"curies":[{"name":"wp","href":"https:\/\/api.w.org\/{rel}","templated":true}]}}