{"id":720870,"date":"2024-08-18T12:16:47","date_gmt":"2024-08-18T09:16:47","guid":{"rendered":"https:\/\/nbg.eu\/product\/piu-de-tragere-kmr-l\/"},"modified":"2026-05-13T16:02:00","modified_gmt":"2026-05-13T13:02:00","slug":"piu-de-tragere-kmr-l","status":"publish","type":"product","link":"https:\/\/nbg.eu\/ro\/produs\/piu-de-tragere-kmr-l\/","title":{"rendered":"KMR Ac Percutor L"},"content":{"rendered":"<h2>\u0218tiftul de percu\u021bie KMR L: Alegerea de \u00eencredere pentru tragere de precizie<\/h2>\n<p>V\u0103 prezent\u0103m \u0218tiftul de percu\u021bie KMR L, un component de top proiectat pentru tr\u0103g\u0103tori serio\u0219i. Fabricat cu precizie \u0219i aten\u021bie la detalii, acest \u0219tift de percu\u021bie este disponibil \u00een diverse modele pentru a v\u0103 satisface nevoile specifice.<\/p>\n<p>Proiectat pentru durabilitate, \u0218tiftul de percu\u021bie KMR L are o construc\u021bie robust\u0103 care poate rezista la cerin\u021bele utiliz\u0103rii frecvente. Integrarea sa armonioas\u0103 asigur\u0103 o ac\u021bionare a detentei uniform\u0103 \u0219i fiabil\u0103, permi\u021b\u00e2ndu-v\u0103 s\u0103 trage\u021bi cu precizie \u0219i \u00eencredere. Conceput pentru a func\u021biona \u00een armonie cu arma dvs., acest \u0219tift de percu\u021bie este upgradarea perfect\u0103 pentru cei care caut\u0103 s\u0103 \u00eembun\u0103t\u0103\u021beasc\u0103 experien\u021ba de tragere.<\/p>\n<p>Upgradea\u021bi-v\u0103 arma ast\u0103zi \u0219i ridica\u021bi-v\u0103 nivelul de tragere la noi culmi.<\/p>\n","protected":false},"excerpt":{"rendered":"<p>Ac de percu\u021bie KMR L: Ac de percu\u021bie versatil pentru arme din seria KMR L.<\/p>\n","protected":false},"featured_media":30328,"template":"","meta":{"_acf_changed":false},"product_brand":[11498],"product_cat":[14777,12745],"product_tag":[],"class_list":{"0":"post-720870","1":"product","2":"type-product","3":"status-publish","4":"has-post-thumbnail","6":"product_brand-kmr-precision","7":"product_cat-ace-de-percutie","8":"product_cat-piese-kmr","10":"first","11":"outofstock","12":"taxable","13":"shipping-taxable","14":"product-type-simple"},"acf":[],"_links":{"self":[{"href":"https:\/\/nbg.eu\/ro\/wp-json\/wp\/v2\/product\/720870","targetHints":{"allow":["GET"]}}],"collection":[{"href":"https:\/\/nbg.eu\/ro\/wp-json\/wp\/v2\/product"}],"about":[{"href":"https:\/\/nbg.eu\/ro\/wp-json\/wp\/v2\/types\/product"}],"wp:featuredmedia":[{"embeddable":true,"href":"https:\/\/nbg.eu\/ro\/wp-json\/wp\/v2\/media\/30328"}],"wp:attachment":[{"href":"https:\/\/nbg.eu\/ro\/wp-json\/wp\/v2\/media?parent=720870"}],"wp:term":[{"taxonomy":"product_brand","embeddable":true,"href":"https:\/\/nbg.eu\/ro\/wp-json\/wp\/v2\/product_brand?post=720870"},{"taxonomy":"product_cat","embeddable":true,"href":"https:\/\/nbg.eu\/ro\/wp-json\/wp\/v2\/product_cat?post=720870"},{"taxonomy":"product_tag","embeddable":true,"href":"https:\/\/nbg.eu\/ro\/wp-json\/wp\/v2\/product_tag?post=720870"}],"curies":[{"name":"wp","href":"https:\/\/api.w.org\/{rel}","templated":true}]}}