{"id":721240,"date":"2024-08-18T11:07:42","date_gmt":"2024-08-18T08:07:42","guid":{"rendered":"https:\/\/nbg.eu\/product\/surub-de-prindere-m35-torx-kmr\/"},"modified":"2026-04-16T18:43:34","modified_gmt":"2026-04-16T15:43:34","slug":"surub-de-prindere-m35-torx-kmr","status":"publish","type":"product","link":"https:\/\/nbg.eu\/ro\/produs\/surub-de-prindere-m35-torx-kmr\/","title":{"rendered":"KMR \u0218urub M\u00e2ner M3.5 Torx"},"content":{"rendered":"<h2>\u0218urub Grip M3,5 Torx KMR<\/h2>\n<p>Construit cu precizie \u0219i aten\u021bie la detalii, acest \u0219urub grip asigur\u0103 o prindere sigur\u0103 \u0219i fiabil\u0103, \u00eembun\u0103t\u0103\u021bind performan\u021ba \u0219i func\u021bionalitatea general\u0103 a Weapons KMR-ului t\u0103u. Prezent\u00e2nd un design Torx, ofer\u0103 o conexiune sigur\u0103 \u0219i constant\u0103, prevenind sl\u0103birea sau deplasarea nedorit\u0103 \u00een timpul utiliz\u0103rii.<\/p>\n<p>Fie c\u0103 e\u0219ti un tr\u0103g\u0103tor experimentat sau un entuziast tactic, acesta este un accesoriu esen\u021bial pentru a men\u021bine integritatea \u0219i fiabilitatea Weapons KMR-ului t\u0103u. Ridic\u0103-\u021bi experien\u021ba de tragere cu acest component esen\u021bial, conceput pentru a se integra perfect cu modelul KMR preferat.<\/p>\n<p>Pentru Weapons KMR:<\/p>\n<p>KMR L-02 EMIQ<\/p>\n<p>KMR L-02 EMIQ (OR)<\/p>\n<p>KMR L-02 ORCA DIN 2024<\/p>\n<p>KMR L-02 ORCA P\u00c2N\u0102 \u00ceN 2023<\/p>\n<p>KMR L-02 SPECTRA DIN 2024<\/p>\n<p>KMR L-02 SPECTRA P\u00c2N\u0102 \u00ceN 2023<\/p>\n<p>KMR L-02 UMBRA (OR) SR<\/p>\n<p>KMR S-01 LANCE (OR)<\/p>\n<p>KMR S-02 DIN 2024<\/p>\n<p>KMR S-02 P\u00c2N\u0102 \u00ceN 2023<\/p>\n<p>KMR W-02 CUDA (OR)<\/p>\n<p>KMR W-02 UMBRA<\/p>\n<p>KMR W-02 UMBRA (OR)<\/p>\n","protected":false},"excerpt":{"rendered":"<p>\u0218urub de prindere M3,5 Torx KMR pentru modele de arme compatibile KMR.<\/p>\n","protected":false},"featured_media":25298,"template":"","meta":{"_acf_changed":false},"product_brand":[11498],"product_cat":[12745,14872],"product_tag":[],"class_list":{"0":"post-721240","1":"product","2":"type-product","3":"status-publish","4":"has-post-thumbnail","6":"product_brand-kmr-precision","7":"product_cat-piese-kmr","8":"product_cat-pistol-grips-ro","10":"first","11":"instock","12":"taxable","13":"shipping-taxable","14":"product-type-simple"},"acf":[],"_links":{"self":[{"href":"https:\/\/nbg.eu\/ro\/wp-json\/wp\/v2\/product\/721240","targetHints":{"allow":["GET"]}}],"collection":[{"href":"https:\/\/nbg.eu\/ro\/wp-json\/wp\/v2\/product"}],"about":[{"href":"https:\/\/nbg.eu\/ro\/wp-json\/wp\/v2\/types\/product"}],"wp:featuredmedia":[{"embeddable":true,"href":"https:\/\/nbg.eu\/ro\/wp-json\/wp\/v2\/media\/25298"}],"wp:attachment":[{"href":"https:\/\/nbg.eu\/ro\/wp-json\/wp\/v2\/media?parent=721240"}],"wp:term":[{"taxonomy":"product_brand","embeddable":true,"href":"https:\/\/nbg.eu\/ro\/wp-json\/wp\/v2\/product_brand?post=721240"},{"taxonomy":"product_cat","embeddable":true,"href":"https:\/\/nbg.eu\/ro\/wp-json\/wp\/v2\/product_cat?post=721240"},{"taxonomy":"product_tag","embeddable":true,"href":"https:\/\/nbg.eu\/ro\/wp-json\/wp\/v2\/product_tag?post=721240"}],"curies":[{"name":"wp","href":"https:\/\/api.w.org\/{rel}","templated":true}]}}