{"id":721319,"date":"2026-01-19T18:48:08","date_gmt":"2026-01-19T15:48:08","guid":{"rendered":"https:\/\/nbg.eu\/product\/rh-crocy-gizmo-adaptor\/"},"modified":"2026-02-27T16:25:58","modified_gmt":"2026-02-27T13:25:58","slug":"rh-crocy-gizmo-adaptor","status":"publish","type":"product","link":"https:\/\/nbg.eu\/ro\/produs\/rh-crocy-gizmo-adaptor\/","title":{"rendered":"RH Crocy Gizmo adaptor"},"content":{"rendered":"<h2>RH Crocy Gizmo adaptor<\/h2>\n<p>Crocy Gizmo este o pies\u0103 de conectare conceput\u0103 pentru sistemul de tocuri RH Crocy AIWB. Permite ata\u0219area unui port-\u00eenc\u0103rc\u0103tor direct la toc pentru o configura\u021bie complet\u0103 de purtare AIWB.<\/p>\n<h3>Caracteristici principale:<\/h3>\n<ul>\n<li>Conecteaz\u0103 port-\u00eenc\u0103rc\u0103torul Crocy la tocul Crocy AIWB<\/li>\n<li>Construc\u021bie din Kydex pentru durabilitate<\/li>\n<li>Permite configura\u021bie AIWB modular\u0103<\/li>\n<li>U\u0219or \u0219i profil redus<\/li>\n<\/ul>\n","protected":false},"excerpt":{"rendered":"<p>RH Crocy Gizmo: Pies\u0103 de conectare pentru ata\u0219area unui port-\u00eenc\u0103rc\u0103tor la toc Crocy AIWB.<\/p>\n","protected":false},"featured_media":721320,"template":"","meta":{"_acf_changed":false},"product_brand":[11646],"product_cat":[12776],"product_tag":[],"class_list":{"0":"post-721319","1":"product","2":"type-product","3":"status-publish","4":"has-post-thumbnail","6":"product_brand-rh-holsters","7":"product_cat-accesorii-tocuri","9":"first","10":"instock","11":"taxable","12":"shipping-taxable","13":"purchasable","14":"product-type-simple"},"acf":[],"_links":{"self":[{"href":"https:\/\/nbg.eu\/ro\/wp-json\/wp\/v2\/product\/721319","targetHints":{"allow":["GET"]}}],"collection":[{"href":"https:\/\/nbg.eu\/ro\/wp-json\/wp\/v2\/product"}],"about":[{"href":"https:\/\/nbg.eu\/ro\/wp-json\/wp\/v2\/types\/product"}],"wp:featuredmedia":[{"embeddable":true,"href":"https:\/\/nbg.eu\/ro\/wp-json\/wp\/v2\/media\/721320"}],"wp:attachment":[{"href":"https:\/\/nbg.eu\/ro\/wp-json\/wp\/v2\/media?parent=721319"}],"wp:term":[{"taxonomy":"product_brand","embeddable":true,"href":"https:\/\/nbg.eu\/ro\/wp-json\/wp\/v2\/product_brand?post=721319"},{"taxonomy":"product_cat","embeddable":true,"href":"https:\/\/nbg.eu\/ro\/wp-json\/wp\/v2\/product_cat?post=721319"},{"taxonomy":"product_tag","embeddable":true,"href":"https:\/\/nbg.eu\/ro\/wp-json\/wp\/v2\/product_tag?post=721319"}],"curies":[{"name":"wp","href":"https:\/\/api.w.org\/{rel}","templated":true}]}}