{"id":721365,"date":"2026-01-19T18:48:05","date_gmt":"2026-01-19T15:48:05","guid":{"rendered":"https:\/\/nbg.eu\/product\/rh-crocy-carlig-suplimentar\/"},"modified":"2026-02-27T16:26:54","modified_gmt":"2026-02-27T13:26:54","slug":"rh-crocy-carlig-suplimentar","status":"publish","type":"product","link":"https:\/\/nbg.eu\/ro\/produs\/rh-crocy-carlig-suplimentar\/","title":{"rendered":"RH Crocy c\u00e2rlig suplimentar"},"content":{"rendered":"<h2>RH Crocy c\u00e2rlig suplimentar<\/h2>\n<p>C\u00e2rligul suplimentar RH Crocy ofer\u0103 fixare suplimentar\u0103 la curea pentru sistemul de tocuri Crocy AIWB, \u00eembun\u0103t\u0103\u021bind stabilitatea \u0219i distribu\u021bia greut\u0103\u021bii \u00een timpul purt\u0103rii AIWB.<\/p>\n<h3>Caracteristici principale:<\/h3>\n<ul>\n<li>Construc\u021bie din o\u021bel pentru durabilitate<\/li>\n<li>Compatibil cu curea de 40 mm<\/li>\n<li>Adaug\u0103 un al doilea punct de fixare la sistemul Crocy<\/li>\n<li>\u00cembun\u0103t\u0103\u021be\u0219te stabilitatea tocului \u0219i reduce mi\u0219carea<\/li>\n<li>Instalare u\u0219oar\u0103 pe tocul Crocy<\/li>\n<\/ul>\n","protected":false},"excerpt":{"rendered":"<p>RH Crocy c\u00e2rlig suplimentar: C\u00e2rlig de o\u021bel pentru stabilitate \u00eembun\u0103t\u0103\u021bit\u0103 pe sistemul Crocy AIWB.<\/p>\n","protected":false},"featured_media":721366,"template":"","meta":{"_acf_changed":false},"product_brand":[11646],"product_cat":[12776],"product_tag":[],"class_list":{"0":"post-721365","1":"product","2":"type-product","3":"status-publish","4":"has-post-thumbnail","6":"product_brand-rh-holsters","7":"product_cat-accesorii-tocuri","9":"first","10":"instock","11":"taxable","12":"shipping-taxable","13":"purchasable","14":"product-type-simple"},"acf":[],"_links":{"self":[{"href":"https:\/\/nbg.eu\/ro\/wp-json\/wp\/v2\/product\/721365","targetHints":{"allow":["GET"]}}],"collection":[{"href":"https:\/\/nbg.eu\/ro\/wp-json\/wp\/v2\/product"}],"about":[{"href":"https:\/\/nbg.eu\/ro\/wp-json\/wp\/v2\/types\/product"}],"wp:featuredmedia":[{"embeddable":true,"href":"https:\/\/nbg.eu\/ro\/wp-json\/wp\/v2\/media\/721366"}],"wp:attachment":[{"href":"https:\/\/nbg.eu\/ro\/wp-json\/wp\/v2\/media?parent=721365"}],"wp:term":[{"taxonomy":"product_brand","embeddable":true,"href":"https:\/\/nbg.eu\/ro\/wp-json\/wp\/v2\/product_brand?post=721365"},{"taxonomy":"product_cat","embeddable":true,"href":"https:\/\/nbg.eu\/ro\/wp-json\/wp\/v2\/product_cat?post=721365"},{"taxonomy":"product_tag","embeddable":true,"href":"https:\/\/nbg.eu\/ro\/wp-json\/wp\/v2\/product_tag?post=721365"}],"curies":[{"name":"wp","href":"https:\/\/api.w.org\/{rel}","templated":true}]}}