{"id":732727,"date":"2026-03-13T17:31:43","date_gmt":"2026-03-13T14:31:43","guid":{"rendered":"https:\/\/nbg.eu\/product\/microtech-utx-85-gen-iv-t-e-tactical-standard-black\/"},"modified":"2026-03-30T15:39:04","modified_gmt":"2026-03-30T12:39:04","slug":"microtech-utx-85-gen-iv-t-e-tactical-standard-black","status":"publish","type":"product","link":"https:\/\/nbg.eu\/ro\/produs\/microtech-utx-85-gen-iv-t-e-tactical-standard-black\/","title":{"rendered":"Microtech UTX-85 Gen IV T\/E Standard tactic negru"},"content":{"rendered":"<h2>Prezentare general\u0103<\/h2>\n<p>Microtech UTX-85 Gen IV este o central\u0103 compact\u0103 proiectat\u0103 cu 85% din dimensiunea navalei de v\u00e2rf Ultratech, f\u0103c\u00e2ndu-l un sistem automat OTF ideal pentru transportul zilnic. Aceast\u0103 variant\u0103 neagr\u0103 are o lam\u0103 tanto tactic\u0103 acoperit\u0103 cu DLC cu margine simpl\u0103 standard din o\u021bel Bohler M390MK. \u00cen ciuda amprentei sale reduse, UTX-85 Gen IV mo\u0219tene\u0219te toat\u0103 tehnologia avansat\u0103 de la fratele s\u0103u mai mare, inclusiv trenul de propulsie cu combustibil dublu \u0219i mecanismul de autocur\u0103\u021bare Crud Kutter, oferind performan\u021be de dimensiune complet\u0103 \u00eentr-un pachet u\u0219or de buzunar.<\/p>\n<h3>Design EDC compact<\/h3>\n<p>La 85% din dimensiunea Ultratech \u0219i c\u00e2nt\u0103rind doar 3,1 oz, UTX-85 Gen IV se potrive\u0219te confortabil \u00een orice buzunar, p\u0103str\u00e2nd \u00een acela\u0219i timp func\u021bionalitatea complet\u0103 \u0219i calitatea construc\u021biei omologul s\u0103u mai mare. Profilul ergonomic al m\u00e2nerului asigur\u0103 o prindere sigur\u0103 pentru orice dimensiune a m\u00e2inii.<\/p>\n<h3>Tren cu dubl\u0103 propulsie cu combustibil<\/h3>\n<p>Transmisia Gen IV folose\u0219te un sistem cu dou\u0103 arcuri pentru o desf\u0103\u0219urare constant\u0103 a lamei cu uzur\u0103 intern\u0103 redus\u0103. Mecanismul compact ofer\u0103 o ac\u021biune puternic\u0103 \u0219i fiabil\u0103 de mii de ori.<\/p>\n<h3>Sistem de autocur\u0103\u021bare Crud Kutter<\/h3>\n<p>Sistemul integrat de deplasare a resturilor men\u021bine traseul lamei liber de murd\u0103rie \u0219i scame de buzunar, asigur\u00e2nd o implementare fiabil\u0103 atunci c\u00e2nd ave\u021bi cea mai mare nevoie.<\/p>\n<h3>Componente premium<\/h3>\n<ul>\n<li>Lama tanto Bohler M390MK<\/li>\n<li>6061-T6 m\u00e2ner din aluminiu pentru aeronave<\/li>\n<li>Sistem de desf\u0103\u0219urare a trenului de propulsie cu combustibil dublu<\/li>\n<li>Mecanismul comutatorului cu autocur\u0103\u021bare Crud Kutter<\/li>\n<li>Clip de buzunar din titan m\u0103cinat cu bile ceramice<\/li>\n<li>Sp\u0103rg\u0103tor de sticl\u0103<\/li>\n<li>Hardware Torx peste tot<\/li>\n<\/ul>\n<h3>Specifica\u021bii<\/h3>\n<table class=\"shop_attributes\">\n<tbody>\n<tr>\n<td><strong>Tip<\/strong><\/td>\n<td>Automat \u00een fa\u021b\u0103<\/td>\n<\/tr>\n<tr>\n<td><strong>Lungimea lamei<\/strong><\/td>\n<td>3.10&#8243;<\/td>\n<\/tr>\n<tr>\n<td><strong>Lungimea total\u0103<\/strong><\/td>\n<td>7,65&#8243;<\/td>\n<\/tr>\n<tr>\n<td><strong>Blade Steel<\/strong><\/td>\n<td>Bohler M390MK<\/td>\n<\/tr>\n<tr>\n<td><strong>Material pentru m\u00e2ner<\/strong><\/td>\n<td>6061-T6 Aluminiu<\/td>\n<\/tr>\n<tr>\n<td><strong>Greutate<\/strong><\/td>\n<td>3,10 oz<\/td>\n<\/tr>\n<tr>\n<td><strong>Clip de buzunar<\/strong><\/td>\n<td>Titan m\u0103cinat cu re\u021binere ceramic\u0103<\/td>\n<\/tr>\n<tr>\n<td><strong>Hardware<\/strong><\/td>\n<td>\u0218uruburi Torx<\/td>\n<\/tr>\n<tr>\n<td><strong>Sp\u0103rg\u0103tor de sticl\u0103<\/strong><\/td>\n<td>Da<\/td>\n<\/tr>\n<tr>\n<td><strong>\u021aara de origine<\/strong><\/td>\n<td>SUA<\/td>\n<\/tr>\n<tr>\n<td><strong>Culoarea m\u00e2nerului<\/strong><\/td>\n<td>Negru<\/td>\n<\/tr>\n<tr>\n<td><strong>Finisajul lamei<\/strong><\/td>\n<td>Black DLC Tactical<\/td>\n<\/tr>\n<tr>\n<td><strong>Tipul marginii<\/strong><\/td>\n<td>Clar<\/td>\n<\/tr>\n<\/tbody>\n","protected":false},"excerpt":{"rendered":"<p>Cu\u021bit automat UTX-85 Gen IV OTF compact \u00een negru cu lam\u0103 tactic\u0103 M390MK tanto acoperit\u0103 cu DLC. Dimensiune Ultratech de 85% cu tren de propulsie cu combustibil dublu. Lam\u0103 de 3,10 inchi, 7,65 inchi total, 3,1 oz.<\/p>\n","protected":false},"featured_media":732728,"template":"","meta":{"_acf_changed":false},"product_brand":[15528],"product_cat":[16006,15353],"product_tag":[],"class_list":{"0":"post-732727","1":"product","2":"type-product","3":"status-publish","4":"has-post-thumbnail","6":"product_brand-microtech","7":"product_cat-otf-knives-ro","8":"product_cat-knives-sl","10":"first","11":"outofstock","12":"taxable","13":"shipping-taxable","14":"purchasable","15":"product-type-simple"},"acf":[],"_links":{"self":[{"href":"https:\/\/nbg.eu\/ro\/wp-json\/wp\/v2\/product\/732727","targetHints":{"allow":["GET"]}}],"collection":[{"href":"https:\/\/nbg.eu\/ro\/wp-json\/wp\/v2\/product"}],"about":[{"href":"https:\/\/nbg.eu\/ro\/wp-json\/wp\/v2\/types\/product"}],"wp:featuredmedia":[{"embeddable":true,"href":"https:\/\/nbg.eu\/ro\/wp-json\/wp\/v2\/media\/732728"}],"wp:attachment":[{"href":"https:\/\/nbg.eu\/ro\/wp-json\/wp\/v2\/media?parent=732727"}],"wp:term":[{"taxonomy":"product_brand","embeddable":true,"href":"https:\/\/nbg.eu\/ro\/wp-json\/wp\/v2\/product_brand?post=732727"},{"taxonomy":"product_cat","embeddable":true,"href":"https:\/\/nbg.eu\/ro\/wp-json\/wp\/v2\/product_cat?post=732727"},{"taxonomy":"product_tag","embeddable":true,"href":"https:\/\/nbg.eu\/ro\/wp-json\/wp\/v2\/product_tag?post=732727"}],"curies":[{"name":"wp","href":"https:\/\/api.w.org\/{rel}","templated":true}]}}