{"id":732739,"date":"2026-03-13T17:31:58","date_gmt":"2026-03-13T14:31:58","guid":{"rendered":"https:\/\/nbg.eu\/product\/microtech-l-u-d-t-t-e-gen-iii-black-standard-blue\/"},"modified":"2026-03-16T13:00:14","modified_gmt":"2026-03-16T10:00:14","slug":"microtech-l-u-d-t-t-e-gen-iii-black-standard-blue","status":"publish","type":"product","link":"https:\/\/nbg.eu\/ro\/produs\/microtech-l-u-d-t-t-e-gen-iii-black-standard-blue\/","title":{"rendered":"Microtech L.U.D.T. T\/E Gen III Negru Standard Albastru"},"content":{"rendered":"<h2>Prezentare general\u0103<\/h2>\n<p>The Microtech L.U.D.T. Gen III este un folder automat puternic care evoc\u0103 stilul clasic UDT cu actualiz\u0103ri revolu\u021bionare ale formei \u0219i func\u021bion\u0103rii. Aceast\u0103 variant\u0103 albastr\u0103 are o lam\u0103 tanto acoperit\u0103 cu DLC neagr\u0103 cu muchie simpl\u0103 standard, forjat\u0103 din o\u021bel Bohler M390MK. Itera\u021bia de genera\u021bie a III-a aduce \u00een spate incrusta\u021bii de m\u00e2ner cu band\u0103 de trac\u021biune 3M pentru o aderen\u021b\u0103 optim\u0103, ruleaz\u0103 pe 24 de rulmen\u021bi din carbur\u0103 de siliciu pentru cea mai lin\u0103 ac\u021biune din clasa sa \u0219i folose\u0219te \u0219uruburi Torx obi\u0219nuite pentru o \u00eentre\u021binere u\u0219oar\u0103 pe teren.<\/p>\n<h3>24 rulmen\u021bi din carbur\u0103 de silice<\/h3>\n<p>Sistemul de ac\u021biune LUDT Gen III ruleaz\u0103 pe 24 de rulmen\u021bi de carbur\u0103 de silice de precizie, oferind cea mai fin\u0103 \u0219i mai rafinat\u0103 ac\u021biune automat\u0103 de pliere pe care Microtech a produs-o vreodat\u0103. Sistemul de rulmen\u021bi elimin\u0103 practic frecarea pentru o desf\u0103\u0219urare fulger\u0103toare.<\/p>\n<h3>Incrusta\u021bii cu band\u0103 de trac\u021biune 3M<\/h3>\n<p>Returul incrusta\u021biilor pentru m\u00e2ner \u00een Gen III folose\u0219te band\u0103 de trac\u021biune 3M de calitate industrial\u0103, oferind o aderen\u021b\u0103 excep\u021bional\u0103 \u00een condi\u021bii umede, uleioase sau cu m\u0103nu\u0219i, f\u0103r\u0103 a ad\u0103uga volum profilului m\u00e2nerului.<\/p>\n<h3>Constructie rezistenta la apa<\/h3>\n<p>Construit special pentru medii dure, LUDT Gen III are o construc\u021bie etan\u0219\u0103 la intemperii, care rezist\u0103 la p\u0103trunderea umezelii, f\u0103c\u00e2ndu-l fiabil \u00een ploaie, z\u0103pad\u0103 \u0219i medii marine.<\/p>\n<h3>Componente premium<\/h3>\n<ul>\n<li>Lama tanto Bohler M390MK<\/li>\n<li>M\u00e2ner din aluminiu 6061-T6 cu incrusta\u021bii de band\u0103 de trac\u021biune 3M<\/li>\n<li>Sistem de ac\u021biune cu rulment din carbur\u0103 de silice 24<\/li>\n<li>Clip de buzunar pentru transport cu v\u00e2rful \u00een sus<\/li>\n<li>Hardware Torx obi\u0219nuit pentru \u00eentre\u021binere u\u0219oar\u0103<\/li>\n<li>Constructie rezistenta la apa<\/li>\n<\/ul>\n<h3>Specifica\u021bii<\/h3>\n<table class=\"shop_attributes\">\n<tbody>\n<tr>\n<td><strong>Tip<\/strong><\/td>\n<td>Doar automat<\/td>\n<\/tr>\n<tr>\n<td><strong>Lungimea lamei<\/strong><\/td>\n<td>3,50&#8243;<\/td>\n<\/tr>\n<tr>\n<td><strong>Lungimea total\u0103<\/strong><\/td>\n<td>8.00&#8243;<\/td>\n<\/tr>\n<tr>\n<td><strong>Lungimea m\u00e2nerului<\/strong><\/td>\n<td>4,50&#8243;<\/td>\n<\/tr>\n<tr>\n<td><strong>Blade Steel<\/strong><\/td>\n<td>Bohler M390MK<\/td>\n<\/tr>\n<tr>\n<td><strong>Material pentru m\u00e2ner<\/strong><\/td>\n<td>Aluminiu 6061-T6 cu incrusta\u021bii de band\u0103 de trac\u021biune 3M<\/td>\n<\/tr>\n<tr>\n<td><strong>Greutate<\/strong><\/td>\n<td>3,60 oz<\/td>\n<\/tr>\n<tr>\n<td><strong>Clip de buzunar<\/strong><\/td>\n<td>Posibilitate de transport<\/td>\n<\/tr>\n<tr>\n<td><strong>Rulmen\u021bi<\/strong><\/td>\n<td>24 Carbur\u0103 de silice<\/td>\n<\/tr>\n<tr>\n<td><strong>\u021aara de origine<\/strong><\/td>\n<td>SUA<\/td>\n<\/tr>\n<tr>\n<td><strong>Culoarea m\u00e2nerului<\/strong><\/td>\n<td>Albastru<\/td>\n<\/tr>\n<tr>\n<td><strong>Finisajul lamei<\/strong><\/td>\n<td>DLC negru<\/td>\n<\/tr>\n<tr>\n<td><strong>Tipul marginii<\/strong><\/td>\n<td>Clar<\/td>\n<\/tr>\n<\/tbody>\n","protected":false},"excerpt":{"rendered":"<p>L.U.D.T. Dosar automat Gen III \u00een albastru cu lam\u0103 tanto M390MK standard DLC neagr\u0103. Dispune de 24 de rulmen\u021bi din carbur\u0103 de silice \u0219i incrusta\u021bii de band\u0103 de trac\u021biune 3M. Lam\u0103 de 3,50\u2033, 8,00\u2033 total.<\/p>\n","protected":false},"featured_media":732740,"template":"","meta":{"_acf_changed":false},"product_brand":[15528],"product_cat":[15374,15353],"product_tag":[],"class_list":{"0":"post-732739","1":"product","2":"type-product","3":"status-publish","4":"has-post-thumbnail","6":"product_brand-microtech","7":"product_cat-folding-knives-ro","8":"product_cat-knives-sl","10":"first","11":"instock","12":"taxable","13":"shipping-taxable","14":"purchasable","15":"product-type-simple"},"acf":[],"_links":{"self":[{"href":"https:\/\/nbg.eu\/ro\/wp-json\/wp\/v2\/product\/732739","targetHints":{"allow":["GET"]}}],"collection":[{"href":"https:\/\/nbg.eu\/ro\/wp-json\/wp\/v2\/product"}],"about":[{"href":"https:\/\/nbg.eu\/ro\/wp-json\/wp\/v2\/types\/product"}],"wp:featuredmedia":[{"embeddable":true,"href":"https:\/\/nbg.eu\/ro\/wp-json\/wp\/v2\/media\/732740"}],"wp:attachment":[{"href":"https:\/\/nbg.eu\/ro\/wp-json\/wp\/v2\/media?parent=732739"}],"wp:term":[{"taxonomy":"product_brand","embeddable":true,"href":"https:\/\/nbg.eu\/ro\/wp-json\/wp\/v2\/product_brand?post=732739"},{"taxonomy":"product_cat","embeddable":true,"href":"https:\/\/nbg.eu\/ro\/wp-json\/wp\/v2\/product_cat?post=732739"},{"taxonomy":"product_tag","embeddable":true,"href":"https:\/\/nbg.eu\/ro\/wp-json\/wp\/v2\/product_tag?post=732739"}],"curies":[{"name":"wp","href":"https:\/\/api.w.org\/{rel}","templated":true}]}}