{"id":732745,"date":"2026-03-13T17:32:11","date_gmt":"2026-03-13T14:32:11","guid":{"rendered":"https:\/\/nbg.eu\/product\/microtech-combat-troodon-lt-s-e-apocalyptic-standard\/"},"modified":"2026-03-30T15:30:54","modified_gmt":"2026-03-30T12:30:54","slug":"microtech-combat-troodon-lt-s-e-apocalyptic-standard","status":"publish","type":"product","link":"https:\/\/nbg.eu\/ro\/produs\/microtech-combat-troodon-lt-s-e-apocalyptic-standard\/","title":{"rendered":"Microtech Combat Troodon LT S\/E Standard apocaliptic"},"content":{"rendered":"<h2>Prezentare general\u0103<\/h2>\n<p>Microtech Combat Troodon LT este o variant\u0103 mai u\u0219oar\u0103 a legendarului Combat Troodon, construit\u0103 pentru a fi folosit\u0103 \u00een aplica\u021bii de aplicare a legii, militare \u0219i de prim\u0103 interven\u021bie. Acest model are o lam\u0103 cu punct de c\u0103dere cu o singur\u0103 t\u0103i\u0219, cu finisaj apocaliptic, din o\u021bel Bohler M390MK, cu o margine simpl\u0103 standard. Reproiectarea Gen III introduce un nou sistem de propulsie cu dou\u0103 combustibili pentru o desf\u0103\u0219urare f\u0103r\u0103 efort, un design \u00eembun\u0103t\u0103\u021bit al buzunarului cu nasturi care minimizeaz\u0103 frecarea \u0219i faciliteaz\u0103 deplasarea reziduurilor \u0219i \u0219an\u021buri agresive \u0219i caneluri ale corpului pentru o aderen\u021b\u0103 excep\u021bional\u0103 \u00een situa\u021bii tactice.<\/p>\n<h3>Sistem de transmisie cu combustibil dublu<\/h3>\n<p>Trenul de propulsie reproiectat al lui Combat Troodon permite o desf\u0103\u0219urare f\u0103r\u0103 efort \u00een situa\u021bii critice \u0219i o dezasamblare u\u0219or de utilizat pentru \u00eentre\u021binere. Designul cu arcuri duble propulseaz\u0103 lama \u00eenainte cu autoritate, r\u0103m\u00e2n\u00e2nd \u00een acela\u0219i timp lin\u0103 de func\u021bionare.<\/p>\n<h3>Design \u00eembun\u0103t\u0103\u021bit al buzunarului pentru butoane<\/h3>\n<p>Buzunarul cu buton Gen III minimizeaz\u0103 frecarea \u00een timpul func\u021bion\u0103rii \u0219i faciliteaz\u0103 deplasarea eficient\u0103 a resturilor, reduc\u00e2nd dramatic nevoia de \u00eentre\u021binere \u0219i cur\u0103\u021bare frecvent\u0103 \u00een condi\u021bii de c\u00e2mp.<\/p>\n<h3>Ergonomie tactic\u0103<\/h3>\n<p>\u00cenc\u0103rcare ad\u00e2nc\u0103 \u0219i caneluri frezate cu precizie de pe corpul m\u00e2nerului asigur\u0103 o achizi\u021bie excep\u021bional\u0103 \u00een condi\u021bii umede, uleioase sau cu m\u0103nu\u0219i. Clema de buzunar din titan cu blocare ceramic\u0103 asigur\u0103 securitate \u0219i accesibilitate rapid\u0103.<\/p>\n<h3>Componente premium<\/h3>\n<ul>\n<li>Lam\u0103 Bohler M390MK cu punct de c\u0103dere cu finisaj apocaliptic<\/li>\n<li>M\u00e2ner din aluminiu 6061-T6 cu gravare ad\u00e2nc\u0103<\/li>\n<li>Sistem de desf\u0103\u0219urare a sistemului de propulsie cu combustibil dublu<\/li>\n<li>Clip de buzunar din titan cu blocare ceramic\u0103<\/li>\n<li>Sp\u0103rg\u0103tor de sticl\u0103 din o\u021bel inoxidabil<\/li>\n<li>Clip de buzunar reversibil<\/li>\n<\/ul>\n<h3>Specifica\u021bii<\/h3>\n<table class=\"shop_attributes\">\n<tbody>\n<tr>\n<td><strong>Tip<\/strong><\/td>\n<td>Automat \u00een fa\u021b\u0103<\/td>\n<\/tr>\n<tr>\n<td><strong>Lungimea lamei<\/strong><\/td>\n<td>4.00&#8243;<\/td>\n<\/tr>\n<tr>\n<td><strong>Lungimea total\u0103<\/strong><\/td>\n<td>9,50&#8243;<\/td>\n<\/tr>\n<tr>\n<td><strong>Lungimea m\u00e2nerului<\/strong><\/td>\n<td>5,50&#8243;<\/td>\n<\/tr>\n<tr>\n<td><strong>Blade Steel<\/strong><\/td>\n<td>Bohler M390MK<\/td>\n<\/tr>\n<tr>\n<td><strong>Material pentru m\u00e2ner<\/strong><\/td>\n<td>6061-T6 Aluminiu (negru)<\/td>\n<\/tr>\n<tr>\n<td><strong>Greutate<\/strong><\/td>\n<td>~5,0 oz<\/td>\n<\/tr>\n<tr>\n<td><strong>Stil lam\u0103<\/strong><\/td>\n<td>Punctul de aruncare (S\/E)<\/td>\n<\/tr>\n<tr>\n<td><strong>Finisajul lamei<\/strong><\/td>\n<td>Apocaliptic<\/td>\n<\/tr>\n<tr>\n<td><strong>Tipul marginii<\/strong><\/td>\n<td>Clar<\/td>\n<\/tr>\n<tr>\n<td><strong>Clip de buzunar<\/strong><\/td>\n<td>Titan cu blocaj ceramic<\/td>\n<\/tr>\n<tr>\n<td><strong>Sp\u0103rg\u0103tor de sticl\u0103<\/strong><\/td>\n<td>O\u021bel inoxidabil<\/td>\n<\/tr>\n<tr>\n<td><strong>\u021aara de origine<\/strong><\/td>\n<td>SUA<\/td>\n<\/tr>\n<\/tbody>\n","protected":false},"excerpt":{"rendered":"<p>Combat Troodon LT OTF automat cu lam\u0103 M390MK cu o singur\u0103 t\u0103i\u0219 cu finisaj apocaliptic. Tren de rulare cu combustibil dublu, clem\u0103 de titan, sparg de sticl\u0103. Lam\u0103 de 4,00 inchi, 9,50 inchi \u00een total, ~5,0 oz.<\/p>\n","protected":false},"featured_media":732746,"template":"","meta":{"_acf_changed":false},"product_brand":[15528],"product_cat":[16006,15353],"product_tag":[],"class_list":{"0":"post-732745","1":"product","2":"type-product","3":"status-publish","4":"has-post-thumbnail","6":"product_brand-microtech","7":"product_cat-otf-knives-ro","8":"product_cat-knives-sl","10":"first","11":"outofstock","12":"taxable","13":"shipping-taxable","14":"purchasable","15":"product-type-simple"},"acf":[],"_links":{"self":[{"href":"https:\/\/nbg.eu\/ro\/wp-json\/wp\/v2\/product\/732745","targetHints":{"allow":["GET"]}}],"collection":[{"href":"https:\/\/nbg.eu\/ro\/wp-json\/wp\/v2\/product"}],"about":[{"href":"https:\/\/nbg.eu\/ro\/wp-json\/wp\/v2\/types\/product"}],"wp:featuredmedia":[{"embeddable":true,"href":"https:\/\/nbg.eu\/ro\/wp-json\/wp\/v2\/media\/732746"}],"wp:attachment":[{"href":"https:\/\/nbg.eu\/ro\/wp-json\/wp\/v2\/media?parent=732745"}],"wp:term":[{"taxonomy":"product_brand","embeddable":true,"href":"https:\/\/nbg.eu\/ro\/wp-json\/wp\/v2\/product_brand?post=732745"},{"taxonomy":"product_cat","embeddable":true,"href":"https:\/\/nbg.eu\/ro\/wp-json\/wp\/v2\/product_cat?post=732745"},{"taxonomy":"product_tag","embeddable":true,"href":"https:\/\/nbg.eu\/ro\/wp-json\/wp\/v2\/product_tag?post=732745"}],"curies":[{"name":"wp","href":"https:\/\/api.w.org\/{rel}","templated":true}]}}