{"id":732749,"date":"2026-03-13T17:32:15","date_gmt":"2026-03-13T14:32:15","guid":{"rendered":"https:\/\/nbg.eu\/product\/microtech-scarab-ii-gen-iii-t-e-apocalyptic-standard-blue\/"},"modified":"2026-03-30T15:40:28","modified_gmt":"2026-03-30T12:40:28","slug":"microtech-scarab-ii-gen-iii-t-e-apocalyptic-standard-blue","status":"publish","type":"product","link":"https:\/\/nbg.eu\/ro\/produs\/microtech-scarab-ii-gen-iii-t-e-apocalyptic-standard-blue\/","title":{"rendered":"Microtech Scarab II Gen III T\/E Apocaliptic Standard Blue"},"content":{"rendered":"<h2>Prezentare general\u0103<\/h2>\n<p>Microtech Scarab II Gen III este cel mai mare cu\u021bit OTF cu ac\u021biune dubl\u0103 din gama actual\u0103 a Microtech, av\u00e2nd cea mai larg\u0103 lam\u0103 disponibil\u0103 \u0219i o lungime total\u0103 impun\u0103toare de 9,70&#8243;. Aceast\u0103 variant\u0103 albastr\u0103 are o lam\u0103 tanto cu finisaj apocaliptic din o\u021bel Bohler M390MK. Revolu\u021bionarul cu dublu combustibil, propulseaz\u0103 for\u021ba sub ap\u0103, \u00een timp ce lama propulseaz\u0103 suficient de fiabil\u0103 sub ap\u0103. m\u00e2nerul cu inser\u021bii texturate ofer\u0103 o prindere sigur\u0103 \u0219i confortabil\u0103 pentru utilizare prelungit\u0103.<\/p>\n<h3>Cel mai mare OTF cu dubl\u0103 ac\u021biune<\/h3>\n<p>C\u00e2nt\u0103rind aproximativ 5,9 oz cu o lam\u0103 de aproape 4 inci, Scarab II de\u021bine autoritate. Profilul s\u0103u larg al lamei tanto ofer\u0103 performan\u021be de t\u0103iere excep\u021bionale \u0219i rezisten\u021b\u0103 la v\u00e2rf pentru sarcini solicitante.<\/p>\n<h3>Transmisia cu combustibil dublu<\/h3>\n<p>Designul cu arc dublu genereaz\u0103 suficient\u0103 for\u021b\u0103 pentru a desf\u0103\u0219ura lama \u00een mod fiabil chiar \u0219i scufundat\u0103 \u00een ap\u0103, f\u0103c\u00e2nd din Scarab II unul dintre cele mai fiabile cu\u021bite OTF produse vreodat\u0103.<\/p>\n<h3>Design de port spate<\/h3>\n<p>Portarea din spate proiectat\u0103 cu aten\u021bie permite deschiderea f\u0103r\u0103 efort cu\u021bitului chiar \u0219i \u00een condi\u021bii dificile, cu t\u0103ieturi de relief \u00een lam\u0103 \u0219i cap\u0103t pentru un design fluid.<\/p>\n<h3>Componente premium<\/h3>\n<ul>\n<li>Lam\u0103 lat\u0103 tanto Bohler M390MK<\/li>\n<li>M\u00e2ner conturat din aluminiu 6061-T6<\/li>\n<li>Tren de propulsie cu combustibil dublu cu capacitate de implementare subacvatic\u0103<\/li>\n<li>Inser\u021bii de prindere texturate pentru o trac\u021biune \u00eembun\u0103t\u0103\u021bit\u0103<\/li>\n<li>Portarea din spate pentru o func\u021bionare fiabil\u0103<\/li>\n<li>Design fluid cu t\u0103ieturi \u00een relief<\/li>\n<\/ul>\n<h3>Specifica\u021bii<\/h3>\n<table class=\"shop_attributes\">\n<tbody>\n<tr>\n<td><strong>Tip<\/strong><\/td>\n<td>Automat \u00een fa\u021b\u0103<\/td>\n<\/tr>\n<tr>\n<td><strong>Lungimea lamei<\/strong><\/td>\n<td>3,95&#8243;<\/td>\n<\/tr>\n<tr>\n<td><strong>Lungimea total\u0103<\/strong><\/td>\n<td>9,70&#8243;<\/td>\n<\/tr>\n<tr>\n<td><strong>Blade Steel<\/strong><\/td>\n<td>Bohler M390MK<\/td>\n<\/tr>\n<tr>\n<td><strong>Material pentru m\u00e2ner<\/strong><\/td>\n<td>6061-T6 Aluminiu (albastru)<\/td>\n<\/tr>\n<tr>\n<td><strong>Greutate<\/strong><\/td>\n<td>~5,9 oz<\/td>\n<\/tr>\n<tr>\n<td><strong>Stil lam\u0103<\/strong><\/td>\n<td>Tanto (T\/E)<\/td>\n<\/tr>\n<tr>\n<td><strong>Finisajul lamei<\/strong><\/td>\n<td>Apocaliptic<\/td>\n<\/tr>\n<tr>\n<td><strong>Tipul marginii<\/strong><\/td>\n<td>Clar<\/td>\n<\/tr>\n<tr>\n<td><strong>\u021aara de origine<\/strong><\/td>\n<td>SUA<\/td>\n<\/tr>\n<\/tbody>\n","protected":false},"excerpt":{"rendered":"<p>Scarab II Gen III, cel mai mare OTF cu dubl\u0103 ac\u021biune de la Microtech, \u00een albastru cu lam\u0103 tanto M390MK cu finisaj apocaliptic. Sistemul de propulsie cu combustibil dublu se desf\u0103\u0219oar\u0103 chiar \u0219i sub ap\u0103. Lam\u0103 de 3,95 inchi, 9,70 inchi \u00een total, ~5,9 oz.<\/p>\n","protected":false},"featured_media":732750,"template":"","meta":{"_acf_changed":false},"product_brand":[15528],"product_cat":[16006,15353],"product_tag":[],"class_list":{"0":"post-732749","1":"product","2":"type-product","3":"status-publish","4":"has-post-thumbnail","6":"product_brand-microtech","7":"product_cat-otf-knives-ro","8":"product_cat-knives-sl","10":"first","11":"instock","12":"taxable","13":"shipping-taxable","14":"purchasable","15":"product-type-simple"},"acf":[],"_links":{"self":[{"href":"https:\/\/nbg.eu\/ro\/wp-json\/wp\/v2\/product\/732749","targetHints":{"allow":["GET"]}}],"collection":[{"href":"https:\/\/nbg.eu\/ro\/wp-json\/wp\/v2\/product"}],"about":[{"href":"https:\/\/nbg.eu\/ro\/wp-json\/wp\/v2\/types\/product"}],"wp:featuredmedia":[{"embeddable":true,"href":"https:\/\/nbg.eu\/ro\/wp-json\/wp\/v2\/media\/732750"}],"wp:attachment":[{"href":"https:\/\/nbg.eu\/ro\/wp-json\/wp\/v2\/media?parent=732749"}],"wp:term":[{"taxonomy":"product_brand","embeddable":true,"href":"https:\/\/nbg.eu\/ro\/wp-json\/wp\/v2\/product_brand?post=732749"},{"taxonomy":"product_cat","embeddable":true,"href":"https:\/\/nbg.eu\/ro\/wp-json\/wp\/v2\/product_cat?post=732749"},{"taxonomy":"product_tag","embeddable":true,"href":"https:\/\/nbg.eu\/ro\/wp-json\/wp\/v2\/product_tag?post=732749"}],"curies":[{"name":"wp","href":"https:\/\/api.w.org\/{rel}","templated":true}]}}