{"id":732755,"date":"2026-03-13T17:32:28","date_gmt":"2026-03-13T14:32:28","guid":{"rendered":"https:\/\/nbg.eu\/product\/microtech-socom-elite-s-e-auto-stonewash-standard\/"},"modified":"2026-03-16T13:00:47","modified_gmt":"2026-03-16T10:00:47","slug":"microtech-socom-elite-s-e-auto-stonewash-standard","status":"publish","type":"product","link":"https:\/\/nbg.eu\/ro\/produs\/microtech-socom-elite-s-e-auto-stonewash-standard\/","title":{"rendered":"Standard Microtech Socom Elite S\/E Auto Stonewash"},"content":{"rendered":"<h2>Prezentare general\u0103<\/h2>\n<p>Microtech Socom Elite a r\u0103mas unul dintre cele mai populare cu\u021bite tactice pliabile \u00eenc\u0103 de la \u00eenceputurile sale \u00een 1996, iar aceast\u0103 variant\u0103 automat\u0103 continu\u0103 aceast\u0103 mo\u0219tenire. Dispun\u00e2nd de o lam\u0103 M390 cu finisaj stonewash cu margine simpl\u0103 standard, m\u00e2nerul ergonomic al Socom Elite se muleaz\u0103 natural pe m\u00e2n\u0103, \u00een timp ce un sparg de sticl\u0103 integrat \u0219i un \u0219tift mare pentru degetul mare ofer\u0103 utilitate practic\u0103 \u0219i operare u\u0219oar\u0103 cu o singur\u0103 m\u00e2n\u0103, chiar \u0219i cu m\u0103nu\u0219i.<\/p>\n<h3>Design tactic dovedit<\/h3>\n<p>Din 1996, Socom Elite a fost rafinat prin decenii de feedback din lumea real\u0103 din partea utilizatorilor militari, de aplicare a legii \u0219i civili. Geometria m\u00e2nerului ofer\u0103 o prindere natural\u0103, sigur\u0103, care reduce oboseala \u00een timpul utiliz\u0103rii prelungite.<\/p>\n<h3>Sp\u0103rg\u0103tor de sticl\u0103 integrat<\/h3>\n<p>Un sparg de sticl\u0103 \u00eent\u0103rit\u0103 \u00eencorporat \u00een baza m\u00e2nerului ofer\u0103 o capacitate de evacuare \u00een caz de urgen\u021b\u0103, f\u0103c\u00e2nd din Socom Elite un instrument versatil dincolo de sarcinile de t\u0103iere.<\/p>\n<h3>Func\u021bionare prietenoas\u0103 cu m\u0103nu\u0219i<\/h3>\n<p>\u0218tiftul supradimensionat pentru degetul mare \u0219i incrusta\u021biile de prindere texturate de pe c\u00e2ntarul m\u00e2nerului din aluminiu asigur\u0103 un control pozitiv \u0219i o desf\u0103\u0219urare u\u0219oar\u0103 chiar \u0219i cu m\u0103nu\u0219i tactice sau \u00een condi\u021bii umede.<\/p>\n<h3>Componente premium<\/h3>\n<ul>\n<li>Lama Bohler M390<\/li>\n<li>M\u00e2ner din aluminiu 6061-T6 cu elemente de prindere<\/li>\n<li>Sp\u0103rg\u0103tor de sticl\u0103 integrat<\/li>\n<li>\u0218tiftul mare pentru degetul mare pentru operare cu m\u0103nu\u0219i<\/li>\n<li>Clip de buzunar<\/li>\n<\/ul>\n<h3>Specifica\u021bii<\/h3>\n<table class=\"shop_attributes\">\n<tbody>\n<tr>\n<td><strong>Tip<\/strong><\/td>\n<td>Doar automat<\/td>\n<\/tr>\n<tr>\n<td><strong>Lungimea lamei<\/strong><\/td>\n<td>4,05&#8243;<\/td>\n<\/tr>\n<tr>\n<td><strong>Lungimea total\u0103<\/strong><\/td>\n<td>9,17&#8243;<\/td>\n<\/tr>\n<tr>\n<td><strong>Blade Steel<\/strong><\/td>\n<td>Bohler M390<\/td>\n<\/tr>\n<tr>\n<td><strong>Material pentru m\u00e2ner<\/strong><\/td>\n<td>6061-T6 Aluminiu (negru)<\/td>\n<\/tr>\n<tr>\n<td><strong>Greutate<\/strong><\/td>\n<td>5,40 oz<\/td>\n<\/tr>\n<tr>\n<td><strong>Stil lam\u0103<\/strong><\/td>\n<td>Punctul de clipare (S\/E)<\/td>\n<\/tr>\n<tr>\n<td><strong>Finisajul lamei<\/strong><\/td>\n<td>Stonewash<\/td>\n<\/tr>\n<tr>\n<td><strong>Tipul marginii<\/strong><\/td>\n<td>Clar<\/td>\n<\/tr>\n<tr>\n<td><strong>Bloca\u021bi<\/strong><\/td>\n<td>Blocarea butoanelor<\/td>\n<\/tr>\n<tr>\n<td><strong>Sp\u0103rg\u0103tor de sticl\u0103<\/strong><\/td>\n<td>Integrat<\/td>\n<\/tr>\n<tr>\n<td><strong>\u021aara de origine<\/strong><\/td>\n<td>SUA<\/td>\n<\/tr>\n<\/tbody>\n","protected":false},"excerpt":{"rendered":"<p>Mapa automat\u0103 Socom Elite cu lam\u0103 M390 cu o singur\u0103 margine, cu finisaj stonewash. Design tactic emblematic din 1996 cu sparg de sticl\u0103 integrat. Lam\u0103 de 4,05 inchi, 9,17 inchi total, 5,4 oz.<\/p>\n","protected":false},"featured_media":732756,"template":"","meta":{"_acf_changed":false},"product_brand":[15528],"product_cat":[15374,15353],"product_tag":[],"class_list":{"0":"post-732755","1":"product","2":"type-product","3":"status-publish","4":"has-post-thumbnail","6":"product_brand-microtech","7":"product_cat-folding-knives-ro","8":"product_cat-knives-sl","10":"first","11":"outofstock","12":"taxable","13":"shipping-taxable","14":"purchasable","15":"product-type-simple"},"acf":[],"_links":{"self":[{"href":"https:\/\/nbg.eu\/ro\/wp-json\/wp\/v2\/product\/732755","targetHints":{"allow":["GET"]}}],"collection":[{"href":"https:\/\/nbg.eu\/ro\/wp-json\/wp\/v2\/product"}],"about":[{"href":"https:\/\/nbg.eu\/ro\/wp-json\/wp\/v2\/types\/product"}],"wp:featuredmedia":[{"embeddable":true,"href":"https:\/\/nbg.eu\/ro\/wp-json\/wp\/v2\/media\/732756"}],"wp:attachment":[{"href":"https:\/\/nbg.eu\/ro\/wp-json\/wp\/v2\/media?parent=732755"}],"wp:term":[{"taxonomy":"product_brand","embeddable":true,"href":"https:\/\/nbg.eu\/ro\/wp-json\/wp\/v2\/product_brand?post=732755"},{"taxonomy":"product_cat","embeddable":true,"href":"https:\/\/nbg.eu\/ro\/wp-json\/wp\/v2\/product_cat?post=732755"},{"taxonomy":"product_tag","embeddable":true,"href":"https:\/\/nbg.eu\/ro\/wp-json\/wp\/v2\/product_tag?post=732755"}],"curies":[{"name":"wp","href":"https:\/\/api.w.org\/{rel}","templated":true}]}}