{"id":732767,"date":"2026-03-13T17:32:48","date_gmt":"2026-03-13T14:32:48","guid":{"rendered":"https:\/\/nbg.eu\/product\/microtech-stitch-s-e-tactical-partial-serrated\/"},"modified":"2026-03-16T13:01:08","modified_gmt":"2026-03-16T10:01:08","slug":"microtech-stitch-s-e-tactical-partial-serrated","status":"publish","type":"product","link":"https:\/\/nbg.eu\/ro\/produs\/microtech-stitch-s-e-tactical-partial-serrated\/","title":{"rendered":"Microtech Stitch S\/E Tactical Par\u021bial Zim\u021bat"},"content":{"rendered":"<h2>Prezentare general\u0103<\/h2>\n<p>Cus\u0103tura Microtech este o capodopera de produc\u021bie n\u0103scut\u0103 din colaborarea dintre Marfione Custom Knives \u0219i Borka Blades. Aceast\u0103 variant\u0103 tactic\u0103 are o lam\u0103 cu v\u00e2rf de suli\u021b\u0103 acoperit\u0103 cu DLC, par\u021bial zim\u021bat\u0103, din o\u021bel Bohler M390, g\u0103zduit\u0103 \u00eentr-un m\u00e2ner din aluminiu 6061-T6 puternic frezat \u0219i moletat, cu un finisaj anodizat Mil-Spec Hardcoat negru. La 6,3 oz, Stitch ofer\u0103 o greutate substan\u021bial\u0103 \u0219i o prezen\u021b\u0103, cu o ramp\u0103 generoas\u0103 pentru degetul mare, oferind mai multe op\u021biuni de prindere sigur\u0103 pentru un control precis.<\/p>\n<h3>Colaborarea Marfione x Borka<\/h3>\n<p>The Stitch reprezint\u0103 realizarea de produc\u021bie a unei colabor\u0103ri personalizate de cu\u021bit \u00eentre doi produc\u0103tori legendari. Fiecare detaliu, de la profilul distinctiv al lamei p\u00e2n\u0103 la frezarea agresiv\u0103 a m\u00e2nerului, reflect\u0103 zeci de ani de experien\u021b\u0103 combinat\u0103 \u00een fabricarea cu\u021bitelor.<\/p>\n<h3>Constructie Mil-Spec Hardcoat<\/h3>\n<p>M\u00e2nerul din aluminiu frezat puternic prime\u0219te o anodizare Mil-Spec Type III Hardcoat pentru rezisten\u021b\u0103 excep\u021bional\u0103 la uzur\u0103 \u0219i coroziune. Modelul de moletare ad\u00e2nc\u0103 ofer\u0103 o suprafa\u021b\u0103 de prindere sigur\u0103, f\u0103r\u0103 a necesita incrusta\u021bii.<\/p>\n<h3>Geometrie versatil\u0103 a lamei<\/h3>\n<p>Profilul lamei cu v\u00e2rf de suli\u021b\u0103, cu o ramp\u0103 substan\u021bial\u0103 pentru degetul mare, ofer\u0103 mai multe pozi\u021bii de prindere pentru diverse sarcini de t\u0103iere, de la lucru de precizie p\u00e2n\u0103 la feliere agresiv\u0103 cu sec\u021biunea par\u021bial zim\u021bat\u0103.<\/p>\n<h3>Componente premium<\/h3>\n<ul>\n<li>Lama cu v\u00e2rf de suli\u021b\u0103 Bohler M390 cu acoperire DLC<\/li>\n<li>M\u00e2ner din aluminiu 6061-T6 cu anodizare Mil-Spec Hardcoat<\/li>\n<li>Model de moletare ad\u00e2nc\u0103 pentru o prindere sigur\u0103<\/li>\n<li>Disp\u0103r\u0103tor de spate din aluminiu \u00eempins<\/li>\n<li>Clip de buzunar pentru transport cu v\u00e2rful \u00een sus<\/li>\n<li>Implementare automat\u0103 prin ap\u0103sare<\/li>\n<\/ul>\n<h3>Specifica\u021bii<\/h3>\n<table class=\"shop_attributes\">\n<tbody>\n<tr>\n<td><strong>Tip<\/strong><\/td>\n<td>Automat (OTS)<\/td>\n<\/tr>\n<tr>\n<td><strong>Lungimea lamei<\/strong><\/td>\n<td>3,75&#8243;<\/td>\n<\/tr>\n<tr>\n<td><strong>Lungimea total\u0103<\/strong><\/td>\n<td>8,51&#8243;<\/td>\n<\/tr>\n<tr>\n<td><strong>Lungime \u00eenchis\u0103<\/strong><\/td>\n<td>5.00&#8243;<\/td>\n<\/tr>\n<tr>\n<td><strong>Grosimea lamei<\/strong><\/td>\n<td>0,197&#8243;<\/td>\n<\/tr>\n<tr>\n<td><strong>Blade Steel<\/strong><\/td>\n<td>Bohler M390<\/td>\n<\/tr>\n<tr>\n<td><strong>Material pentru m\u00e2ner<\/strong><\/td>\n<td>Aluminiu 6061-T6 (acoperire dur\u0103 Mil-Spec)<\/td>\n<\/tr>\n<tr>\n<td><strong>Grosimea m\u00e2nerului<\/strong><\/td>\n<td>0,62&#8243;<\/td>\n<\/tr>\n<tr>\n<td><strong>Greutate<\/strong><\/td>\n<td>6,30 oz<\/td>\n<\/tr>\n<tr>\n<td><strong>Stil lam\u0103<\/strong><\/td>\n<td>Punctul lancei (S\/E)<\/td>\n<\/tr>\n<tr>\n<td><strong>Finisajul lamei<\/strong><\/td>\n<td>DLC negru<\/td>\n<\/tr>\n<tr>\n<td><strong>Tipul marginii<\/strong><\/td>\n<td>Par\u021bial crestat<\/td>\n<\/tr>\n<tr>\n<td><strong>\u021aara de origine<\/strong><\/td>\n<td>SUA<\/td>\n<\/tr>\n<\/tbody>\n","protected":false},"excerpt":{"rendered":"<p>Cu\u021bit automat pentru cus\u0103turi cu lam\u0103 M390 cu v\u00e2rf de suli\u021b\u0103 acoperit\u0103 cu DLC. Colaborare \u00eentre Marfione Custom \u0219i Borka Blades. M\u00e2ner moletat din aluminiu, lam\u0103 de 3,75 inchi, 8,51 inchi total, 6,3 oz.<\/p>\n","protected":false},"featured_media":732768,"template":"","meta":{"_acf_changed":false},"product_brand":[15528],"product_cat":[15374,15353],"product_tag":[],"class_list":{"0":"post-732767","1":"product","2":"type-product","3":"status-publish","4":"has-post-thumbnail","6":"product_brand-microtech","7":"product_cat-folding-knives-ro","8":"product_cat-knives-sl","10":"first","11":"instock","12":"taxable","13":"shipping-taxable","14":"purchasable","15":"product-type-simple"},"acf":[],"_links":{"self":[{"href":"https:\/\/nbg.eu\/ro\/wp-json\/wp\/v2\/product\/732767","targetHints":{"allow":["GET"]}}],"collection":[{"href":"https:\/\/nbg.eu\/ro\/wp-json\/wp\/v2\/product"}],"about":[{"href":"https:\/\/nbg.eu\/ro\/wp-json\/wp\/v2\/types\/product"}],"wp:featuredmedia":[{"embeddable":true,"href":"https:\/\/nbg.eu\/ro\/wp-json\/wp\/v2\/media\/732768"}],"wp:attachment":[{"href":"https:\/\/nbg.eu\/ro\/wp-json\/wp\/v2\/media?parent=732767"}],"wp:term":[{"taxonomy":"product_brand","embeddable":true,"href":"https:\/\/nbg.eu\/ro\/wp-json\/wp\/v2\/product_brand?post=732767"},{"taxonomy":"product_cat","embeddable":true,"href":"https:\/\/nbg.eu\/ro\/wp-json\/wp\/v2\/product_cat?post=732767"},{"taxonomy":"product_tag","embeddable":true,"href":"https:\/\/nbg.eu\/ro\/wp-json\/wp\/v2\/product_tag?post=732767"}],"curies":[{"name":"wp","href":"https:\/\/api.w.org\/{rel}","templated":true}]}}