{"id":732771,"date":"2026-03-13T17:33:03","date_gmt":"2026-03-13T14:33:03","guid":{"rendered":"https:\/\/nbg.eu\/product\/microtech-amphibian-ram-lok-s-e-fluted-partial-serrated-tan\/"},"modified":"2026-03-16T13:01:15","modified_gmt":"2026-03-16T10:01:15","slug":"microtech-amphibian-ram-lok-s-e-fluted-partial-serrated-tan","status":"publish","type":"product","link":"https:\/\/nbg.eu\/ro\/produs\/microtech-amphibian-ram-lok-s-e-fluted-partial-serrated-tan\/","title":{"rendered":"Microtech Amphibian RAM-LOK S\/E Fluted Partial Serrated Tan"},"content":{"rendered":"<h2>Prezentare general\u0103<\/h2>\n<p>Microtech Amphibian RAM-LOK readuce profilul clasic al lamei Amphibian &#8211; odat\u0103 salutat drept cel mai bun cu\u021bit EDC produs vreodat\u0103 de Microtech &#8211; cu mecanismul modern de blocare a barei RAM-LOK. Aceast\u0103 variant\u0103 Tan are o lam\u0103 neagr\u0103 acoperit\u0103 cu DLC, par\u021bial zim\u021bat\u0103, cu o singur\u0103 t\u0103i\u0219\u0103, din o\u021bel Bohler M390MK, montat\u0103 \u00eentr-un m\u00e2ner din aluminiu frumos canelat. Sistemul RAM-LOK ofer\u0103 o blocare \u00een stil bar\u0103 transversal\u0103, folosind o \u021beav\u0103 solid\u0103 din o\u021bel, antrenat\u0103 de un singur arc spiralat, oferind o blocare solid\u0103, cu \u00eenchidere ambidextr\u0103, sigur\u0103 pentru degete.<\/p>\n<h3>Sistem de blocare cu bar\u0103 RAM-LOK<\/h3>\n<p>RAM-LOK folose\u0219te o bar\u0103 transversal\u0103 solid\u0103 din o\u021bel, antrenat\u0103 de un singur arc spiralat, oferind unul dintre cele mai puternice \u0219i mai fiabile mecanisme de blocare disponibile. Designul permite \u00eenchiderea sigur\u0103 cu degetele de pe ambele p\u0103r\u021bi ale m\u00e2nerului pentru func\u021bionare ambidextr\u0103.<\/p>\n<h3>Profil de lam\u0103 de amfibieni clasic<\/h3>\n<p>Geometria distinctiv\u0103 a lamei Amphibian a fost o pictogram\u0103 Microtech, conceput\u0103 pentru performan\u021be de t\u0103iere versatil\u0103, care exceleaz\u0103 at\u00e2t \u00een sarcini de precizie, c\u00e2t \u0219i \u00een aplica\u021bii mai solicitante.<\/p>\n<h3>Constructie din aluminiu canelat<\/h3>\n<p>M\u00e2nerul din aluminiu 6061-T6 cu caneluri de precizie reduce greutatea, cre\u00e2nd \u00een acela\u0219i timp un model impresionant vizual \u0219i oferind o textura suplimentar\u0103 de prindere. Anodizarea Tan adaug\u0103 o estetic\u0103 cald\u0103, tactic\u0103.<\/p>\n<h3>Componente premium<\/h3>\n<ul>\n<li>Lam\u0103 cu o singur\u0103 t\u0103i\u0219 Bohler M390MK cu acoperire DLC<\/li>\n<li>M\u00e2ner din aluminiu 6061-T6 canelat (Brun)<\/li>\n<li>Mecanismul de blocare a barei transversale RAM-LOK<\/li>\n<li>Clem\u0103 de buzunar reversibil\u0103 din titan<\/li>\n<li>Configura\u021bie pentru transportul tip-up<\/li>\n<\/ul>\n<h3>Specifica\u021bii<\/h3>\n<table class=\"shop_attributes\">\n<tbody>\n<tr>\n<td><strong>Tip<\/strong><\/td>\n<td>Dosar manual<\/td>\n<\/tr>\n<tr>\n<td><strong>Lungimea lamei<\/strong><\/td>\n<td>3,90&#8243;<\/td>\n<\/tr>\n<tr>\n<td><strong>Lungimea total\u0103<\/strong><\/td>\n<td>9,25&#8243;<\/td>\n<\/tr>\n<tr>\n<td><strong>Lungime \u00eenchis\u0103<\/strong><\/td>\n<td>5,38&#8243;<\/td>\n<\/tr>\n<tr>\n<td><strong>Blade Steel<\/strong><\/td>\n<td>Bohler M390MK<\/td>\n<\/tr>\n<tr>\n<td><strong>Material pentru m\u00e2ner<\/strong><\/td>\n<td>6061-T6 aluminiu, canelat (caban)<\/td>\n<\/tr>\n<tr>\n<td><strong>Greutate<\/strong><\/td>\n<td>5,90 oz<\/td>\n<\/tr>\n<tr>\n<td><strong>Bloca\u021bi<\/strong><\/td>\n<td>Blocare bar\u0103 RAM-LOK<\/td>\n<\/tr>\n<tr>\n<td><strong>Stil lam\u0103<\/strong><\/td>\n<td>Single Edge (S\/E)<\/td>\n<\/tr>\n<tr>\n<td><strong>Finisajul lamei<\/strong><\/td>\n<td>DLC negru<\/td>\n<\/tr>\n<tr>\n<td><strong>Tipul marginii<\/strong><\/td>\n<td>Par\u021bial crestat<\/td>\n<\/tr>\n<tr>\n<td><strong>Clip de buzunar<\/strong><\/td>\n<td>Titan reversibil, cu v\u00e2rf \u00een sus<\/td>\n<\/tr>\n<tr>\n<td><strong>\u021aara de origine<\/strong><\/td>\n<td>SUA<\/td>\n<\/tr>\n<\/tbody>\n","protected":false},"excerpt":{"rendered":"<p>Doar manual Amphibian RAM-LOK \u00een maro cu DLC negru par\u021bial zim\u021bat M390MK cu o singur\u0103 muchie. M\u00e2ner canelat din aluminiu cu bar\u0103 de blocare RAM-LOK. Lam\u0103 de 3,90 inchi, 9,25 inchi total, 5,9 oz.<\/p>\n","protected":false},"featured_media":732772,"template":"","meta":{"_acf_changed":false},"product_brand":[15528],"product_cat":[15374,15353],"product_tag":[],"class_list":{"0":"post-732771","1":"product","2":"type-product","3":"status-publish","4":"has-post-thumbnail","6":"product_brand-microtech","7":"product_cat-folding-knives-ro","8":"product_cat-knives-sl","10":"first","11":"instock","12":"taxable","13":"shipping-taxable","14":"purchasable","15":"product-type-simple"},"acf":[],"_links":{"self":[{"href":"https:\/\/nbg.eu\/ro\/wp-json\/wp\/v2\/product\/732771","targetHints":{"allow":["GET"]}}],"collection":[{"href":"https:\/\/nbg.eu\/ro\/wp-json\/wp\/v2\/product"}],"about":[{"href":"https:\/\/nbg.eu\/ro\/wp-json\/wp\/v2\/types\/product"}],"wp:featuredmedia":[{"embeddable":true,"href":"https:\/\/nbg.eu\/ro\/wp-json\/wp\/v2\/media\/732772"}],"wp:attachment":[{"href":"https:\/\/nbg.eu\/ro\/wp-json\/wp\/v2\/media?parent=732771"}],"wp:term":[{"taxonomy":"product_brand","embeddable":true,"href":"https:\/\/nbg.eu\/ro\/wp-json\/wp\/v2\/product_brand?post=732771"},{"taxonomy":"product_cat","embeddable":true,"href":"https:\/\/nbg.eu\/ro\/wp-json\/wp\/v2\/product_cat?post=732771"},{"taxonomy":"product_tag","embeddable":true,"href":"https:\/\/nbg.eu\/ro\/wp-json\/wp\/v2\/product_tag?post=732771"}],"curies":[{"name":"wp","href":"https:\/\/api.w.org\/{rel}","templated":true}]}}