{"id":732779,"date":"2026-03-13T17:33:16","date_gmt":"2026-03-13T14:33:16","guid":{"rendered":"https:\/\/nbg.eu\/product\/microtech-dirac-delta-d-e-dlc-shadow-signature-series\/"},"modified":"2026-03-30T15:46:41","modified_gmt":"2026-03-30T12:46:41","slug":"microtech-dirac-delta-d-e-dlc-shadow-signature-series","status":"publish","type":"product","link":"https:\/\/nbg.eu\/ro\/produs\/microtech-dirac-delta-d-e-dlc-shadow-signature-series\/","title":{"rendered":"Seria Microtech Dirac Delta D\/E DLC Shadow Signature"},"content":{"rendered":"<h2>Prezentare general\u0103<\/h2>\n<p>Microtech Dirac Delta D\/E DLC Shadow este o variant\u0103 Signature Series a inovatoarelor automate OTF de top-fire de la Microtech. Modelat dup\u0103 pionierul Dirac, Delta are acela\u0219i \u0219asiu ergonomic \u0219i mecanism intern inovator \u00eentr-o dimensiune mai robust\u0103, aceast\u0103 edi\u021bie Shadow av\u00e2nd un strat complet DLC (Diamond-Like Carbon) pe lama pumnalului M390MK, m\u00e2ner din aluminiu, feronerie \u0219i clem\u0103 de buzunar. Butonul definitoriu de tragere montat \u00een partea de sus permite desf\u0103\u0219urarea \u0219i retragerea intuitiv\u0103, ambidextr\u0103 a lamei cu o mi\u0219care natural\u0103 a degetului mare.<\/p>\n<h3>Buton de tragere montat \u00een partea de sus<\/h3>\n<p>Spre deosebire de cu\u021bitele OTF cu tragere lateral\u0103, butonul montat pe capac al lui Dirac Delta permite o ap\u0103sare natural\u0103, intuitiv\u0103 cu degetul mare pentru desf\u0103\u0219urarea \u0219i retragerea lamei. Designul permite o func\u021bionare ambidextr\u0103 real\u0103, f\u0103r\u0103 a repozi\u021biona m\u00e2na.<\/p>\n<h3>\u0218asiu ergonomic inspirat de HALO<\/h3>\n<p>\u0218asiul lui Dirac Delta prezint\u0103 linii curbe inspirate de legendarul Microtech HALO, cre\u00e2nd o senza\u021bie distinctiv\u0103 \u00een m\u00e2n\u0103, care \u00eel diferen\u021biaz\u0103 de modelele tradi\u021bionale OTF cu laturi drepte.<\/p>\n<h3>DLC Shadow Finish<\/h3>\n<p>Acoperirea complet\u0103 de carbon asem\u0103n\u0103tor cu diamant pe toate suprafe\u021bele ofer\u0103 duritate extrem\u0103, rezisten\u021b\u0103 la uzur\u0103 \u0219i o estetic\u0103 elegant\u0103 \u00eennegrit\u0103. Finisajul DLC adaug\u0103, de asemenea, un strat de protec\u021bie \u00eempotriva coroziunii dincolo de o\u021belul M390MK deja rezistent.<\/p>\n<h3>Componente premium<\/h3>\n<ul>\n<li>Lam\u0103 de pumnal Bohler M390MK cu dou\u0103 t\u0103i\u0219uri cu acoperire DLC<\/li>\n<li>M\u00e2ner din aluminiu 6061-T6 cu finisaj DLC Shadow<\/li>\n<li>hardware acoperit cu DLC \u0219i clem\u0103 de buzunar<\/li>\n<li>Buton de tragere montat \u00een partea de sus pentru func\u021bionare ambidextr\u0103<\/li>\n<li>Sp\u0103rg\u0103tor de sticl\u0103 integrat<\/li>\n<li>Desemnarea seriei semn\u0103turi<\/li>\n<\/ul>\n<h3>Specifica\u021bii<\/h3>\n<table class=\"shop_attributes\">\n<tbody>\n<tr>\n<td><strong>Tip<\/strong><\/td>\n<td>Automat \u00een fa\u021b\u0103<\/td>\n<\/tr>\n<tr>\n<td><strong>Lungimea lamei<\/strong><\/td>\n<td>3,79&#8243;<\/td>\n<\/tr>\n<tr>\n<td><strong>Lungimea total\u0103<\/strong><\/td>\n<td>9,40&#8243;<\/td>\n<\/tr>\n<tr>\n<td><strong>Lungimea m\u00e2nerului<\/strong><\/td>\n<td>5,50&#8243;<\/td>\n<\/tr>\n<tr>\n<td><strong>Blade Steel<\/strong><\/td>\n<td>Bohler M390MK (acoperit DLC)<\/td>\n<\/tr>\n<tr>\n<td><strong>Material pentru m\u00e2ner<\/strong><\/td>\n<td>Aluminiu 6061-T6 (DLC Shadow)<\/td>\n<\/tr>\n<tr>\n<td><strong>Greutate<\/strong><\/td>\n<td>4,60 oz<\/td>\n<\/tr>\n<tr>\n<td><strong>Stil lam\u0103<\/strong><\/td>\n<td>Pumnal\/Mu\u0219c\u0103 dubl\u0103 (D\/E)<\/td>\n<\/tr>\n<tr>\n<td><strong>Finisajul lamei<\/strong><\/td>\n<td>DLC Shadow<\/td>\n<\/tr>\n<tr>\n<td><strong>Hardware<\/strong><\/td>\n<td>Acoperit DLC<\/td>\n<\/tr>\n<tr>\n<td><strong>Tipul marginii<\/strong><\/td>\n<td>Clar<\/td>\n<\/tr>\n<tr>\n<td><strong>Seria<\/strong><\/td>\n<td>Seria de semn\u0103turi<\/td>\n<\/tr>\n<tr>\n<td><strong>\u021aara de origine<\/strong><\/td>\n<td>SUA<\/td>\n<\/tr>\n<\/tbody>\n","protected":false},"excerpt":{"rendered":"<p>Dirac Delta Signature Series OTF automat cu finisaj complet DLC Shadow \u2013 lam\u0103 de pumnal M390MK cu dou\u0103 t\u0103i\u0219uri acoperite cu DLC \u0219i m\u00e2ner din aluminiu DLC. Buton de tragere montat \u00een partea de sus. Lam\u0103 de 3,79 inchi, 9,40 inchi total, 4,6 oz.<\/p>\n","protected":false},"featured_media":732780,"template":"","meta":{"_acf_changed":false},"product_brand":[15528],"product_cat":[16006,15353],"product_tag":[],"class_list":{"0":"post-732779","1":"product","2":"type-product","3":"status-publish","4":"has-post-thumbnail","6":"product_brand-microtech","7":"product_cat-otf-knives-ro","8":"product_cat-knives-sl","10":"first","11":"outofstock","12":"taxable","13":"shipping-taxable","14":"purchasable","15":"product-type-simple"},"acf":[],"_links":{"self":[{"href":"https:\/\/nbg.eu\/ro\/wp-json\/wp\/v2\/product\/732779","targetHints":{"allow":["GET"]}}],"collection":[{"href":"https:\/\/nbg.eu\/ro\/wp-json\/wp\/v2\/product"}],"about":[{"href":"https:\/\/nbg.eu\/ro\/wp-json\/wp\/v2\/types\/product"}],"wp:featuredmedia":[{"embeddable":true,"href":"https:\/\/nbg.eu\/ro\/wp-json\/wp\/v2\/media\/732780"}],"wp:attachment":[{"href":"https:\/\/nbg.eu\/ro\/wp-json\/wp\/v2\/media?parent=732779"}],"wp:term":[{"taxonomy":"product_brand","embeddable":true,"href":"https:\/\/nbg.eu\/ro\/wp-json\/wp\/v2\/product_brand?post=732779"},{"taxonomy":"product_cat","embeddable":true,"href":"https:\/\/nbg.eu\/ro\/wp-json\/wp\/v2\/product_cat?post=732779"},{"taxonomy":"product_tag","embeddable":true,"href":"https:\/\/nbg.eu\/ro\/wp-json\/wp\/v2\/product_tag?post=732779"}],"curies":[{"name":"wp","href":"https:\/\/api.w.org\/{rel}","templated":true}]}}