{"id":732783,"date":"2026-03-13T17:33:20","date_gmt":"2026-03-13T14:33:20","guid":{"rendered":"https:\/\/nbg.eu\/product\/microtech-6-utility-knife-stonewash-titanium-bolster-black-g-10\/"},"modified":"2026-03-16T13:01:36","modified_gmt":"2026-03-16T10:01:36","slug":"microtech-6-utility-knife-stonewash-titanium-bolster-black-g-10","status":"publish","type":"product","link":"https:\/\/nbg.eu\/ro\/produs\/microtech-6-utility-knife-stonewash-titanium-bolster-black-g-10\/","title":{"rendered":"Cu\u021bit utilitar Microtech 6&#8243; Stonewash Titanium Bolster Black G-10"},"content":{"rendered":"<h2>Prezentare general\u0103<\/h2>\n<p>Cu\u021bitul utilitar Microtech de 6 inchi aduce aceea\u0219i calitate f\u0103r\u0103 compromisuri \u0219i inginerie de precizie g\u0103sit\u0103 \u00een cu\u021bitele tactice de la Microtech \u00een lumea culinar\u0103. Acest cu\u021bit utilitar face o punte \u00eentre un cu\u021bit de toalet\u0103 \u0219i un cu\u021bit de buc\u0103tar cu M390MK sub\u021bire, dar robust, de 6 inci, M390MK, fructele \u0219i legumele bune sunt perfecte pentru coacere, fructe \u0219i legume. prea mare pentru cu\u021bite mai mici Finisajul stonewash ofer\u0103 o suprafa\u021b\u0103 sigur\u0103 pentru alimente, cu o rezisten\u021b\u0103 excelent\u0103 la coroziune, \u00een timp ce suporturile din titan \u0219i m\u00e2nerul negru G-10 ofer\u0103 o prindere de calitate profesional\u0103 care r\u0103m\u00e2ne sigur\u0103 chiar \u0219i atunci c\u00e2nd sunt umede.<\/p>\n<h3>Lama culinar\u0103 M390MK<\/h3>\n<p>Acela\u0219i o\u021bel Bohler M390MK folosit \u00een cu\u021bitele tactice Microtech ofer\u0103 o re\u021binere a t\u0103i\u0219urilor ascu\u021bite, o rezisten\u021b\u0103 excep\u021bional\u0103 la coroziune \u0219i o ascu\u021bire u\u0219oar\u0103 pentru ani de utilizare profesional\u0103 \u00een buc\u0103t\u0103rie.<\/p>\n<h3>Construc\u021bie de suport din titan<\/h3>\n<p>B\u0103ncile de titan 6AL-4V sablate cu m\u0103rgele ofer\u0103 o senza\u021bie confortabil\u0103, echilibrat\u0103, cu o tranzi\u021bie natural\u0103 \u00eentre m\u00e2ner \u0219i lam\u0103. Titanul nu adaug\u0103 practic nicio greutate, oferind \u00een acela\u0219i timp o durabilitate excep\u021bional\u0103.<\/p>\n<h3>C\u00e2ntar cu m\u00e2ner G-10<\/h3>\n<p>C\u00e2ntarul negru cu m\u00e2ner compozit G-10 este impermeabil la umiditate, c\u0103ldur\u0103 \u0219i substan\u021be chimice g\u0103site \u00een buc\u0103t\u0103riile profesionale, asigur\u00e2nd o suprafa\u021b\u0103 de prindere igien\u0103 \u0219i durabil\u0103.<\/p>\n<h3>Componente premium<\/h3>\n<ul>\n<li>Lam\u0103 Bohler M390MK cu \u0219lefuire plat\u0103 \u0219i finisaj stonewash<\/li>\n<li>Bloturi din titan 6AL-4V sablat cu m\u0103rgele<\/li>\n<li>C\u00e2ntar negru cu m\u00e2ner G-10<\/li>\n<li>Construc\u021bie rezistent\u0103 la coroziune, sigur\u0103 pentru alimente<\/li>\n<li>Garan\u021bie pe via\u021b\u0103<\/li>\n<\/ul>\n<h3>Specifica\u021bii<\/h3>\n<table class=\"shop_attributes\">\n<tbody>\n<tr>\n<td><strong>Tip<\/strong><\/td>\n<td>Lama fix\u0103 (culinar\u0103)<\/td>\n<\/tr>\n<tr>\n<td><strong>Lungimea lamei<\/strong><\/td>\n<td>6.00&#8243;<\/td>\n<\/tr>\n<tr>\n<td><strong>Lungimea total\u0103<\/strong><\/td>\n<td>10,54&#8243;<\/td>\n<\/tr>\n<tr>\n<td><strong>Blade Steel<\/strong><\/td>\n<td>Bohler M390MK<\/td>\n<\/tr>\n<tr>\n<td><strong>Finisajul lamei<\/strong><\/td>\n<td>Stonewash<\/td>\n<\/tr>\n<tr>\n<td><strong>Blade Grind<\/strong><\/td>\n<td>Plat<\/td>\n<\/tr>\n<tr>\n<td><strong>Material pentru m\u00e2ner<\/strong><\/td>\n<td>G-10 negru cu suporturi din titan<\/td>\n<\/tr>\n<tr>\n<td><strong>Material de suport<\/strong><\/td>\n<td>Titan 6AL-4V sablat cu m\u0103rgele<\/td>\n<\/tr>\n<tr>\n<td><strong>Greutate<\/strong><\/td>\n<td>4,54 oz<\/td>\n<\/tr>\n<tr>\n<td><strong>\u021aara de origine<\/strong><\/td>\n<td>SUA<\/td>\n<\/tr>\n<\/tbody>\n","protected":false},"excerpt":{"rendered":"<p>Cu\u021bit utilitar culinar Microtech de 6 inchi cu lam\u0103 stonewash M390MK, suporturi din titan \u0219i m\u00e2ner negru G-10. Reduce diferen\u021ba dintre toalet\u0103 \u0219i cu\u021bitul de buc\u0103tar. Lam\u0103 de 6,00 inchi, 10,54 inchi total, 4,54 oz.<\/p>\n","protected":false},"featured_media":732784,"template":"","meta":{"_acf_changed":false},"product_brand":[15528],"product_cat":[15869,15353],"product_tag":[],"class_list":{"0":"post-732783","1":"product","2":"type-product","3":"status-publish","4":"has-post-thumbnail","6":"product_brand-microtech","7":"product_cat-fixed-blade-knives-ro","8":"product_cat-knives-sl","10":"first","11":"outofstock","12":"taxable","13":"shipping-taxable","14":"purchasable","15":"product-type-simple"},"acf":[],"_links":{"self":[{"href":"https:\/\/nbg.eu\/ro\/wp-json\/wp\/v2\/product\/732783","targetHints":{"allow":["GET"]}}],"collection":[{"href":"https:\/\/nbg.eu\/ro\/wp-json\/wp\/v2\/product"}],"about":[{"href":"https:\/\/nbg.eu\/ro\/wp-json\/wp\/v2\/types\/product"}],"wp:featuredmedia":[{"embeddable":true,"href":"https:\/\/nbg.eu\/ro\/wp-json\/wp\/v2\/media\/732784"}],"wp:attachment":[{"href":"https:\/\/nbg.eu\/ro\/wp-json\/wp\/v2\/media?parent=732783"}],"wp:term":[{"taxonomy":"product_brand","embeddable":true,"href":"https:\/\/nbg.eu\/ro\/wp-json\/wp\/v2\/product_brand?post=732783"},{"taxonomy":"product_cat","embeddable":true,"href":"https:\/\/nbg.eu\/ro\/wp-json\/wp\/v2\/product_cat?post=732783"},{"taxonomy":"product_tag","embeddable":true,"href":"https:\/\/nbg.eu\/ro\/wp-json\/wp\/v2\/product_tag?post=732783"}],"curies":[{"name":"wp","href":"https:\/\/api.w.org\/{rel}","templated":true}]}}